{"id":7554,"date":"2025-11-20T19:20:04","date_gmt":"2025-11-20T19:20:04","guid":{"rendered":"https:\/\/abrasivoparainox.com.br\/?post_type=product&#038;p=7554"},"modified":"2025-11-20T19:20:04","modified_gmt":"2025-11-20T19:20:04","slug":"escova-de-nylon-abrasiva-76mm-120-branca","status":"publish","type":"product","link":"https:\/\/abrasivoparainox.com.br\/?product=escova-de-nylon-abrasiva-76mm-120-branca","title":{"rendered":"Escova de Nylon Abrasiva 76mm #120 Branca"},"content":{"rendered":"<div class=\"desc-1\">\n<h2 class=\"tit-desc1 font-4\" style=\"text-align: center;\">Sobre o Produto<\/h2>\n<div class=\"inner-desc1 font-2\" style=\"text-align: center;\">\n<p>A Escova de Nylon Abrasiva Suryha \u00e9 ideal para uma ampla gama de aplica\u00e7\u00f5es, incluindo remo\u00e7\u00e3o de ferrugem, rebarba\u00e7\u00e3o e prepara\u00e7\u00e3o de superf\u00edcies para pintura. Com suas cerdas abrasivas de nylon de alta resist\u00eancia, ela proporciona um desgaste controlado e um acabamento uniforme, sem danificar o material. Indicada para metais, madeira, pl\u00e1sticos e outros materiais, essa escova \u00e9 uma escolha vers\u00e1til e eficiente para trabalhos de limpeza, polimento e acabamento de superf\u00edcies.<\/p>\n<p>Principais caracter\u00edsticas:<\/p>\n<p>Cerdas de nylon abrasivo: Oferece desgaste controlado, garantindo uma vida \u00fatil prolongada e acabamento uniforme.<\/p>\n<p>Vers\u00e1til: Ideal para remo\u00e7\u00e3o de ferrugem, rebarba\u00e7\u00e3o e prepara\u00e7\u00e3o de superf\u00edcies.<\/p>\n<p>Protege o material: Suave o suficiente para evitar danos ao substrato, mas eficaz na remo\u00e7\u00e3o de impurezas.<\/p>\n<p>A Escova de Nylon Abrasiva Suryha \u00e9 a ferramenta perfeita para quem busca efici\u00eancia e qualidade no acabamento de diversas superf\u00edcies.<\/p>\n<p>RPM M\u00e1ximo: 10.000<\/p>\n<p>RPM Recomendado: 7.500<\/p>\n<p>&nbsp;<\/p>\n<\/div>\n<\/div>\n<div class=\"desc-2\">\n<h2 class=\"tit-desc2 font-4\" style=\"text-align: center;\">V\u00eddeo do Produto<\/h2>\n<div class=\"wrap-video\">\n<div class=\"wrap-video2\">\n<div class=\"video\" style=\"text-align: center;\"><iframe src=\"https:\/\/www.youtube.com\/embed\/uS7wMXoRX-E\" width=\"560\" height=\"315\" frameborder=\"0\" allowfullscreen=\"allowfullscreen\" data-mce-fragment=\"1\"><\/iframe><\/div>\n<\/div>\n<\/div>\n<\/div>\n","protected":false},"excerpt":{"rendered":"<p>Sobre o Produto A Escova de Nylon Abrasiva Suryha \u00e9 ideal para uma ampla gama de aplica\u00e7\u00f5es, incluindo remo\u00e7\u00e3o de ferrugem, rebarba\u00e7\u00e3o e prepara\u00e7\u00e3o de superf\u00edcies para pintura. Com suas cerdas abrasivas de nylon de alta resist\u00eancia, ela proporciona um desgaste controlado e um acabamento uniforme, sem danificar o material. Indicada para metais, madeira, pl\u00e1sticos [&hellip;]<\/p>\n","protected":false},"featured_media":7551,"template":"","meta":[],"product_brand":[],"product_cat":[71,90],"product_tag":[],"class_list":{"0":"post-7554","1":"product","2":"type-product","3":"status-publish","4":"has-post-thumbnail","6":"product_cat-abrasivos-e-polimento","7":"product_cat-escovas","9":"first","10":"instock","11":"shipping-taxable","12":"purchasable","13":"product-type-simple"},"_links":{"self":[{"href":"https:\/\/abrasivoparainox.com.br\/index.php?rest_route=\/wp\/v2\/product\/7554","targetHints":{"allow":["GET"]}}],"collection":[{"href":"https:\/\/abrasivoparainox.com.br\/index.php?rest_route=\/wp\/v2\/product"}],"about":[{"href":"https:\/\/abrasivoparainox.com.br\/index.php?rest_route=\/wp\/v2\/types\/product"}],"wp:featuredmedia":[{"embeddable":true,"href":"https:\/\/abrasivoparainox.com.br\/index.php?rest_route=\/wp\/v2\/media\/7551"}],"wp:attachment":[{"href":"https:\/\/abrasivoparainox.com.br\/index.php?rest_route=%2Fwp%2Fv2%2Fmedia&parent=7554"}],"wp:term":[{"taxonomy":"product_brand","embeddable":true,"href":"https:\/\/abrasivoparainox.com.br\/index.php?rest_route=%2Fwp%2Fv2%2Fproduct_brand&post=7554"},{"taxonomy":"product_cat","embeddable":true,"href":"https:\/\/abrasivoparainox.com.br\/index.php?rest_route=%2Fwp%2Fv2%2Fproduct_cat&post=7554"},{"taxonomy":"product_tag","embeddable":true,"href":"https:\/\/abrasivoparainox.com.br\/index.php?rest_route=%2Fwp%2Fv2%2Fproduct_tag&post=7554"}],"curies":[{"name":"wp","href":"https:\/\/api.w.org\/{rel}","templated":true}]}}