{"id":7544,"date":"2025-11-20T17:44:05","date_gmt":"2025-11-20T17:44:05","guid":{"rendered":"https:\/\/abrasivoparainox.com.br\/?post_type=product&#038;p=7544"},"modified":"2025-11-20T17:44:22","modified_gmt":"2025-11-20T17:44:22","slug":"roda-de-manta-115-x-20-m14-grao-medio-suryha","status":"publish","type":"product","link":"https:\/\/abrasivoparainox.com.br\/?product=roda-de-manta-115-x-20-m14-grao-medio-suryha","title":{"rendered":"Roda de Manta 115 x 20 M14 Gr\u00e3o M\u00e9dio | Suryha"},"content":{"rendered":"<div class=\"desc-1\">\n<h2 class=\"tit-desc1 font-4\">Sobre o Produto<\/h2>\n<div class=\"inner-desc1 font-2\">\n<p>As Rodas 115 x 20 Manta M\u00e9dia Suryha s\u00e3o constitu\u00eddas de lamelas de manta abrasiva que s\u00e3o dispostas radialmente em torno do eixo da ferramenta em uma estrutura do tipo ventilador.<\/p>\n<p>Elas s\u00e3o utilizadas nos processos de acabamento escovado, baixar rugosidade em acessos dif\u00edceis e prepara\u00e7\u00e3o de superf\u00edcies para polimento. As Rodas 115 x 20 Suryha possuem encaixe rosca M14.<\/p>\n<\/div>\n<\/div>\n<div class=\"desc-1\">\n<h2 class=\"tit-desc1 font-4\">Recomenda\u00e7\u00f5es<\/h2>\n<div class=\"inner-desc1 font-2\">\n<p>Utilize sempre EPI! \u00c9 indispens\u00e1vel o uso de prote\u00e7\u00e3o nas m\u00e1quinas para se trabalhar. Utilize m\u00e1quinas com controle de velocidade para evitar acidentes!<\/p>\n<p>Rpm ideal 2800 e m\u00e1ximo 3.700<\/p>\n<p>Rodas de lixas 115&#215;20 para esmerilhadeiras angulares atingem seu melhor desempenho na velocidade recomendada.<\/p>\n<\/div>\n<\/div>\n","protected":false},"excerpt":{"rendered":"<p>Sobre o Produto As Rodas 115 x 20 Manta M\u00e9dia Suryha s\u00e3o constitu\u00eddas de lamelas de manta abrasiva que s\u00e3o dispostas radialmente em torno do eixo da ferramenta em uma estrutura do tipo ventilador. Elas s\u00e3o utilizadas nos processos de acabamento escovado, baixar rugosidade em acessos dif\u00edceis e prepara\u00e7\u00e3o de superf\u00edcies para polimento. As Rodas [&hellip;]<\/p>\n","protected":false},"featured_media":7545,"template":"","meta":[],"product_brand":[],"product_cat":[71,59],"product_tag":[],"class_list":{"0":"post-7544","1":"product","2":"type-product","3":"status-publish","4":"has-post-thumbnail","6":"product_cat-abrasivos-e-polimento","7":"product_cat-rodas-de-lixa","9":"first","10":"instock","11":"shipping-taxable","12":"purchasable","13":"product-type-simple"},"_links":{"self":[{"href":"https:\/\/abrasivoparainox.com.br\/index.php?rest_route=\/wp\/v2\/product\/7544","targetHints":{"allow":["GET"]}}],"collection":[{"href":"https:\/\/abrasivoparainox.com.br\/index.php?rest_route=\/wp\/v2\/product"}],"about":[{"href":"https:\/\/abrasivoparainox.com.br\/index.php?rest_route=\/wp\/v2\/types\/product"}],"wp:featuredmedia":[{"embeddable":true,"href":"https:\/\/abrasivoparainox.com.br\/index.php?rest_route=\/wp\/v2\/media\/7545"}],"wp:attachment":[{"href":"https:\/\/abrasivoparainox.com.br\/index.php?rest_route=%2Fwp%2Fv2%2Fmedia&parent=7544"}],"wp:term":[{"taxonomy":"product_brand","embeddable":true,"href":"https:\/\/abrasivoparainox.com.br\/index.php?rest_route=%2Fwp%2Fv2%2Fproduct_brand&post=7544"},{"taxonomy":"product_cat","embeddable":true,"href":"https:\/\/abrasivoparainox.com.br\/index.php?rest_route=%2Fwp%2Fv2%2Fproduct_cat&post=7544"},{"taxonomy":"product_tag","embeddable":true,"href":"https:\/\/abrasivoparainox.com.br\/index.php?rest_route=%2Fwp%2Fv2%2Fproduct_tag&post=7544"}],"curies":[{"name":"wp","href":"https:\/\/api.w.org\/{rel}","templated":true}]}}