{"id":6126,"date":"2022-07-26T15:50:37","date_gmt":"2022-07-26T18:50:37","guid":{"rendered":"https:\/\/abrasivoparainox.com.br\/?post_type=product&amp;p=6126"},"modified":"2022-07-26T15:50:37","modified_gmt":"2022-07-26T18:50:37","slug":"roda-150x50-manta-25-grao-fino-wavy-suryha","status":"publish","type":"product","link":"https:\/\/abrasivoparainox.com.br\/?product=roda-150x50-manta-25-grao-fino-wavy-suryha","title":{"rendered":"Roda 150&#215;50 Manta 25 Gr\u00e3o Fino Wavy &#8211; Suryha"},"content":{"rendered":"<p>A disposi\u00e7\u00e3o da manta ao redor do eixo permite o acabamento acetinado mesmo de superf\u00edcies muito grandes, escondendo sinais do passado. A estrutura ondulada espec\u00edfica (tecnologia Wavy Suryha) da manta abrasiva deixa um acabamento homog\u00eaneo e sem sombras, mesmo em superf\u00edcies mais largas.<\/p>\n","protected":false},"excerpt":{"rendered":"<p>Na Roda 150&#215;50 Manta 25 Gr\u00e3o Fino Wavy, a disposi\u00e7\u00e3o da manta ao redor do eixo permite o acabamento acetinado mesmo de superf\u00edcies muito grandes, escondendo sinais do passado.<\/p>\n","protected":false},"featured_media":6127,"template":"","meta":[],"product_brand":[],"product_cat":[71],"product_tag":[],"class_list":{"0":"post-6126","1":"product","2":"type-product","3":"status-publish","4":"has-post-thumbnail","6":"product_cat-abrasivos-e-polimento","8":"first","9":"instock","10":"shipping-taxable","11":"purchasable","12":"product-type-simple"},"_links":{"self":[{"href":"https:\/\/abrasivoparainox.com.br\/index.php?rest_route=\/wp\/v2\/product\/6126","targetHints":{"allow":["GET"]}}],"collection":[{"href":"https:\/\/abrasivoparainox.com.br\/index.php?rest_route=\/wp\/v2\/product"}],"about":[{"href":"https:\/\/abrasivoparainox.com.br\/index.php?rest_route=\/wp\/v2\/types\/product"}],"wp:featuredmedia":[{"embeddable":true,"href":"https:\/\/abrasivoparainox.com.br\/index.php?rest_route=\/wp\/v2\/media\/6127"}],"wp:attachment":[{"href":"https:\/\/abrasivoparainox.com.br\/index.php?rest_route=%2Fwp%2Fv2%2Fmedia&parent=6126"}],"wp:term":[{"taxonomy":"product_brand","embeddable":true,"href":"https:\/\/abrasivoparainox.com.br\/index.php?rest_route=%2Fwp%2Fv2%2Fproduct_brand&post=6126"},{"taxonomy":"product_cat","embeddable":true,"href":"https:\/\/abrasivoparainox.com.br\/index.php?rest_route=%2Fwp%2Fv2%2Fproduct_cat&post=6126"},{"taxonomy":"product_tag","embeddable":true,"href":"https:\/\/abrasivoparainox.com.br\/index.php?rest_route=%2Fwp%2Fv2%2Fproduct_tag&post=6126"}],"curies":[{"name":"wp","href":"https:\/\/api.w.org\/{rel}","templated":true}]}}