{"id":6096,"date":"2022-07-19T18:26:27","date_gmt":"2022-07-19T21:26:27","guid":{"rendered":"https:\/\/abrasivoparainox.com.br\/?post_type=product&amp;p=6096"},"modified":"2022-07-19T18:26:27","modified_gmt":"2022-07-19T21:26:27","slug":"estilete-de-seguranca-secupro-maxisafe-martor","status":"publish","type":"product","link":"https:\/\/abrasivoparainox.com.br\/?product=estilete-de-seguranca-secupro-maxisafe-martor","title":{"rendered":"Estilete de Seguran\u00e7a Secupro Maxisafe &#8211; Martor"},"content":{"rendered":"<section class=\"inner-conteudo\">\n<div class=\"cont-produto2\">\n<div class=\"desc-1\">\n<h2 class=\"tit-desc1 font-4\" style=\"text-align: center;\">ESTILETE DE SEGURAN\u00c7A MARTOR<\/h2>\n<div class=\"inner-desc1 font-2\">\n<p>Linha Martor de estiletes de seguran\u00e7a de alta qualidade e tesoura de seguran\u00e7a para maior seguran\u00e7a de corte. As t\u00e9cnicas de seguran\u00e7a incorporadas nos cortadores de seguran\u00e7a Martor incluem:<\/p>\n<p>SECUMAX &#8211; L\u00e2mina oculta com prote\u00e7\u00e3o m\u00e1xima do trabalho;<\/p>\n<p>SECUPRO &#8211; Estilete retr\u00e1til autom\u00e1tico com prote\u00e7\u00e3o de trabalho muito elevada;<\/p>\n<p>SECUNORM &#8211; Estilete retr\u00e1til com prote\u00e7\u00e3o de trabalho elevada.<\/p>\n<p>As ferramentas de corte profissionais contribuem para aumentar a seguran\u00e7a no trabalho e reduzir as les\u00f5es de corte, tornando uma parte importante do equipamento de prote\u00e7\u00e3o pessoal na ind\u00fastria, varejo, log\u00edstica e com\u00e9rcio.<\/p>\n<p>&nbsp;<\/p>\n<\/div>\n<\/div>\n<div class=\"desc-1\">\n<h2 class=\"tit-desc1 font-4\" style=\"text-align: center;\">SOBRE O PRODUTO<\/h2>\n<div class=\"inner-desc1 font-2\">\n<p>A Arsystem apresenta o Estilete de Seguran\u00e7a SECUPRO MAXISAFE da Martor com retra\u00e7\u00e3o totalmente autom\u00e1tica da l\u00e2mina. Gra\u00e7as a longa extens\u00e3o da sua l\u00e2mina, ele domina at\u00e9 mesmo papel\u00f5es com 3 camadas e, dependendo do formato da l\u00e2mina instalada, tamb\u00e9m todos os outros materiais, como carpetes ou pel\u00edculas. Al\u00e9m disso, o seu manuseio proporciona o m\u00e1ximo conforto para destros e canhotos.<\/p>\n<\/div>\n<\/div>\n<div class=\"desc-4\">\n<div class=\"img-desc4\"><img decoding=\"async\" class=\"alignright\" src=\"https:\/\/www.arsystem.com.br\/storage\/produtosBlocos\/imagens\/cutter-de-seguranca-martor-q7n.png?v=1540997702\" alt=\"L\u00c2MINA 2 VEZES REUTILIZ\u00c1VEL\" \/><\/div>\n<div class=\"inner-desc4\">\n<h2 class=\"tit-desc4 font-4\">L\u00c2MINA 2 VEZES REUTILIZ\u00c1VEL<\/h2>\n<div class=\"bloco-desc font-2\">\n<p>Antes de precisar substituir a l\u00e2mina de qualidade, voc\u00ea pode vir\u00e1-la uma vez. Isso duplica o tempo de uso da l\u00e2mina \u2013 e reduz o seu esfor\u00e7o. Pois o seu produto volta a cortar como novo.<\/p>\n<\/div>\n<\/div>\n<\/div>\n<div class=\"desc-5\">\n<div class=\"img-desc5\"><img decoding=\"async\" class=\"alignleft\" src=\"https:\/\/www.arsystem.com.br\/storage\/produtosBlocos\/imagens\/cutter-de-seguranca-ecq.png?v=1540997702\" alt=\"METAL NA FRENTE\" \/><\/div>\n<div class=\"inner-desc5\">\n<h2><\/h2>\n<h2 class=\"tit-desc5 font-4\">METAL NA FRENTE<\/h2>\n<div class=\"bloco-desc font-2\">\n<p>Com o SECUPRO MAXISAFE voc\u00ea n\u00e3o precisa evitar qualquer &#8220;atrito&#8221;. Pelo contr\u00e1rio: com a prote\u00e7\u00e3o met\u00e1lica contra abras\u00e3o na ranhura da l\u00e2mina, ele tamb\u00e9m est\u00e1 preparado para aplica\u00e7\u00f5es mais exigentes.<\/p>\n<\/div>\n<\/div>\n<\/div>\n<div class=\"desc-4\">\n<div class=\"img-desc4\"><img decoding=\"async\" class=\"alignright\" src=\"https:\/\/www.arsystem.com.br\/storage\/produtosBlocos\/imagens\/martor-g9w.png?v=1540997702\" alt=\"BASTA PRESSIONAR UM BOT\u00c3O\" \/><\/div>\n<div class=\"inner-desc4\">\n<h2><\/h2>\n<h2 class=\"tit-desc4 font-4\">BASTA PRESSIONAR UM BOT\u00c3O<\/h2>\n<div class=\"bloco-desc font-2\">\n<p>Para a substitui\u00e7\u00e3o da l\u00e2mina bastam as suas duas m\u00e3os. E este guia r\u00e1pido: voc\u00ea pressiona o bot\u00e3o de substitui\u00e7\u00e3o da l\u00e2mina e abre o cabo, empurra o suporte da l\u00e2mina para frente e substitui a l\u00e2mina. Simples assim.<\/p>\n<\/div>\n<\/div>\n<\/div>\n<div class=\"desc-5\">\n<div class=\"img-desc5\"><img decoding=\"async\" class=\"alignleft\" src=\"https:\/\/www.arsystem.com.br\/storage\/produtosBlocos\/imagens\/estilete-de-seguranca-martor-ny3.png?v=1540997702\" alt=\"CONTROLE DESLIZANTE TRILATERAL\" \/><\/div>\n<div class=\"inner-desc5\">\n<h2 class=\"tit-desc5 font-4\">CONTROLE DESLIZANTE TRILATERAL<\/h2>\n<div class=\"bloco-desc font-2\">\n<p>Com a m\u00e3o direita? Com a esquerda? Por cima? N\u00e3o importa como voc\u00ea quer acionar a l\u00e2mina \u2013 o SECUPRO MAXISAFE oferece a voc\u00ea todas as possibilidades. Mais ainda: agora, o controle deslizante trilateral \u00e9 equipado com sulcos antideslizantes.<\/p>\n<\/div>\n<\/div>\n<\/div>\n<div class=\"desc-4\">\n<div class=\"img-desc4\"><img decoding=\"async\" class=\"alignright\" src=\"https:\/\/www.arsystem.com.br\/storage\/produtosBlocos\/imagens\/estilete-de-seguranca-vv5.png?v=1540997702\" alt=\"CABO ERGON\u00d4MICO\" \/><\/div>\n<div class=\"inner-desc4\">\n<h2 class=\"tit-desc4 font-4\">CABO ERGON\u00d4MICO<\/h2>\n<div class=\"bloco-desc font-2\">\n<p>Sobretudo o novo formato do dorso do cortador assegura que o cabo de pl\u00e1stico fique ainda melhor encaixado na sua m\u00e3o. Acrescente a isso as otimiza\u00e7\u00f5es no controle deslizante e no bot\u00e3o de substitui\u00e7\u00e3o da l\u00e2mina: assim, \u00e9 poss\u00edvel trabalhar de modo eficaz.<\/p>\n<\/div>\n<\/div>\n<\/div>\n<div class=\"desc-2\">\n<h2><\/h2>\n<h2 class=\"tit-desc2 font-4\" style=\"text-align: center;\">V\u00cdDEO DO PRODUTO<\/h2>\n<div class=\"wrap-video\">\n<div class=\"wrap-video2\">\n<div class=\"video\" style=\"text-align: center;\"><iframe src=\"https:\/\/www.youtube.com\/embed\/KKUcR7BlKos\" width=\"560\" height=\"315\" frameborder=\"0\" allowfullscreen=\"allowfullscreen\" data-mce-fragment=\"1\"><\/iframe><\/div>\n<\/div>\n<\/div>\n<\/div>\n<\/div>\n<\/section>\n<section class=\"bloco-home\">\n<div class=\"div-titext\"><\/div>\n<\/section>\n","protected":false},"excerpt":{"rendered":"<p>ESTILETE DE SEGURAN\u00c7A MARTOR Linha Martor de estiletes de seguran\u00e7a de alta qualidade e tesoura de seguran\u00e7a para maior seguran\u00e7a de corte. As t\u00e9cnicas de seguran\u00e7a incorporadas nos cortadores de seguran\u00e7a Martor incluem: SECUMAX &#8211; L\u00e2mina oculta com prote\u00e7\u00e3o m\u00e1xima do trabalho; SECUPRO &#8211; Estilete retr\u00e1til autom\u00e1tico com prote\u00e7\u00e3o de trabalho muito elevada; SECUNORM &#8211; [&hellip;]<\/p>\n","protected":false},"featured_media":6097,"template":"","meta":[],"product_brand":[],"product_cat":[39],"product_tag":[],"class_list":{"0":"post-6096","1":"product","2":"type-product","3":"status-publish","4":"has-post-thumbnail","6":"product_cat-estiletes-de-seguranca","8":"first","9":"instock","10":"shipping-taxable","11":"purchasable","12":"product-type-simple"},"_links":{"self":[{"href":"https:\/\/abrasivoparainox.com.br\/index.php?rest_route=\/wp\/v2\/product\/6096","targetHints":{"allow":["GET"]}}],"collection":[{"href":"https:\/\/abrasivoparainox.com.br\/index.php?rest_route=\/wp\/v2\/product"}],"about":[{"href":"https:\/\/abrasivoparainox.com.br\/index.php?rest_route=\/wp\/v2\/types\/product"}],"wp:featuredmedia":[{"embeddable":true,"href":"https:\/\/abrasivoparainox.com.br\/index.php?rest_route=\/wp\/v2\/media\/6097"}],"wp:attachment":[{"href":"https:\/\/abrasivoparainox.com.br\/index.php?rest_route=%2Fwp%2Fv2%2Fmedia&parent=6096"}],"wp:term":[{"taxonomy":"product_brand","embeddable":true,"href":"https:\/\/abrasivoparainox.com.br\/index.php?rest_route=%2Fwp%2Fv2%2Fproduct_brand&post=6096"},{"taxonomy":"product_cat","embeddable":true,"href":"https:\/\/abrasivoparainox.com.br\/index.php?rest_route=%2Fwp%2Fv2%2Fproduct_cat&post=6096"},{"taxonomy":"product_tag","embeddable":true,"href":"https:\/\/abrasivoparainox.com.br\/index.php?rest_route=%2Fwp%2Fv2%2Fproduct_tag&post=6096"}],"curies":[{"name":"wp","href":"https:\/\/api.w.org\/{rel}","templated":true}]}}