{"id":6089,"date":"2022-07-19T18:17:03","date_gmt":"2022-07-19T21:17:03","guid":{"rendered":"https:\/\/abrasivoparainox.com.br\/?post_type=product&amp;p=6089"},"modified":"2022-07-19T18:17:03","modified_gmt":"2022-07-19T21:17:03","slug":"estilete-de-seguranca-secunorm-pro-martor","status":"publish","type":"product","link":"https:\/\/abrasivoparainox.com.br\/?product=estilete-de-seguranca-secunorm-pro-martor","title":{"rendered":"Estilete de Seguran\u00e7a Secunorm Pro &#8211; Martor"},"content":{"rendered":"<section class=\"inner-conteudo\">\n<div class=\"cont-produto2\">\n<div class=\"desc-1\">\n<h2 class=\"tit-desc1 font-4\" style=\"text-align: center;\">ESTILETE DE SEGURAN\u00c7A MARTOR<\/h2>\n<div class=\"inner-desc1 font-2\">\n<p>Linha Martor de estiletes de seguran\u00e7a de alta qualidade e tesoura de seguran\u00e7a para maior seguran\u00e7a de corte. As t\u00e9cnicas de seguran\u00e7a incorporadas nos cortadores de seguran\u00e7a Martor incluem:<\/p>\n<p>SECUMAX &#8211; L\u00e2mina oculta com prote\u00e7\u00e3o m\u00e1xima do trabalho;<\/p>\n<p>SECUPRO &#8211; Estilete retr\u00e1til autom\u00e1tico com prote\u00e7\u00e3o de trabalho muito elevada;<\/p>\n<p>SECUNORM &#8211; Estilete retr\u00e1til com prote\u00e7\u00e3o de trabalho elevada.<\/p>\n<p>As ferramentas de corte profissionais contribuem para aumentar a seguran\u00e7a no trabalho e reduzir as les\u00f5es de corte, tornando uma parte importante do equipamento de prote\u00e7\u00e3o pessoal na ind\u00fastria, varejo, log\u00edstica e com\u00e9rcio.<\/p>\n<\/div>\n<\/div>\n<div class=\"desc-1\">\n<h2 class=\"tit-desc1 font-4\">SOBRE O ESTILETE DE SEGURAN\u00c7A SECUNORM PRO MARTOR<\/h2>\n<div class=\"inner-desc1 font-2\">\n<p>Estilete de Seguran\u00e7a Martor ideal para voc\u00ea. Com um formato atemporal, robusto e de utiliza\u00e7\u00e3o vers\u00e1til. Pioneiro de todos os cortadores de seguran\u00e7a aprovados pela T\u00dcV, o SECUNORM PROFI tem retra\u00e7\u00e3o autom\u00e1tica da l\u00e2mina, contabilizando gera\u00e7\u00f5es de usu\u00e1rios protegidos.<\/p>\n<\/div>\n<\/div>\n<div class=\"desc-1\">\n<h2 class=\"tit-desc1 font-4\" style=\"text-align: center;\">ESPECIFICA\u00c7\u00d5ES T\u00c9CNICAS<\/h2>\n<div class=\"inner-desc1 font-2\">\n<div class=\"div-table\">\n<table class=\"table table-bordered font-2 aligncenter\" style=\"height: 122px;\" width=\"293\">\n<tbody>\n<tr>\n<td>Medidas (C x L x A)<\/td>\n<td>142 x 16 x 31 mm<\/td>\n<\/tr>\n<tr>\n<td>Peso do produto<\/td>\n<td>80 g<\/td>\n<\/tr>\n<tr>\n<td>Profundidade de corte<\/td>\n<td>\u00a019,6 mm<\/td>\n<\/tr>\n<tr>\n<td>Material B\u00e1sico<\/td>\n<td>Alum\u00ednio<\/td>\n<\/tr>\n<\/tbody>\n<\/table>\n<\/div>\n<\/div>\n<\/div>\n<div class=\"desc-4\">\n<div class=\"img-desc4\"><img decoding=\"async\" class=\"alignright\" src=\"https:\/\/www.arsystem.com.br\/storage\/produtosBlocos\/imagens\/aac97d3ab3c1dc10d4590a8c5d271152.png?v=1532091369\" alt=\"ESTILETE COM RETRA\u00c7\u00c3O AUTOM\u00c1TICA DA L\u00c2MINA - ELEVADA SEGURAN\u00c7A\" \/><\/div>\n<div class=\"inner-desc4\">\n<h4 class=\"tit-desc4 font-4\">ESTILETE COM RETRA\u00c7\u00c3O AUTOM\u00c1TICA DA L\u00c2MINA &#8211; ELEVADA SEGURAN\u00c7A<\/h4>\n<div class=\"bloco-desc font-2\">\n<p>A retra\u00e7\u00e3o autom\u00e1tica da l\u00e2mina garante-lhe um elevado n\u00edvel de seguran\u00e7a contra ferimentos de corte. Assim que tiver assumido o posicionamento para o corte, retire o polegar do mecanismo de deslizamento do estilete de seguran\u00e7a Martor. Deste modo, \u00e9 poss\u00edvel que, imediatamente ap\u00f3s ser abandonado o material de corte, a l\u00e2mina volte para dentro do punho.<\/p>\n<\/div>\n<\/div>\n<\/div>\n<div class=\"desc-5\">\n<div class=\"img-desc5\"><img decoding=\"async\" class=\"alignleft\" src=\"https:\/\/www.arsystem.com.br\/storage\/produtosBlocos\/imagens\/fef6c3d584d463c2c337c15a2858cc43.png?v=1525724570\" alt=\"PUNHO ERGON\u00d4MICO\" \/><\/div>\n<div class=\"inner-desc5\">\n<h4 class=\"tit-desc5 font-4\">PUNHO ERGON\u00d4MICO<\/h4>\n<div class=\"bloco-desc font-2\">\n<p>Porque a SECUNORM PROFI \u00e9 desde sempre t\u00e3o popular? P.ex. porque \u00e9 especialmente c\u00f3moda e agrad\u00e1vel na m\u00e3o. Assim, pode executar tamb\u00e9m os seus trabalhos de corte exigentes sem fadiga.<\/p>\n<\/div>\n<\/div>\n<\/div>\n<div class=\"desc-4\">\n<div class=\"img-desc4\"><img decoding=\"async\" class=\"alignright\" src=\"https:\/\/www.arsystem.com.br\/storage\/produtosBlocos\/imagens\/38a7e37c97414b84a4cb6ffbe853f535.png?v=1525724570\" alt=\"VALENTE\" \/><\/div>\n<div class=\"inner-desc4\">\n<h2><\/h2>\n<h2><\/h2>\n<h4 class=\"tit-desc4 font-4\">VALENTE<\/h4>\n<div class=\"bloco-desc font-2\">\n<p>A aplica\u00e7\u00e3o de pl\u00e1stico da SECUNORM PROFI est\u00e1 inserida num punho de alum\u00ednio. A constru\u00e7\u00e3o est\u00e1vel predestina-a a elevadas frequ\u00eancias de corte e a uma longa vida \u00fatil.<\/p>\n<\/div>\n<\/div>\n<\/div>\n<div class=\"desc-5\">\n<div class=\"img-desc5\"><img decoding=\"async\" class=\"alignleft\" src=\"https:\/\/www.arsystem.com.br\/storage\/produtosBlocos\/imagens\/183d177fe91a2b154bd055e888646b36.png?v=1532091494\" alt=\"L\u00c2MINA DUPLAMENTE UTILIZ\u00c1VEL\" \/><\/div>\n<div class=\"inner-desc5\">\n<h4><\/h4>\n<h4 class=\"tit-desc5 font-4\">L\u00c2MINA DUPLAMENTE UTILIZ\u00c1VEL<\/h4>\n<div class=\"bloco-desc font-2\">\n<p>Antes de ter que substituir a l\u00e2mina de qualidade, pode vir\u00e1-la uma vez. Assim, duplicado o tempo de servi\u00e7o da l\u00e2mina \u2013 e reduzido o seu esfor\u00e7o. Pois o seu estilete de seguran\u00e7a volta a cortar como se fosse novo.<\/p>\n<\/div>\n<\/div>\n<\/div>\n<div class=\"desc-4\">\n<div class=\"img-desc4\"><img decoding=\"async\" class=\"alignright\" src=\"https:\/\/www.arsystem.com.br\/storage\/produtosBlocos\/imagens\/f537773b3a27fe4d4732c8b830f42746.png?v=1532091421\" alt=\"ESTILETE COM FIXA\u00c7\u00c3O SEGURA\" \/><\/div>\n<div class=\"inner-desc4\">\n<h4><\/h4>\n<h4 class=\"tit-desc4 font-4\">ESTILETE COM FIXA\u00c7\u00c3O SEGURA<\/h4>\n<div class=\"bloco-desc font-2\">\n<p>O Estilete de Seguran\u00e7a SECUNORM PROFI n\u00e3o o\/a deixa ficar mal. J\u00e1 ao contr\u00e1rio isso n\u00e3o \u00e9 garantido. Simplesmente, passar o fio pelo ilh\u00f3 e deixar a ferramenta de corte pendurada no pulso ou na presilha do cinto.<\/p>\n<\/div>\n<\/div>\n<\/div>\n<div class=\"desc-5\">\n<div class=\"img-desc5\"><img decoding=\"async\" class=\"alignleft\" src=\"https:\/\/www.arsystem.com.br\/storage\/produtosBlocos\/imagens\/1dfb814b5a19e8f789183c298036e092.png?v=1525724570\" alt=\"SEM FERRAMENTAS\" \/><\/div>\n<div class=\"inner-desc5\">\n<h4><\/h4>\n<h4 class=\"tit-desc5 font-4\">SEM FERRAMENTAS<\/h4>\n<div class=\"bloco-desc font-2\">\n<p>Domina rapidamente a substitui\u00e7\u00e3o da l\u00e2mina. No verdadeiro sentido da palavra. Tem apenas de deslizar a aplica\u00e7\u00e3o de pl\u00e1stico para fora do punho e substituir a l\u00e2mina antiga pela nova.<\/p>\n<\/div>\n<\/div>\n<\/div>\n<\/div>\n<\/section>\n<section class=\"bloco-home\">\n<div class=\"div-titext\"><\/div>\n<\/section>\n","protected":false},"excerpt":{"rendered":"<p>Linha Martor de estiletes de seguran\u00e7a de alta qualidade e tesoura de seguran\u00e7a para maior seguran\u00e7a de corte.<\/p>\n","protected":false},"featured_media":6090,"template":"","meta":[],"product_brand":[],"product_cat":[39],"product_tag":[],"class_list":{"0":"post-6089","1":"product","2":"type-product","3":"status-publish","4":"has-post-thumbnail","6":"product_cat-estiletes-de-seguranca","8":"first","9":"instock","10":"shipping-taxable","11":"purchasable","12":"product-type-simple"},"_links":{"self":[{"href":"https:\/\/abrasivoparainox.com.br\/index.php?rest_route=\/wp\/v2\/product\/6089","targetHints":{"allow":["GET"]}}],"collection":[{"href":"https:\/\/abrasivoparainox.com.br\/index.php?rest_route=\/wp\/v2\/product"}],"about":[{"href":"https:\/\/abrasivoparainox.com.br\/index.php?rest_route=\/wp\/v2\/types\/product"}],"wp:featuredmedia":[{"embeddable":true,"href":"https:\/\/abrasivoparainox.com.br\/index.php?rest_route=\/wp\/v2\/media\/6090"}],"wp:attachment":[{"href":"https:\/\/abrasivoparainox.com.br\/index.php?rest_route=%2Fwp%2Fv2%2Fmedia&parent=6089"}],"wp:term":[{"taxonomy":"product_brand","embeddable":true,"href":"https:\/\/abrasivoparainox.com.br\/index.php?rest_route=%2Fwp%2Fv2%2Fproduct_brand&post=6089"},{"taxonomy":"product_cat","embeddable":true,"href":"https:\/\/abrasivoparainox.com.br\/index.php?rest_route=%2Fwp%2Fv2%2Fproduct_cat&post=6089"},{"taxonomy":"product_tag","embeddable":true,"href":"https:\/\/abrasivoparainox.com.br\/index.php?rest_route=%2Fwp%2Fv2%2Fproduct_tag&post=6089"}],"curies":[{"name":"wp","href":"https:\/\/api.w.org\/{rel}","templated":true}]}}