{"id":6087,"date":"2022-07-19T17:48:56","date_gmt":"2022-07-19T20:48:56","guid":{"rendered":"https:\/\/abrasivoparainox.com.br\/?post_type=product&amp;p=6087"},"modified":"2022-07-19T17:48:56","modified_gmt":"2022-07-19T20:48:56","slug":"safebox-porta-laminas-martor","status":"publish","type":"product","link":"https:\/\/abrasivoparainox.com.br\/?product=safebox-porta-laminas-martor","title":{"rendered":"Safebox Porta L\u00e2minas &#8211; Martor"},"content":{"rendered":"<h2 class=\"tit-desc1 font-4\" style=\"text-align: center;\">SOBRE O PRODUTO<\/h2>\n<div class=\"inner-desc1 font-2\">\n<div class=\"div-table\">\n<table class=\"table table-bordered font-2 aligncenter\" style=\"height: 97px;\" width=\"273\">\n<tbody>\n<tr>\n<td>Medidas (C x L x A)<\/td>\n<td>94 x 18 x 42 mm<\/td>\n<\/tr>\n<tr>\n<td>Peso do produto<\/td>\n<td>\u00a033,6 g<\/td>\n<\/tr>\n<tr>\n<td>Material B\u00e1sico<\/td>\n<td>Pl\u00e1stico<\/td>\n<\/tr>\n<\/tbody>\n<\/table>\n<\/div>\n<\/div>\n","protected":false},"excerpt":{"rendered":"<p>Safebox Porta L\u00e2minas <a href=\"https:\/\/www.arsystem.com.br\/produtos\/cutters-de-seguranca-t1ty\">MARTOR<\/a>\u00a0\u00e9 o porta l\u00e2minas ideal para voc\u00ea. O SAFEBOX \u00e9 grande o suficiente para acomodar com seguran\u00e7a uma grande quantidade de l\u00e2minas usadas. Ao mesmo tempo, ele \u00e9 t\u00e3o compacto que qualquer colaborador pode carreg\u00e1-lo consigo. Voc\u00ea utiliza as duas aberturas n\u00e3o apenas para ench\u00ea-lo, mas tamb\u00e9m para &#8220;diminuir&#8221; as suas l\u00e2minas com parti\u00e7\u00e3o.<\/p>\n","protected":false},"featured_media":6088,"template":"","meta":[],"product_brand":[],"product_cat":[39],"product_tag":[],"class_list":{"0":"post-6087","1":"product","2":"type-product","3":"status-publish","4":"has-post-thumbnail","6":"product_cat-estiletes-de-seguranca","8":"first","9":"instock","10":"shipping-taxable","11":"purchasable","12":"product-type-simple"},"_links":{"self":[{"href":"https:\/\/abrasivoparainox.com.br\/index.php?rest_route=\/wp\/v2\/product\/6087","targetHints":{"allow":["GET"]}}],"collection":[{"href":"https:\/\/abrasivoparainox.com.br\/index.php?rest_route=\/wp\/v2\/product"}],"about":[{"href":"https:\/\/abrasivoparainox.com.br\/index.php?rest_route=\/wp\/v2\/types\/product"}],"wp:featuredmedia":[{"embeddable":true,"href":"https:\/\/abrasivoparainox.com.br\/index.php?rest_route=\/wp\/v2\/media\/6088"}],"wp:attachment":[{"href":"https:\/\/abrasivoparainox.com.br\/index.php?rest_route=%2Fwp%2Fv2%2Fmedia&parent=6087"}],"wp:term":[{"taxonomy":"product_brand","embeddable":true,"href":"https:\/\/abrasivoparainox.com.br\/index.php?rest_route=%2Fwp%2Fv2%2Fproduct_brand&post=6087"},{"taxonomy":"product_cat","embeddable":true,"href":"https:\/\/abrasivoparainox.com.br\/index.php?rest_route=%2Fwp%2Fv2%2Fproduct_cat&post=6087"},{"taxonomy":"product_tag","embeddable":true,"href":"https:\/\/abrasivoparainox.com.br\/index.php?rest_route=%2Fwp%2Fv2%2Fproduct_tag&post=6087"}],"curies":[{"name":"wp","href":"https:\/\/api.w.org\/{rel}","templated":true}]}}