{"id":6079,"date":"2022-07-19T17:06:52","date_gmt":"2022-07-19T20:06:52","guid":{"rendered":"https:\/\/abrasivoparainox.com.br\/?post_type=product&amp;p=6079"},"modified":"2022-07-19T17:06:52","modified_gmt":"2022-07-19T20:06:52","slug":"estilete-de-seguranca-secupro-625-martor","status":"publish","type":"product","link":"https:\/\/abrasivoparainox.com.br\/?product=estilete-de-seguranca-secupro-625-martor","title":{"rendered":"Estilete de Seguran\u00e7a Secupro 625 &#8211; Martor"},"content":{"rendered":"<section class=\"inner-conteudo\">\n<div class=\"cont-produto2\">\n<div class=\"desc-1\">\n<h2 class=\"tit-desc1 font-4\" style=\"text-align: center;\">ESTILETE DE SEGURAN\u00c7A MARTOR<\/h2>\n<div class=\"inner-desc1 font-2\">\n<p>Linha Martor de estiletes de seguran\u00e7a de alta qualidade e tesoura de seguran\u00e7a para maior seguran\u00e7a de corte. As t\u00e9cnicas de seguran\u00e7a incorporadas nos cortadores de seguran\u00e7a Martor incluem:<\/p>\n<p>SECUMAX &#8211; L\u00e2mina oculta com prote\u00e7\u00e3o m\u00e1xima do trabalho;<\/p>\n<p>SECUPRO &#8211; Estilete retr\u00e1til autom\u00e1tico com prote\u00e7\u00e3o de trabalho muito elevada;<\/p>\n<p>SECUNORM &#8211; Estilete retr\u00e1til com prote\u00e7\u00e3o de trabalho elevada.<\/p>\n<p>As ferramentas de corte profissionais contribuem para aumentar a seguran\u00e7a no trabalho e reduzir as les\u00f5es de corte, tornando uma parte importante do equipamento de prote\u00e7\u00e3o pessoal na ind\u00fastria, varejo, log\u00edstica e com\u00e9rcio.<\/p>\n<\/div>\n<\/div>\n<div class=\"desc-1\">\n<h2 class=\"tit-desc1 font-4\" style=\"text-align: center;\">SOBRE O PRODUTO<\/h2>\n<div class=\"inner-desc1 font-2\">\n<p>A A rsystem apresenta o novo Estilete de Seguran\u00e7a SECUPRO 625 da Martora. Ele engloba tudo aquilo que os usu\u00e1rios profissionais desejam: um cabo de alum\u00ednio. Uma alavanca de funcionamento suave para acionar a l\u00e2mina. Uma profundidade de corte especialmente grande combinada com uma retra\u00e7\u00e3o totalmente autom\u00e1tica da l\u00e2mina. Uma substitui\u00e7\u00e3o confort\u00e1vel da l\u00e2mina. E, sobretudo, a certeza de ter nas m\u00e3os uma ferramenta de \u00faltima gera\u00e7\u00e3o.<\/p>\n<\/div>\n<\/div>\n<div class=\"desc-2\">\n<h2 class=\"tit-desc2 font-4\" style=\"text-align: center;\">ESTILETE DE SEGURAN\u00c7A<\/h2>\n<div class=\"wrap-video\" style=\"text-align: center;\">\n<div class=\"wrap-video2\">\n<div class=\"video\"><iframe src=\"https:\/\/www.youtube.com\/embed\/Uh0GyehkGOg\" width=\"560\" height=\"315\" frameborder=\"0\" allowfullscreen=\"allowfullscreen\" data-mce-fragment=\"1\"><\/iframe><\/div>\n<\/div>\n<\/div>\n<\/div>\n<div class=\"desc-2\">\n<h2 class=\"tit-desc2 font-4\" style=\"text-align: center;\">V\u00cdDEO DE TREINAMENTO<\/h2>\n<div class=\"wrap-video\">\n<div class=\"wrap-video2\">\n<div class=\"video\" style=\"text-align: center;\"><iframe src=\"https:\/\/www.youtube.com\/embed\/trWZYD-lZG8\" width=\"560\" height=\"315\" frameborder=\"0\" allowfullscreen=\"allowfullscreen\" data-mce-fragment=\"1\"><\/iframe><\/div>\n<\/div>\n<\/div>\n<\/div>\n<div class=\"desc-5\">\n<div class=\"img-desc5\"><img decoding=\"async\" class=\"alignleft\" src=\"https:\/\/www.arsystem.com.br\/storage\/produtosBlocos\/imagens\/91f0bef161926c624358762bafb4d55d.png?v=1512561203\" alt=\"RETRA\u00c7\u00c3O TOTALMENTE AUTOM\u00c1TICA DA L\u00c2MINA - SEGURAN\u00c7A MUITO ELEVADA\" \/><\/div>\n<div class=\"inner-desc5\">\n<h4 class=\"tit-desc5 font-4\">RETRA\u00c7\u00c3O TOTALMENTE AUTOM\u00c1TICA DA L\u00c2MINA &#8211; SEGURAN\u00c7A MUITO ELEVADA<\/h4>\n<div class=\"bloco-desc font-2\">\n<p>A retra\u00e7\u00e3o totalmente autom\u00e1tica da l\u00e2mina do SECUPRO 625 garante a voc\u00ea um grau de seguran\u00e7a extremamente elevado contra ferimentos de corte. Pois a l\u00e2mina se retrai para dentro do cabo imediatamente depois de perder o contato com o material de corte. Mesmo que voc\u00ea continue a acionar a alavanca.<\/p>\n<\/div>\n<\/div>\n<\/div>\n<div class=\"desc-5\">\n<div class=\"img-desc5\"><img decoding=\"async\" class=\"alignright\" src=\"https:\/\/www.arsystem.com.br\/storage\/produtosBlocos\/imagens\/89d485a0310f5865cfe2629bf1956728.png?v=1512561291\" alt=\"ROBUSTO E EQUILIBRADO\" \/><\/div>\n<div class=\"inner-desc5\">\n<h2><\/h2>\n<h4 class=\"tit-desc5 font-4\">ROBUSTO E EQUILIBRADO<\/h4>\n<div class=\"bloco-desc font-2\">\n<p>O cabo \u00e9 fabricado em alum\u00ednio de alta qualidade. A constru\u00e7\u00e3o robusta \u00e9 acompanhada por uma distribui\u00e7\u00e3o ideal do peso. O resultado: nenhum risco de enfraquecimento da ferramenta e do usu\u00e1rio, nem mesmo em cortes de for\u00e7a.<\/p>\n<\/div>\n<\/div>\n<\/div>\n<div class=\"desc-4\">\n<div class=\"img-desc4\"><img decoding=\"async\" class=\"alignleft\" src=\"https:\/\/www.arsystem.com.br\/storage\/produtosBlocos\/imagens\/c0b13635287152fc1113e2fb81715e1f.png?v=1512561291\" alt=\"ERGONOMIA EXCEPCIONAL\" \/><\/div>\n<div class=\"inner-desc4\">\n<h2><\/h2>\n<h4 class=\"tit-desc4 font-4\">ERGONOMIA EXCEPCIONAL<\/h4>\n<div class=\"bloco-desc font-2\">\n<p>A alavanca de funcionamento suave, o cabo arredondado, a ader\u00eancia suave no dorso do cortador \u2013 teste voc\u00ea mesmo!<\/p>\n<\/div>\n<\/div>\n<\/div>\n<div class=\"desc-5\">\n<div class=\"img-desc5\"><img decoding=\"async\" class=\"alignright\" src=\"https:\/\/www.arsystem.com.br\/storage\/produtosBlocos\/imagens\/e46cf3c3089d8920d9a7697b81a4dc48.png?v=1512561436\" alt=\"SEGURAN\u00c7A AO LONGO DE TODA A LINHA\" \/><\/div>\n<div class=\"inner-desc5\">\n<h4><\/h4>\n<h4><\/h4>\n<h4><\/h4>\n<h4 class=\"tit-desc5 font-4\">SEGURAN\u00c7A AO LONGO DE TODA A LINHA<\/h4>\n<div class=\"bloco-desc font-2\">\n<p>Enquanto na \u00e1rea dianteira do cabo voc\u00ea pode confiar na retra\u00e7\u00e3o da l\u00e2mina, h\u00e1 um fecho de seguran\u00e7a para voc\u00ea mais atr\u00e1s. Com ele voc\u00ea pode travar a alavanca, impedindo assim um acionamento acidental da l\u00e2mina.<\/p>\n<\/div>\n<\/div>\n<\/div>\n<\/div>\n<\/section>\n<section class=\"bloco-home\">\n<div class=\"div-titext\"><\/div>\n<\/section>\n","protected":false},"excerpt":{"rendered":"<p>Estilete de Seguran\u00e7a Secupro 625 da linha Martor de estiletes de seguran\u00e7a de alta qualidade e tesoura de seguran\u00e7a para maior seguran\u00e7a de corte.<\/p>\n","protected":false},"featured_media":6081,"template":"","meta":[],"product_brand":[],"product_cat":[39],"product_tag":[],"class_list":{"0":"post-6079","1":"product","2":"type-product","3":"status-publish","4":"has-post-thumbnail","6":"product_cat-estiletes-de-seguranca","8":"first","9":"instock","10":"shipping-taxable","11":"purchasable","12":"product-type-simple"},"_links":{"self":[{"href":"https:\/\/abrasivoparainox.com.br\/index.php?rest_route=\/wp\/v2\/product\/6079","targetHints":{"allow":["GET"]}}],"collection":[{"href":"https:\/\/abrasivoparainox.com.br\/index.php?rest_route=\/wp\/v2\/product"}],"about":[{"href":"https:\/\/abrasivoparainox.com.br\/index.php?rest_route=\/wp\/v2\/types\/product"}],"wp:featuredmedia":[{"embeddable":true,"href":"https:\/\/abrasivoparainox.com.br\/index.php?rest_route=\/wp\/v2\/media\/6081"}],"wp:attachment":[{"href":"https:\/\/abrasivoparainox.com.br\/index.php?rest_route=%2Fwp%2Fv2%2Fmedia&parent=6079"}],"wp:term":[{"taxonomy":"product_brand","embeddable":true,"href":"https:\/\/abrasivoparainox.com.br\/index.php?rest_route=%2Fwp%2Fv2%2Fproduct_brand&post=6079"},{"taxonomy":"product_cat","embeddable":true,"href":"https:\/\/abrasivoparainox.com.br\/index.php?rest_route=%2Fwp%2Fv2%2Fproduct_cat&post=6079"},{"taxonomy":"product_tag","embeddable":true,"href":"https:\/\/abrasivoparainox.com.br\/index.php?rest_route=%2Fwp%2Fv2%2Fproduct_tag&post=6079"}],"curies":[{"name":"wp","href":"https:\/\/api.w.org\/{rel}","templated":true}]}}