{"id":6072,"date":"2022-07-19T16:44:16","date_gmt":"2022-07-19T19:44:16","guid":{"rendered":"https:\/\/abrasivoparainox.com.br\/?post_type=product&amp;p=6072"},"modified":"2022-07-19T16:44:16","modified_gmt":"2022-07-19T19:44:16","slug":"estilete-de-seguranca-secunorm-380-martor","status":"publish","type":"product","link":"https:\/\/abrasivoparainox.com.br\/?product=estilete-de-seguranca-secunorm-380-martor","title":{"rendered":"Estilete de Seguran\u00e7a Secunorm 380 &#8211; Martor"},"content":{"rendered":"<section class=\"inner-conteudo\">\n<div class=\"cont-produto2\">\n<div class=\"desc-1\">\n<h2 class=\"tit-desc1 font-4\" style=\"text-align: center;\">ESTILETE DE SEGURAN\u00c7A MARTOR<\/h2>\n<div class=\"inner-desc1 font-2\">\n<p>Linha Martor de estiletes de seguran\u00e7a de alta qualidade e tesoura de seguran\u00e7a para maior seguran\u00e7a de corte. As t\u00e9cnicas de seguran\u00e7a incorporadas nos cortadores de seguran\u00e7a Martor incluem:<\/p>\n<p>SECUMAX &#8211; L\u00e2mina oculta com prote\u00e7\u00e3o m\u00e1xima do trabalho;<\/p>\n<p>SECUPRO &#8211; Estilete retr\u00e1til autom\u00e1tico com prote\u00e7\u00e3o de trabalho muito elevada;<\/p>\n<p>SECUNORM &#8211; Estilete retr\u00e1til com prote\u00e7\u00e3o de trabalho elevada.<\/p>\n<p>As ferramentas de corte profissionais contribuem para aumentar a seguran\u00e7a no trabalho e reduzir as les\u00f5es de corte, tornando uma parte importante do equipamento de prote\u00e7\u00e3o pessoal na ind\u00fastria, varejo, log\u00edstica e com\u00e9rcio.<\/p>\n<\/div>\n<\/div>\n<div class=\"desc-1\">\n<h2 class=\"tit-desc1 font-4\" style=\"text-align: center;\">CARACTER\u00cdSTICAS<\/h2>\n<div class=\"inner-desc1 font-2\">\n<ul>\n<li>Corpo de pl\u00e1stico ergon\u00f4mico com pl\u00e1stico refor\u00e7ado com fibra de vidro, ideal para destros ou canhotos.<\/li>\n<li>Est\u00e1vel e resistente ao desgaste por fric\u00e7\u00e3o.<\/li>\n<li>Troca simplificada de l\u00e2minas.<\/li>\n<\/ul>\n<\/div>\n<\/div>\n<div class=\"desc-1\">\n<h2 class=\"tit-desc1 font-4\" style=\"text-align: center;\">ESPECIFICA\u00c7\u00d5ES T\u00c9CNICAS<\/h2>\n<div class=\"inner-desc1 font-2\">\n<div class=\"div-table\">\n<table class=\"table table-bordered font-2\" style=\"height: 92px;\" width=\"824\">\n<tbody>\n<tr>\n<td>Medidas (C x L x A)<\/td>\n<td>\u00a0170.5 x 20 x 34 mm<\/td>\n<\/tr>\n<tr>\n<td>Peso do produto<\/td>\n<td>78 g<\/td>\n<\/tr>\n<tr>\n<td>Profundidade de corte<\/td>\n<td>73 mm<\/td>\n<\/tr>\n<\/tbody>\n<\/table>\n<\/div>\n<\/div>\n<\/div>\n<div class=\"desc-2\">\n<h2 class=\"tit-desc2 font-4\" style=\"text-align: center;\">CONFIRA O SECUNORM 380 NA PR\u00c1TICA<\/h2>\n<div class=\"wrap-video\" style=\"text-align: center;\">\n<div class=\"wrap-video2\">\n<div class=\"video\"><iframe src=\"https:\/\/www.youtube.com\/embed\/ZXBqijtet0M\" width=\"560\" height=\"315\" frameborder=\"0\" allowfullscreen=\"allowfullscreen\" data-mce-fragment=\"1\"><\/iframe><\/div>\n<\/div>\n<\/div>\n<\/div>\n<div class=\"desc-2\">\n<h2 class=\"tit-desc2 font-4\" style=\"text-align: center;\">V\u00cdDEO DE TREINAMENTO<\/h2>\n<div class=\"wrap-video\">\n<div class=\"wrap-video2\">\n<div class=\"video\" style=\"text-align: center;\"><iframe src=\"https:\/\/www.youtube.com\/embed\/WRYsHSiW4e0\" width=\"560\" height=\"315\" frameborder=\"0\" allowfullscreen=\"allowfullscreen\" data-mce-fragment=\"1\"><\/iframe><\/div>\n<\/div>\n<\/div>\n<\/div>\n<div class=\"desc-5\">\n<div class=\"img-desc5\"><img decoding=\"async\" class=\"alignright\" src=\"https:\/\/www.arsystem.com.br\/storage\/produtosBlocos\/imagens\/10c0dd4a352d7e6030f7becc5eca927b.png?v=1512558488\" alt=\"RETRA\u00c7\u00c3O AUTOM\u00c1TICA DA L\u00c2MINA - ELEVADA SEGURAN\u00c7A\" \/><\/div>\n<div class=\"inner-desc5\">\n<h4 class=\"tit-desc5 font-4\">RETRA\u00c7\u00c3O AUTOM\u00c1TICA DA L\u00c2MINA &#8211; ELEVADA SEGURAN\u00c7A<\/h4>\n<div class=\"bloco-desc font-2\">\n<p>A retra\u00e7\u00e3o autom\u00e1tica da l\u00e2mina do SECUNORM 380 garante a voc\u00ea um elevado n\u00edvel de seguran\u00e7a contra ferimentos de corte. Assim que voc\u00ea estiver pronto para cortar, retire o polegar do controle deslizante. Deste modo, a l\u00e2mina pode se retrair para dentro do cabo t\u00e3o logo tenha perdido o contato com o material de corte.<\/p>\n<\/div>\n<\/div>\n<\/div>\n<div class=\"desc-4\">\n<div class=\"img-desc4\"><img decoding=\"async\" class=\"alignleft\" src=\"https:\/\/www.arsystem.com.br\/storage\/produtosBlocos\/imagens\/ac230344b0c524b92770c340ef5a9868.png?v=1512558671\" alt=\"LONGA EXTENS\u00c3O DA L\u00c2MINA\" \/><\/div>\n<div class=\"inner-desc4\">\n<h4 class=\"tit-desc4 font-4\">LONGA EXTENS\u00c3O DA L\u00c2MINA<\/h4>\n<div class=\"bloco-desc font-2\">\n<p>Na verdade, cham\u00e1-lo de &#8220;longo&#8221; \u00e9 pouco: a extens\u00e3o da l\u00e2mina \u00e9 de exatos 7,8 cm. Assim, com o SECUNORM 380 voc\u00ea pode cortar com seguran\u00e7a e sem esfor\u00e7o, por exemplo, papel\u00f5es com 4 camadas, sacarias em geral, folhas e rolos de papel, espumas e placas de poliestireno.<\/p>\n<\/div>\n<\/div>\n<\/div>\n<div class=\"desc-5\">\n<div class=\"img-desc5\"><img decoding=\"async\" class=\"alignright\" src=\"https:\/\/www.arsystem.com.br\/storage\/produtosBlocos\/imagens\/4ccf98692fb2ee28560f3be53cf8c12e.png?v=1512558788\" alt=\"F\u00c1CIL SUBSTITUI\u00c7\u00c3O DA L\u00c2MINA\" \/><\/div>\n<div class=\"inner-desc5\">\n<h4><\/h4>\n<h4 class=\"tit-desc5 font-4\">F\u00c1CIL SUBSTITUI\u00c7\u00c3O DA L\u00c2MINA<\/h4>\n<div class=\"bloco-desc font-2\">\n<p>Na extremidade do cabo h\u00e1 um pr\u00e1tico bot\u00e3o de substitui\u00e7\u00e3o da l\u00e2mina, que voc\u00ea simplesmente pressiona para baixo. Agora voc\u00ea pode puxar para fora o suporte com a l\u00e2mina.<\/p>\n<\/div>\n<\/div>\n<\/div>\n<div class=\"desc-4\">\n<div class=\"img-desc4\"><img decoding=\"async\" class=\"alignleft\" src=\"https:\/\/www.arsystem.com.br\/storage\/produtosBlocos\/imagens\/5a8274ef758c7c059a50a3d855347e77.png?v=1512558844\" alt=\"CABO ERGON\u00d4MICO\" \/><\/div>\n<div class=\"inner-desc4\">\n<h2><\/h2>\n<h4 class=\"tit-desc4 font-4\">CABO ERGON\u00d4MICO<\/h4>\n<div class=\"bloco-desc font-2\">\n<p>O SECUNORM 380 tamb\u00e9m convence pelo seu formato, pela ader\u00eancia suave confort\u00e1vel e pelos sulcos no controle deslizante.<\/p>\n<\/div>\n<\/div>\n<\/div>\n<div class=\"desc-5\">\n<div class=\"img-desc5\"><img decoding=\"async\" class=\"alignright\" src=\"https:\/\/www.arsystem.com.br\/storage\/produtosBlocos\/imagens\/c569d9cf367eda0d937cc1055dd9b781.png?v=1512558885\" alt=\"PARTICULARMENTE ROBUSTO\" \/><\/div>\n<div class=\"inner-desc5\">\n<h2><\/h2>\n<h2><\/h2>\n<h4 class=\"tit-desc5 font-4\">PARTICULARMENTE ROBUSTO<\/h4>\n<div class=\"bloco-desc font-2\">\n<p>Sob todos os aspectos: o &#8220;n\u00facleo&#8221; \u00e9 constitu\u00eddo por um trilho de metal especialmente est\u00e1vel e resistente \u00e0 abras\u00e3o. O cabo, por sua vez, \u00e9 fabricado em pl\u00e1stico de alta qualidade, que n\u00e3o deixa voc\u00ea t\u00e3o cedo na m\u00e3o.<\/p>\n<\/div>\n<\/div>\n<\/div>\n<div class=\"desc-4\">\n<div class=\"img-desc4\"><img decoding=\"async\" class=\"alignleft\" src=\"https:\/\/www.arsystem.com.br\/storage\/produtosBlocos\/imagens\/cac7ef41558fb9c628be07ada4e4997e.png?v=1512558935\" alt=\"PARA DESTROS E CANHOTOS\" \/><\/div>\n<div class=\"inner-desc4\">\n<h4><\/h4>\n<h4 class=\"tit-desc4 font-4\">PARA DESTROS E CANHOTOS<\/h4>\n<div class=\"bloco-desc font-2\">\n<p>O novo SECUNORM 380 agradar\u00e1 tanto aos destros quanto aos canhotos. Dependendo da prefer\u00eancia, voc\u00ea gira a l\u00e2mina em 180\u00b0 e ela j\u00e1 est\u00e1 ajustada novamente. Igualmente adequado \u00e9 o ilh\u00f3 na extremidade, se voc\u00ea quiser prender o seu SECUNORM 380.<\/p>\n<\/div>\n<\/div>\n<\/div>\n<\/div>\n<\/section>\n<section class=\"bloco-home\">\n<div class=\"div-titext\"><\/div>\n<\/section>\n","protected":false},"excerpt":{"rendered":"<p>Estilete de Seguran\u00e7a Secunorm 380<\/p>\n","protected":false},"featured_media":6076,"template":"","meta":[],"product_brand":[],"product_cat":[39],"product_tag":[],"class_list":{"0":"post-6072","1":"product","2":"type-product","3":"status-publish","4":"has-post-thumbnail","6":"product_cat-estiletes-de-seguranca","8":"first","9":"instock","10":"shipping-taxable","11":"purchasable","12":"product-type-simple"},"_links":{"self":[{"href":"https:\/\/abrasivoparainox.com.br\/index.php?rest_route=\/wp\/v2\/product\/6072","targetHints":{"allow":["GET"]}}],"collection":[{"href":"https:\/\/abrasivoparainox.com.br\/index.php?rest_route=\/wp\/v2\/product"}],"about":[{"href":"https:\/\/abrasivoparainox.com.br\/index.php?rest_route=\/wp\/v2\/types\/product"}],"wp:featuredmedia":[{"embeddable":true,"href":"https:\/\/abrasivoparainox.com.br\/index.php?rest_route=\/wp\/v2\/media\/6076"}],"wp:attachment":[{"href":"https:\/\/abrasivoparainox.com.br\/index.php?rest_route=%2Fwp%2Fv2%2Fmedia&parent=6072"}],"wp:term":[{"taxonomy":"product_brand","embeddable":true,"href":"https:\/\/abrasivoparainox.com.br\/index.php?rest_route=%2Fwp%2Fv2%2Fproduct_brand&post=6072"},{"taxonomy":"product_cat","embeddable":true,"href":"https:\/\/abrasivoparainox.com.br\/index.php?rest_route=%2Fwp%2Fv2%2Fproduct_cat&post=6072"},{"taxonomy":"product_tag","embeddable":true,"href":"https:\/\/abrasivoparainox.com.br\/index.php?rest_route=%2Fwp%2Fv2%2Fproduct_tag&post=6072"}],"curies":[{"name":"wp","href":"https:\/\/api.w.org\/{rel}","templated":true}]}}