{"id":6060,"date":"2022-07-19T15:53:52","date_gmt":"2022-07-19T18:53:52","guid":{"rendered":"https:\/\/abrasivoparainox.com.br\/?post_type=product&amp;p=6060"},"modified":"2022-07-19T15:53:52","modified_gmt":"2022-07-19T18:53:52","slug":"estilete-de-seguranca-secumax-350-martor","status":"publish","type":"product","link":"https:\/\/abrasivoparainox.com.br\/?product=estilete-de-seguranca-secumax-350-martor","title":{"rendered":"Estilete de Seguran\u00e7a Secumax 350 &#8211; Martor"},"content":{"rendered":"<div class=\"desc-1\">\n<h2 class=\"tit-desc1 font-4\" style=\"text-align: center;\">ESTILETE DE SEGURAN\u00c7A MARTOR<\/h2>\n<div class=\"inner-desc1 font-2\">\n<p>Linha Martor de estiletes de seguran\u00e7a de alta qualidade e tesoura de seguran\u00e7a para maior seguran\u00e7a de corte. As t\u00e9cnicas de seguran\u00e7a incorporadas nos cortadores de seguran\u00e7a Martor incluem:<\/p>\n<p>SECUMAX &#8211; L\u00e2mina oculta com prote\u00e7\u00e3o m\u00e1xima do trabalho;<\/p>\n<p>SECUPRO &#8211; Estilete retr\u00e1til autom\u00e1tico com prote\u00e7\u00e3o de trabalho muito elevada;<\/p>\n<p>SECUNORM &#8211; Estilete retr\u00e1til com prote\u00e7\u00e3o de trabalho elevada.<\/p>\n<p>As ferramentas de corte profissionais contribuem para aumentar a seguran\u00e7a no trabalho e reduzir as les\u00f5es de corte, tornando uma parte importante do equipamento de prote\u00e7\u00e3o pessoal na ind\u00fastria, varejo, log\u00edstica e com\u00e9rcio.<\/p>\n<\/div>\n<\/div>\n<div class=\"desc-1\">\n<h2 class=\"tit-desc1 font-4\" style=\"text-align: center;\">CARACTER\u00cdSTICAS<\/h2>\n<div class=\"inner-desc1 font-2\">\n<ul>\n<li>\u00a0F\u00e1cil troca de l\u00e2mina, sem necessidade de utiliza\u00e7\u00e3o de ferramentas extras.<\/li>\n<li>L\u00e2mina e dispositivo para raspar fita adesiva com uso duplo, bastando remover a cabe\u00e7a da l\u00e2mina para vir\u00e1-la ou troc\u00e1-la.<\/li>\n<li>O SECUMAX 350 \u00e9 fornecido sem uma ponta de l\u00e2mina afiada. Em vez disso, a cabe\u00e7a da l\u00e2mina \u00e9 t\u00e3o estreita e as duas arestas de corte t\u00e3o grandes, que voc\u00ea pode abrir caixas de papel\u00e3o em camadas duplas de forma muito mais segura com ele.<\/li>\n<li>Para usu\u00e1rios destros e canhotos.<\/li>\n<li>Profundidade de corte: 5mm<\/li>\n<li>Acompanha L\u00e2mina Secumax (3952.004) com 38.90mm de comprimento, 25.8mm de largura e 0.30mm de espessura.<\/li>\n<\/ul>\n<\/div>\n<\/div>\n<div class=\"desc-1\">\n<h2 class=\"tit-desc1 font-4\" style=\"text-align: center;\">ESPECIFICA\u00c7\u00d5ES T\u00c9CNICAS<\/h2>\n<div class=\"inner-desc1 font-2\" style=\"text-align: center;\">\n<div class=\"div-table\">\n<table class=\"table table-bordered font-2\" style=\"height: 84px;\" width=\"352\">\n<tbody>\n<tr>\n<td style=\"text-align: left;\">Medidas (C x L x A)<\/td>\n<td style=\"text-align: left;\">\u00a0154 x 12 x 40 mm<\/td>\n<\/tr>\n<tr>\n<td style=\"text-align: left;\">Peso do produto<\/td>\n<td style=\"text-align: left;\">\u00a037 g<\/td>\n<\/tr>\n<tr>\n<td style=\"text-align: left;\">Profundidade de corte<\/td>\n<td style=\"text-align: left;\">6 mm<\/td>\n<\/tr>\n<\/tbody>\n<\/table>\n<\/div>\n<\/div>\n<\/div>\n<div class=\"desc-2\">\n<h2 class=\"tit-desc2 font-4\" style=\"text-align: center;\">CONFIRA O SECUMAX 350 NA PR\u00c1TICA<\/h2>\n<div class=\"wrap-video\">\n<div class=\"wrap-video2\">\n<div class=\"video\" style=\"text-align: center;\"><iframe src=\"https:\/\/www.youtube.com\/embed\/sHphTFXXvTs\" width=\"560\" height=\"315\" frameborder=\"0\" allowfullscreen=\"allowfullscreen\" data-mce-fragment=\"1\"><\/iframe><\/div>\n<\/div>\n<\/div>\n<\/div>\n<div class=\"desc-5\">\n<div class=\"img-desc5\"><img decoding=\"async\" class=\"alignright\" src=\"https:\/\/www.arsystem.com.br\/storage\/produtosBlocos\/imagens\/d0ca6b9c7262a4f455b122dd74731796.png?v=1512556651\" alt=\"L\u00c2MINA OCULTA - SEGURAN\u00c7A M\u00c1XIMA\" \/><\/div>\n<div class=\"inner-desc5\">\n<h4><\/h4>\n<h4 class=\"tit-desc5 font-4\">L\u00c2MINA OCULTA &#8211; SEGURAN\u00c7A M\u00c1XIMA<\/h4>\n<div class=\"bloco-desc font-2\">\n<p>A l\u00e2mina do SECUMAX 350 n\u00e3o fica exposta e sim isolada do operador e mercadorias. Isso proporciona a voc\u00ea o mais alto grau de seguran\u00e7a.<\/p>\n<\/div>\n<\/div>\n<\/div>\n<div class=\"desc-4\">\n<div class=\"img-desc4\"><img decoding=\"async\" class=\"alignleft\" src=\"https:\/\/www.arsystem.com.br\/storage\/produtosBlocos\/imagens\/d6c2698b4caa805bb5097ba4104d6c21.png?v=1512556651\" alt=\"CABE\u00c7OTE DA L\u00c2MINA 2 EM 1\" \/><\/div>\n<div class=\"inner-desc4\">\n<h4><\/h4>\n<h4><\/h4>\n<h4 class=\"tit-desc4 font-4\">CABE\u00c7OTE DA L\u00c2MINA 2 EM 1<\/h4>\n<div class=\"bloco-desc font-2\">\n<p>Dupla fun\u00e7\u00e3o e dupla utiliza\u00e7\u00e3o: tanto a l\u00e2mina quanto o removedor de fita adesiva s\u00e3o 2 vezes reutiliz\u00e1veis. Voc\u00ea facilmente retira o cabe\u00e7ote da l\u00e2mina totalmente para fora, para vir\u00e1-la ou substitu\u00ed-la.<\/p>\n<\/div>\n<\/div>\n<\/div>\n<div class=\"desc-5\">\n<div class=\"img-desc5\"><img decoding=\"async\" class=\"alignright\" src=\"https:\/\/www.arsystem.com.br\/storage\/produtosBlocos\/imagens\/d19d4fd9736ebc2b23e089795861fed4.png?v=1512556651\" alt=\"L\u00c2MINA OCULTA\" \/><\/div>\n<div class=\"inner-desc5\">\n<h2><\/h2>\n<h2><\/h2>\n<h4 class=\"tit-desc5 font-4\">L\u00c2MINA OCULTA<\/h4>\n<div class=\"bloco-desc font-2\">\n<p>O SECUMAX 350 dispensa uma l\u00e2mina com ponta afiada. Em compensa\u00e7\u00e3o, o seu cabe\u00e7ote da l\u00e2mina \u00e9 t\u00e3o estreito e os dois cantos de corte s\u00e3o t\u00e3o grandes, que ele permite abrir com seguran\u00e7a papel\u00f5es com 2 camadas e muito mais.<\/p>\n<\/div>\n<\/div>\n<\/div>\n<div class=\"desc-4\">\n<div class=\"img-desc4\"><img decoding=\"async\" class=\"alignleft\" src=\"https:\/\/www.arsystem.com.br\/storage\/produtosBlocos\/imagens\/3cd373cee5e94aca92397ac3741cbc7e.png?v=1512556718\" alt=\"L\u00c2MINA DE REPOSI\u00c7\u00c3O NO CABO\" \/><\/div>\n<div class=\"inner-desc4\">\n<h4 class=\"tit-desc4 font-4\">L\u00c2MINA DE REPOSI\u00c7\u00c3O NO CABO<\/h4>\n<div class=\"bloco-desc font-2\">\n<p>Voc\u00ea substitui a l\u00e2mina de modo particularmente f\u00e1cil e seguro: abrindo a parte superior do cabo com a m\u00e3o. Assim voc\u00ea acessa o &#8220;reposit\u00f3rio&#8221; com a l\u00e2mina de reposi\u00e7\u00e3o e, ao mesmo tempo, solta a trava do cabe\u00e7ote da l\u00e2mina 2 em 1.<\/p>\n<\/div>\n<\/div>\n<\/div>\n<div class=\"desc-5\">\n<div class=\"img-desc5\"><img decoding=\"async\" class=\"alignright\" src=\"https:\/\/www.arsystem.com.br\/storage\/produtosBlocos\/imagens\/a67657d2f3a9351c5d5471e91f5d12e0.png?v=1512556718\" alt=\"FORMATO ERGON\u00d4MICO\" \/><\/div>\n<div class=\"inner-desc5\">\n<h4 class=\"tit-desc5 font-4\">FORMATO ERGON\u00d4MICO<\/h4>\n<div class=\"bloco-desc font-2\">\n<p>Destro ou canhoto? Realmente n\u00e3o faz diferen\u00e7a. Pois o SECUMAX 350 se encaixa em qualquer m\u00e3o. A curvatura das laterais externas, a ader\u00eancia suave confort\u00e1vel e os sulcos no cabo contribuem para o conforto ao segur\u00e1-lo.<\/p>\n<\/div>\n<\/div>\n<\/div>\n<div class=\"desc-4\">\n<div class=\"img-desc4\"><img decoding=\"async\" class=\"alignleft\" src=\"https:\/\/www.arsystem.com.br\/storage\/produtosBlocos\/imagens\/5be57564cbad839d2d8986b7d29f7c97.png?v=1512556718\" alt=\"COM FACILIDADE\" \/><\/div>\n<div class=\"inner-desc4\">\n<h2><\/h2>\n<h2><\/h2>\n<h4 class=\"tit-desc4 font-4\">COM FACILIDADE<\/h4>\n<div class=\"bloco-desc font-2\">\n<p>Um peso-pesado ao cortar, mas um peso-leve com apenas 37 g. Por esta raz\u00e3o, mesmo frequ\u00eancias de corte elevadas n\u00e3o trar\u00e3o dificuldades para voc\u00ea. &#8220;Leveza&#8221; tamb\u00e9m ao manusear a l\u00e2mina: como ela \u00e9 injetada, n\u00e3o h\u00e1 nenhum risco para os seus dedos.<\/p>\n<\/div>\n<\/div>\n<\/div>\n","protected":false},"excerpt":{"rendered":"<p>Estilete de Seguran\u00e7a Secumax 350 da linha Martor de estiletes de seguran\u00e7a de alta qualidade e tesoura de seguran\u00e7a para maior seguran\u00e7a de corte.<\/p>\n","protected":false},"featured_media":6065,"template":"","meta":[],"product_brand":[],"product_cat":[39],"product_tag":[],"class_list":{"0":"post-6060","1":"product","2":"type-product","3":"status-publish","4":"has-post-thumbnail","6":"product_cat-estiletes-de-seguranca","8":"first","9":"instock","10":"shipping-taxable","11":"purchasable","12":"product-type-simple"},"_links":{"self":[{"href":"https:\/\/abrasivoparainox.com.br\/index.php?rest_route=\/wp\/v2\/product\/6060","targetHints":{"allow":["GET"]}}],"collection":[{"href":"https:\/\/abrasivoparainox.com.br\/index.php?rest_route=\/wp\/v2\/product"}],"about":[{"href":"https:\/\/abrasivoparainox.com.br\/index.php?rest_route=\/wp\/v2\/types\/product"}],"wp:featuredmedia":[{"embeddable":true,"href":"https:\/\/abrasivoparainox.com.br\/index.php?rest_route=\/wp\/v2\/media\/6065"}],"wp:attachment":[{"href":"https:\/\/abrasivoparainox.com.br\/index.php?rest_route=%2Fwp%2Fv2%2Fmedia&parent=6060"}],"wp:term":[{"taxonomy":"product_brand","embeddable":true,"href":"https:\/\/abrasivoparainox.com.br\/index.php?rest_route=%2Fwp%2Fv2%2Fproduct_brand&post=6060"},{"taxonomy":"product_cat","embeddable":true,"href":"https:\/\/abrasivoparainox.com.br\/index.php?rest_route=%2Fwp%2Fv2%2Fproduct_cat&post=6060"},{"taxonomy":"product_tag","embeddable":true,"href":"https:\/\/abrasivoparainox.com.br\/index.php?rest_route=%2Fwp%2Fv2%2Fproduct_tag&post=6060"}],"curies":[{"name":"wp","href":"https:\/\/api.w.org\/{rel}","templated":true}]}}