{"id":6054,"date":"2022-07-19T15:39:16","date_gmt":"2022-07-19T18:39:16","guid":{"rendered":"https:\/\/abrasivoparainox.com.br\/?post_type=product&amp;p=6054"},"modified":"2022-07-19T15:39:16","modified_gmt":"2022-07-19T18:39:16","slug":"estilete-de-seguranca-secunorm-mizar-martor","status":"publish","type":"product","link":"https:\/\/abrasivoparainox.com.br\/?product=estilete-de-seguranca-secunorm-mizar-martor","title":{"rendered":"Estilete de Seguran\u00e7a Secunorm Mizar &#8211; Martor"},"content":{"rendered":"<section class=\"inner-conteudo\">\n<div class=\"cont-produto2\">\n<div class=\"desc-1\">\n<h2 class=\"tit-desc1 font-4\" style=\"text-align: center;\">ESTILETE DE SEGURAN\u00c7A MARTOR<\/h2>\n<div class=\"inner-desc1 font-2\">\n<p>Linha Martor de estiletes de seguran\u00e7a de alta qualidade e tesoura de seguran\u00e7a para maior seguran\u00e7a de corte. As t\u00e9cnicas de seguran\u00e7a incorporadas nos cortadores de seguran\u00e7a Martor incluem:<\/p>\n<p>SECUMAX &#8211; L\u00e2mina oculta com prote\u00e7\u00e3o m\u00e1xima do trabalho;<\/p>\n<p>SECUPRO &#8211; Estilete retr\u00e1til autom\u00e1tico com prote\u00e7\u00e3o de trabalho muito elevada;<\/p>\n<p>SECUNORM &#8211; Estilete retr\u00e1til com prote\u00e7\u00e3o de trabalho elevada.<\/p>\n<p>As ferramentas de corte profissionais contribuem para aumentar a seguran\u00e7a no trabalho e reduzir as les\u00f5es de corte, tornando uma parte importante do equipamento de prote\u00e7\u00e3o pessoal na ind\u00fastria, varejo, log\u00edstica e com\u00e9rcio.<\/p>\n<\/div>\n<\/div>\n<div class=\"desc-1\">\n<h2 class=\"tit-desc1 font-4\" style=\"text-align: center;\">CARACTER\u00cdSTICAS<\/h2>\n<div class=\"inner-desc1 font-2\">\n<p>\u2022 Especial para o corte de diversos tipos de embalagem diferentes, especialmente papel\u00e3o e papel alum\u00ednio.<\/p>\n<p>\u2022 Slider 3 em 1 garante desbloqueio r\u00e1pido da l\u00e2mina para utiliza\u00e7\u00e3o, seguran\u00e7a no bloqueio para transporte do cutter, e f\u00e1cil substitui\u00e7\u00e3o da l\u00e2mina.<\/p>\n<p>\u2022 A combina\u00e7\u00e3o do corpo de pl\u00e1stico de alta qualidade com o design ergon\u00f4mico proporcionam um trabalho sem fadiga para o usu\u00e1rio e maior produtividade para a empresa.<\/p>\n<p>\u2022 Para usu\u00e1rios destros e canhotos.<\/p>\n<p>\u2022 Profundidade de corte: 15mm<\/p>\n<p>\u2022 Acompanha L\u00e2mina Allfit (3952.003) com 53mm de comprimento,19mm de largura e 0.63mm de espessura.<\/p>\n<\/div>\n<\/div>\n<div class=\"desc-1\">\n<h2 class=\"tit-desc1 font-4\" style=\"text-align: center;\">ESPECIFICA\u00c7\u00d5ES T\u00c9CNICAS<\/h2>\n<div class=\"inner-desc1 font-2\">\n<div class=\"div-table\">\n<table class=\"table table-bordered font-2 aligncenter\" style=\"height: 91px;\" width=\"322\">\n<tbody>\n<tr>\n<td style=\"text-align: left;\">Medidas (C x L x A)<\/td>\n<td>139 x 15.6 x 50.5 mm<\/td>\n<\/tr>\n<tr>\n<td>Peso do produto<\/td>\n<td>\u00a059 g<\/td>\n<\/tr>\n<tr>\n<td>Profundidade de corte<\/td>\n<td>\u00a015 mm<\/td>\n<\/tr>\n<\/tbody>\n<\/table>\n<\/div>\n<\/div>\n<\/div>\n<div class=\"desc-2\">\n<h2 class=\"tit-desc2 font-4\" style=\"text-align: center;\">CONFIRA O SECUNORM MIZAR NA PR\u00c1TICA<\/h2>\n<div class=\"wrap-video\">\n<div class=\"wrap-video2\">\n<div class=\"video\" style=\"text-align: center;\"><iframe src=\"https:\/\/www.youtube.com\/embed\/1gyyoXMOEVw\" width=\"560\" height=\"315\" frameborder=\"0\" allowfullscreen=\"allowfullscreen\" data-mce-fragment=\"1\"><\/iframe><\/div>\n<\/div>\n<\/div>\n<\/div>\n<div class=\"desc-5\">\n<div class=\"img-desc5\"><img decoding=\"async\" class=\"alignright\" src=\"https:\/\/www.arsystem.com.br\/storage\/produtosBlocos\/imagens\/33a22b0fd37f3fafd3729c9ec4072c94.png?v=1512555461\" alt=\"RETRA\u00c7\u00c3O AUTOM\u00c1TICA DA L\u00c2MINA - ELEVADA SEGURAN\u00c7A\" \/><\/div>\n<div class=\"inner-desc5\">\n<h4 class=\"tit-desc5 font-4\">RETRA\u00c7\u00c3O AUTOM\u00c1TICA DA L\u00c2MINA &#8211; ELEVADA SEGURAN\u00c7A<\/h4>\n<div class=\"bloco-desc font-2\">\n<p>O SECUNORM MIZAR est\u00e1 equipado com um mecanismo de retra\u00e7\u00e3o autom\u00e1tica da l\u00e2mina: assim que larga a alavanca, a l\u00e2mina desaparece no punho e permanece l\u00e1. Isto confere-lhe um elevado n\u00edvel de seguran\u00e7a contra ferimentos de corte.<\/p>\n<\/div>\n<\/div>\n<\/div>\n<div class=\"desc-4\">\n<div class=\"img-desc4\"><img decoding=\"async\" class=\"alignleft\" src=\"https:\/\/www.arsystem.com.br\/storage\/produtosBlocos\/imagens\/3e136e4f5a02e5fc16eb743d9365219e.png?v=1512555582\" alt=\"FORMATO ERGON\u00d4MICO\" \/><\/div>\n<div class=\"inner-desc4\">\n<h4><\/h4>\n<h4 class=\"tit-desc4 font-4\">FORMATO ERGON\u00d4MICO<\/h4>\n<div class=\"bloco-desc font-2\">\n<p>O seu punho de aperto de pin\u00e7a ergon\u00f4mico ajusta-se perfeitamente a m\u00e3o. Assim, corta com especial facilidade, mesmo no caso de elevadas frequ\u00eancias de corte.<\/p>\n<\/div>\n<\/div>\n<\/div>\n<div class=\"desc-5\">\n<div class=\"img-desc5\"><img decoding=\"async\" class=\"alignright\" src=\"https:\/\/www.arsystem.com.br\/storage\/produtosBlocos\/imagens\/cd0853877c44181c245cf3081b82381e.png?v=1512555640\" alt=\"TROCA F\u00c1CIL DE L\u00c2MINAS\" \/><\/div>\n<div class=\"inner-desc5\">\n<h4><\/h4>\n<h4><\/h4>\n<h4 class=\"tit-desc5 font-4\">TROCA F\u00c1CIL DE L\u00c2MINAS<\/h4>\n<div class=\"bloco-desc font-2\">\n<p>Para a substitui\u00e7\u00e3o da l\u00e2mina n\u00e3o necessita de ferramentas. Apenas de duas m\u00e3os e desta sequ\u00eancia: puxar a prote\u00e7\u00e3o 3 em 1 totalmente para tr\u00e1s, alavanca para fora, substituir l\u00e2mina, alavanca para dentro e pode prosseguir!<\/p>\n<\/div>\n<\/div>\n<\/div>\n<div class=\"desc-4\">\n<div class=\"img-desc4\"><img decoding=\"async\" class=\"alignleft\" src=\"https:\/\/www.arsystem.com.br\/storage\/produtosBlocos\/imagens\/e49b2c3a0c446224cf231f2a3495e885.png?v=1512555821\" alt=\"PROTE\u00c7\u00c3O A MAIS\" \/><\/div>\n<div class=\"inner-desc4\">\n<h4><\/h4>\n<h4 class=\"tit-desc4 font-4\">PROTE\u00c7\u00c3O A MAIS<\/h4>\n<div class=\"bloco-desc font-2\">\n<p>A prote\u00e7\u00e3o 3 em 1 da SECUNORM MIZAR \u00e9 \u00fanica. Com esta pode n\u00e3o s\u00f3 desbloquear e bloquear a sua ferramenta de corte, como proceder a uma substitui\u00e7\u00e3o simples e segura da l\u00e2mina<\/p>\n<\/div>\n<\/div>\n<\/div>\n<div class=\"desc-5\">\n<div class=\"img-desc5\"><img decoding=\"async\" class=\"alignright\" src=\"https:\/\/www.arsystem.com.br\/storage\/produtosBlocos\/imagens\/059800c4dcd78dfc3c3bd4de3a53aab0.png?v=1512555821\" alt=\"L\u00c2MINA DUPLAMENTE UTILIZ\u00c1VEL\" \/><\/div>\n<div class=\"inner-desc5\">\n<h4><\/h4>\n<h4><\/h4>\n<h4 class=\"tit-desc5 font-4\">L\u00c2MINA DUPLAMENTE UTILIZ\u00c1VEL<\/h4>\n<div class=\"bloco-desc font-2\">\n<p>Antes de ter que substituir a l\u00e2mina, pode vir\u00e1-la uma vez. Assim, duplicado o tempo de servi\u00e7o da l\u00e2mina e reduzido o seu esfor\u00e7o.<\/p>\n<\/div>\n<\/div>\n<\/div>\n<\/div>\n<\/section>\n<section class=\"bloco-home\">\n<div class=\"div-titext\"><\/div>\n<\/section>\n","protected":false},"excerpt":{"rendered":"<p>Estilete de Seguran\u00e7a Secunorm Mizar da linha Martor de estiletes de seguran\u00e7a de alta qualidade e tesoura de seguran\u00e7a para maior seguran\u00e7a de corte.<\/p>\n","protected":false},"featured_media":6057,"template":"","meta":[],"product_brand":[],"product_cat":[39],"product_tag":[],"class_list":{"0":"post-6054","1":"product","2":"type-product","3":"status-publish","4":"has-post-thumbnail","6":"product_cat-estiletes-de-seguranca","8":"first","9":"instock","10":"shipping-taxable","11":"purchasable","12":"product-type-simple"},"_links":{"self":[{"href":"https:\/\/abrasivoparainox.com.br\/index.php?rest_route=\/wp\/v2\/product\/6054","targetHints":{"allow":["GET"]}}],"collection":[{"href":"https:\/\/abrasivoparainox.com.br\/index.php?rest_route=\/wp\/v2\/product"}],"about":[{"href":"https:\/\/abrasivoparainox.com.br\/index.php?rest_route=\/wp\/v2\/types\/product"}],"wp:featuredmedia":[{"embeddable":true,"href":"https:\/\/abrasivoparainox.com.br\/index.php?rest_route=\/wp\/v2\/media\/6057"}],"wp:attachment":[{"href":"https:\/\/abrasivoparainox.com.br\/index.php?rest_route=%2Fwp%2Fv2%2Fmedia&parent=6054"}],"wp:term":[{"taxonomy":"product_brand","embeddable":true,"href":"https:\/\/abrasivoparainox.com.br\/index.php?rest_route=%2Fwp%2Fv2%2Fproduct_brand&post=6054"},{"taxonomy":"product_cat","embeddable":true,"href":"https:\/\/abrasivoparainox.com.br\/index.php?rest_route=%2Fwp%2Fv2%2Fproduct_cat&post=6054"},{"taxonomy":"product_tag","embeddable":true,"href":"https:\/\/abrasivoparainox.com.br\/index.php?rest_route=%2Fwp%2Fv2%2Fproduct_tag&post=6054"}],"curies":[{"name":"wp","href":"https:\/\/api.w.org\/{rel}","templated":true}]}}