{"id":6048,"date":"2022-07-18T11:54:53","date_gmt":"2022-07-18T14:54:53","guid":{"rendered":"https:\/\/abrasivoparainox.com.br\/?post_type=product&amp;p=6048"},"modified":"2022-07-18T11:54:53","modified_gmt":"2022-07-18T14:54:53","slug":"estilete-de-seguranca-secunorm-profi-light-martor","status":"publish","type":"product","link":"https:\/\/abrasivoparainox.com.br\/?product=estilete-de-seguranca-secunorm-profi-light-martor","title":{"rendered":"Estilete de Seguran\u00e7a Secunorm Profi Light &#8211; Martor"},"content":{"rendered":"<section class=\"inner-conteudo\">\n<div class=\"cont-produto2\">\n<div class=\"desc-1\">\n<h2 class=\"tit-desc1 font-4\" style=\"text-align: center;\">ESTILETE DE SEGURAN\u00c7A MARTOR<\/h2>\n<div class=\"inner-desc1 font-2\">\n<p>Linha Martor de estiletes de seguran\u00e7a de alta qualidade e tesoura de seguran\u00e7a para maior seguran\u00e7a de corte. As t\u00e9cnicas de seguran\u00e7a incorporadas nos cortadores de seguran\u00e7a Martor incluem:<\/p>\n<p>SECUMAX &#8211; L\u00e2mina oculta com prote\u00e7\u00e3o m\u00e1xima do trabalho;<\/p>\n<p>SECUPRO &#8211; Estilete retr\u00e1til autom\u00e1tico com prote\u00e7\u00e3o de trabalho muito elevada;<\/p>\n<p>SECUNORM &#8211; Estilete retr\u00e1til com prote\u00e7\u00e3o de trabalho elevada.<\/p>\n<p>As ferramentas de corte profissionais contribuem para aumentar a seguran\u00e7a no trabalho e reduzir as les\u00f5es de corte, tornando uma parte importante do equipamento de prote\u00e7\u00e3o pessoal na ind\u00fastria, varejo, log\u00edstica e com\u00e9rcio.<\/p>\n<p>&nbsp;<\/p>\n<\/div>\n<\/div>\n<div class=\"desc-1\">\n<h2 class=\"tit-desc1 font-4\" style=\"text-align: center;\">CARACTER\u00cdSTICAS<\/h2>\n<div class=\"inner-desc1 font-2\">\n<ul>\n<li>Sistema de retra\u00e7\u00e3o autom\u00e1tico garante que a l\u00e2mina volte assim que o cutter deixar o material a ser cortado.<\/li>\n<li>F\u00e1cil troca de l\u00e2mina, sem necessidade de utiliza\u00e7\u00e3o de ferramentas extras.<\/li>\n<li>Para usu\u00e1rios destros e canhotos.<\/li>\n<li>Extremamente leve, aumentando o conforto do usu\u00e1rio.<\/li>\n<li>Comprimento da l\u00e2mina estendida: 17mm<\/li>\n<li>Profundidade de corte: 16mm<\/li>\n<li>Acompanha L\u00e2mina Allfit (3952.003) com 53mm de comprimento,19mm de largura e 0.63mm de espessura.<\/li>\n<\/ul>\n<\/div>\n<\/div>\n<div class=\"desc-1\">\n<h2><\/h2>\n<h2 class=\"tit-desc1 font-4\" style=\"text-align: center;\">ESPECIFICA\u00c7\u00d5ES T\u00c9CNICAS<\/h2>\n<div class=\"inner-desc1 font-2\">\n<div class=\"div-table\">\n<table class=\"table table-bordered font-2 aligncenter\" style=\"height: 92px;\" width=\"313\">\n<tbody>\n<tr>\n<td>Medidas (C x L x A)<\/td>\n<td>140 x 15.3 x 30 mm<\/td>\n<\/tr>\n<tr>\n<td>Peso do produto<\/td>\n<td>43,3 g<\/td>\n<\/tr>\n<tr>\n<td>Profundidade de corte<\/td>\n<td>\u00a015,5 mm<\/td>\n<\/tr>\n<\/tbody>\n<\/table>\n<\/div>\n<\/div>\n<\/div>\n<div class=\"desc-2\">\n<h2><\/h2>\n<h2 class=\"tit-desc2 font-4\" style=\"text-align: center;\">CONFIRA O SECUNORM PROFI LIGHT NA PR\u00c1TICA<\/h2>\n<div class=\"wrap-video\" style=\"text-align: center;\">\n<div class=\"wrap-video2\">\n<div class=\"video\"><iframe src=\"https:\/\/www.youtube.com\/embed\/pOeuq-W4OGs\" width=\"560\" height=\"315\" frameborder=\"0\" allowfullscreen=\"allowfullscreen\" data-mce-fragment=\"1\"><\/iframe><\/div>\n<\/div>\n<\/div>\n<\/div>\n<div class=\"desc-5\">\n<div class=\"img-desc5\" style=\"text-align: center;\"><img fetchpriority=\"high\" decoding=\"async\" class=\"alignleft\" src=\"https:\/\/www.arsystem.com.br\/storage\/produtosBlocos\/imagens\/13659b330b7fb72f40e7b1c62a229a77.png?v=1512501891\" alt=\"RETRA\u00c7\u00c3O AUTOM\u00c1TICA DA L\u00c2MINA - ELEVADA SEGURAN\u00c7A\" width=\"470\" height=\"240\" \/><\/div>\n<div class=\"inner-desc5\">\n<h4 class=\"tit-desc5 font-4\">RETRA\u00c7\u00c3O AUTOM\u00c1TICA DA L\u00c2MINA &#8211; ELEVADA SEGURAN\u00c7A<\/h4>\n<div class=\"bloco-desc font-2\">\n<p>A retra\u00e7\u00e3o autom\u00e1tica da l\u00e2mina garante-lhe um elevado n\u00edvel de seguran\u00e7a contra ferimentos de corte. Assim que tiver assumido o posicionamento para o corte, retire o polegar do mecanismo de deslizamento. Deste modo, \u00e9 poss\u00edvel que, imediatamente ap\u00f3s ser abandonado o material de corte, a l\u00e2mina volte para dentro do punho.<\/p>\n<\/div>\n<\/div>\n<\/div>\n<div class=\"desc-4\">\n<div class=\"img-desc4\"><img decoding=\"async\" class=\"alignright\" src=\"https:\/\/www.arsystem.com.br\/storage\/produtosBlocos\/imagens\/234a0847760f93c0ac055a741d9e94a0.png?v=1512501891\" alt=\"SEM ABRAS\u00c3O\" \/><\/div>\n<div class=\"inner-desc4\">\n<h4 class=\"tit-desc4 font-4\">SEM ABRAS\u00c3O<\/h4>\n<div class=\"bloco-desc font-2\">\n<p>No SECUNORM PROFI LIGHT \u00e9 aplicado um pl\u00e1stico particularmente resistente \u00e0 abras\u00e3o, que aumenta a estabilidade. O resultado: voc\u00ea pode contar com o seu estilete de seguran\u00e7a por um tempo significativamente mais longo.<\/p>\n<\/div>\n<\/div>\n<\/div>\n<div class=\"desc-5\">\n<div class=\"img-desc5\"><img decoding=\"async\" class=\"alignleft\" src=\"https:\/\/www.arsystem.com.br\/storage\/produtosBlocos\/imagens\/0dc1cc228d74ff8f84f7356cd974cfca.png?v=1512501891\" alt=\"BASTA PRESSIONAR UM BOT\u00c3O\" \/><\/div>\n<div class=\"inner-desc5\">\n<h4><\/h4>\n<h4><\/h4>\n<h4 class=\"tit-desc5 font-4\">BASTA PRESSIONAR UM BOT\u00c3O<\/h4>\n<div class=\"bloco-desc font-2\">\n<p>A substitui\u00e7\u00e3o da l\u00e2mina \u00e9 extremamente simples. Voc\u00ea n\u00e3o precisa de nenhuma ferramenta, basta pressionar o bot\u00e3o de substitui\u00e7\u00e3o da l\u00e2mina. Agora puxe o inserto de pl\u00e1stico para fora, substitua a l\u00e2mina e pronto!<\/p>\n<\/div>\n<\/div>\n<\/div>\n<div class=\"desc-4\">\n<div class=\"img-desc4\"><img decoding=\"async\" class=\"alignright\" src=\"https:\/\/www.arsystem.com.br\/storage\/produtosBlocos\/imagens\/75828d42d71b624ac3e80cb92117e6ce.png?v=1512501891\" alt=\"CONTROLE DESLIZANTE BILATERAL\" \/><\/div>\n<div class=\"inner-desc4\">\n<h4><\/h4>\n<h4 class=\"tit-desc4 font-4\">CONTROLE DESLIZANTE BILATERAL<\/h4>\n<div class=\"bloco-desc font-2\">\n<p>O SECUNORM PROFI LIGHT conta com um controle deslizante que \u00e9 acess\u00edvel por ambos os lados, tanto para destros, quanto para canhotos.<\/p>\n<\/div>\n<\/div>\n<\/div>\n<div class=\"desc-5\">\n<div class=\"img-desc5\"><img decoding=\"async\" class=\"alignleft\" src=\"https:\/\/www.arsystem.com.br\/storage\/produtosBlocos\/imagens\/d7904ccc255abb8cda87c8e554e94859.png?v=1512501891\" alt=\"ERGONOMICAMENTE LEVE\" \/><\/div>\n<div class=\"inner-desc5\">\n<h2><\/h2>\n<h2><\/h2>\n<h4 class=\"tit-desc5 font-4\">ERGONOMICAMENTE LEVE<\/h4>\n<div class=\"bloco-desc font-2\">\n<p>Como todas as ferramentas de corte da fam\u00edlia PROFI, esta tamb\u00e9m possui um formato ergon\u00f4mico. Al\u00e9m disso, a vers\u00e3o LIGHT, com 43 g, \u00e9 particularmente leve. Assim, mesmo frequ\u00eancias de corte elevadas n\u00e3o representam uma dificuldade para voc\u00ea.<\/p>\n<\/div>\n<\/div>\n<\/div>\n<div class=\"desc-4\">\n<div class=\"img-desc4\"><img decoding=\"async\" class=\"alignright\" src=\"https:\/\/www.arsystem.com.br\/storage\/produtosBlocos\/imagens\/f19b87554f5d1b8b10897f819abbc8bf.png?v=1512501891\" alt=\"L\u00c2MINA 2 VEZES REUTILIZ\u00c1VEL\" \/><\/div>\n<div class=\"inner-desc4\">\n<h4><\/h4>\n<h4 class=\"tit-desc4 font-4\">L\u00c2MINA 2 VEZES REUTILIZ\u00c1VEL<\/h4>\n<div class=\"bloco-desc font-2\">\n<p>Antes de precisar substituir a l\u00e2mina, voc\u00ea pode vir\u00e1-la uma vez. Isso duplica o tempo de uso da l\u00e2mina e reduz o seu esfor\u00e7o. Pois o seu produto volta a cortar como novo.<\/p>\n<\/div>\n<\/div>\n<\/div>\n<\/div>\n<\/section>\n<section class=\"bloco-home\">\n<div class=\"div-titext\"><\/div>\n<\/section>\n","protected":false},"excerpt":{"rendered":"<p>Estilete de Seguran\u00e7a Secunorm Profi Light da linha Martor de estiletes de seguran\u00e7a de alta qualidade e tesoura de seguran\u00e7a para maior seguran\u00e7a de corte.<\/p>\n","protected":false},"featured_media":6049,"template":"","meta":[],"product_brand":[],"product_cat":[39],"product_tag":[],"class_list":{"0":"post-6048","1":"product","2":"type-product","3":"status-publish","4":"has-post-thumbnail","6":"product_cat-estiletes-de-seguranca","8":"first","9":"instock","10":"shipping-taxable","11":"purchasable","12":"product-type-simple"},"_links":{"self":[{"href":"https:\/\/abrasivoparainox.com.br\/index.php?rest_route=\/wp\/v2\/product\/6048","targetHints":{"allow":["GET"]}}],"collection":[{"href":"https:\/\/abrasivoparainox.com.br\/index.php?rest_route=\/wp\/v2\/product"}],"about":[{"href":"https:\/\/abrasivoparainox.com.br\/index.php?rest_route=\/wp\/v2\/types\/product"}],"wp:featuredmedia":[{"embeddable":true,"href":"https:\/\/abrasivoparainox.com.br\/index.php?rest_route=\/wp\/v2\/media\/6049"}],"wp:attachment":[{"href":"https:\/\/abrasivoparainox.com.br\/index.php?rest_route=%2Fwp%2Fv2%2Fmedia&parent=6048"}],"wp:term":[{"taxonomy":"product_brand","embeddable":true,"href":"https:\/\/abrasivoparainox.com.br\/index.php?rest_route=%2Fwp%2Fv2%2Fproduct_brand&post=6048"},{"taxonomy":"product_cat","embeddable":true,"href":"https:\/\/abrasivoparainox.com.br\/index.php?rest_route=%2Fwp%2Fv2%2Fproduct_cat&post=6048"},{"taxonomy":"product_tag","embeddable":true,"href":"https:\/\/abrasivoparainox.com.br\/index.php?rest_route=%2Fwp%2Fv2%2Fproduct_tag&post=6048"}],"curies":[{"name":"wp","href":"https:\/\/api.w.org\/{rel}","templated":true}]}}