{"id":6041,"date":"2022-07-18T11:40:02","date_gmt":"2022-07-18T14:40:02","guid":{"rendered":"https:\/\/abrasivoparainox.com.br\/?post_type=product&amp;p=6041"},"modified":"2022-07-18T11:40:02","modified_gmt":"2022-07-18T14:40:02","slug":"estilete-de-seguranca-secupro-martego-martor","status":"publish","type":"product","link":"https:\/\/abrasivoparainox.com.br\/?product=estilete-de-seguranca-secupro-martego-martor","title":{"rendered":"Estilete de Seguran\u00e7a Secupro Martego &#8211; Martor"},"content":{"rendered":"<section class=\"inner-conteudo\">\n<div class=\"cont-produto2\">\n<div class=\"desc-1\">\n<h2 class=\"tit-desc1 font-4\" style=\"text-align: center;\">ESTILETE DE SEGURAN\u00c7A MARTOR<\/h2>\n<div class=\"inner-desc1 font-2\">\n<p>Linha Martor de estiletes de seguran\u00e7a de alta qualidade e tesoura de seguran\u00e7a para maior seguran\u00e7a de corte. As t\u00e9cnicas de seguran\u00e7a incorporadas nos cortadores de seguran\u00e7a Martor incluem:<\/p>\n<p>SECUMAX &#8211; L\u00e2mina oculta com prote\u00e7\u00e3o m\u00e1xima do trabalho;<\/p>\n<p>SECUPRO &#8211; Estilete retr\u00e1til autom\u00e1tico com prote\u00e7\u00e3o de trabalho muito elevada;<\/p>\n<p>SECUNORM &#8211; Estilete retr\u00e1til com prote\u00e7\u00e3o de trabalho elevada.<\/p>\n<p>As ferramentas de corte profissionais contribuem para aumentar a seguran\u00e7a no trabalho e reduzir as les\u00f5es de corte, tornando uma parte importante do equipamento de prote\u00e7\u00e3o pessoal na ind\u00fastria, varejo, log\u00edstica e com\u00e9rcio.<\/p>\n<\/div>\n<\/div>\n<div class=\"desc-2\">\n<h2><\/h2>\n<h2 class=\"tit-desc2 font-4\" style=\"text-align: center;\">CONFIRA O MARTEGO NA PR\u00c1TICA!<\/h2>\n<div class=\"wrap-video\">\n<div class=\"wrap-video2\">\n<div class=\"video\" style=\"text-align: center;\"><iframe src=\"https:\/\/www.youtube.com\/embed\/bOdQAkY3cgU\" width=\"560\" height=\"315\" frameborder=\"0\" allowfullscreen=\"allowfullscreen\" data-mce-fragment=\"1\"><\/iframe><\/div>\n<\/div>\n<\/div>\n<\/div>\n<div class=\"desc-5\">\n<div class=\"img-desc5\"><img decoding=\"async\" class=\"alignleft\" src=\"https:\/\/www.arsystem.com.br\/storage\/produtosBlocos\/imagens\/027c8c4918e7bcd54d6d49fb9956a57c.png?v=1512500686\" alt=\"RETRA\u00c7\u00c3O TOTALMENTE AUTOM\u00c1TICA DA L\u00c2MINA - SEGURAN\u00c7A MUITO ELEVADA\" \/><\/div>\n<div class=\"inner-desc5\">\n<h4 class=\"tit-desc5 font-4\">RETRA\u00c7\u00c3O TOTALMENTE AUTOM\u00c1TICA DA L\u00c2MINA &#8211; SEGURAN\u00c7A MUITO ELEVADA<\/h4>\n<div class=\"bloco-desc font-2\">\n<p>A retra\u00e7\u00e3o totalmente autom\u00e1tica do SECUPRO MARTEGO garante a voc\u00ea um grau de seguran\u00e7a extremamente elevado contra ferimentos de corte. Pois a l\u00e2mina se retrai para dentro do cabo imediatamente depois de perder o contato com o material de corte. Mesmo que continue a pressionar a alavanca.<\/p>\n<\/div>\n<\/div>\n<\/div>\n<div class=\"desc-4\">\n<div class=\"img-desc4\"><img decoding=\"async\" class=\"alignright\" src=\"https:\/\/www.arsystem.com.br\/storage\/produtosBlocos\/imagens\/b5ea117f3b746a247590ceee58dd723a.png?v=1512500729\" alt=\"MANUSEIO PERFEITO\" \/><\/div>\n<div class=\"inner-desc4\">\n<h4><\/h4>\n<h4 class=\"tit-desc4 font-4\">MANUSEIO PERFEITO<\/h4>\n<div class=\"bloco-desc font-2\">\n<p>As vantagens do SECUPRO MARTEGO est\u00e3o na sua m\u00e3o: o cabo de aperto de pin\u00e7a ergon\u00f4mico, a ader\u00eancia suave para uma fixa\u00e7\u00e3o melhor e um \u00e2ngulo de corte &#8220;pr\u00e9-ajustado&#8221; que ser\u00e1 particularmente confort\u00e1vel para o seu pulso.<\/p>\n<\/div>\n<\/div>\n<\/div>\n<div class=\"desc-5\">\n<div class=\"img-desc5\"><img decoding=\"async\" class=\"alignleft\" src=\"https:\/\/www.arsystem.com.br\/storage\/produtosBlocos\/imagens\/606fdb5b08a4b05bfcb799fd72c3e4e8.png?v=1512500785\" alt=\"L\u00c2MINA 4 VEZES REUTILIZ\u00c1VEL\" \/><\/div>\n<div class=\"inner-desc5\">\n<h4><\/h4>\n<h4 class=\"tit-desc5 font-4\">L\u00c2MINA 4 VEZES REUTILIZ\u00c1VEL<\/h4>\n<div class=\"bloco-desc font-2\">\n<p>Voc\u00ea pode girar e virar a l\u00e2mina Solingen v\u00e1rias vezes, uma vez que ela possui dois gumes com quatro cantos afiados. A profundidade de corte n\u00e3o muito grande, por sua vez, destina-se \u00e0 prote\u00e7\u00e3o da sua mercadoria.<\/p>\n<\/div>\n<\/div>\n<\/div>\n<div class=\"desc-4\">\n<div class=\"img-desc4\"><img decoding=\"async\" class=\"alignright\" src=\"https:\/\/www.arsystem.com.br\/storage\/produtosBlocos\/imagens\/5e4f5d95f041d6674ea07331be8f6192.png?v=1512500826\" alt=\"SUBSTITUI\u00c7\u00c3O SIMPLESMENTE SEGURA\" \/><\/div>\n<div class=\"inner-desc4\">\n<h4><\/h4>\n<h4 class=\"tit-desc4 font-4\">SUBSTITUI\u00c7\u00c3O SIMPLESMENTE SEGURA<\/h4>\n<div class=\"bloco-desc font-2\">\n<p>Quando chegar a hora, voc\u00ea troca a sua l\u00e2mina sem nenhuma ferramenta adicional. E aqui est\u00e1 mais uma &#8220;atra\u00e7\u00e3o&#8221; do SECUPRO MARTEGO: o \u00edm\u00e3 integrado garante que a l\u00e2mina n\u00e3o poder\u00e1 cair.<\/p>\n<\/div>\n<\/div>\n<\/div>\n<div class=\"desc-5\">\n<div class=\"img-desc5\"><img decoding=\"async\" class=\"alignleft\" src=\"https:\/\/www.arsystem.com.br\/storage\/produtosBlocos\/imagens\/17cda0cd5d9312cba5a3b4bc31b63153.png?v=1512500872\" alt=\"TUDO NO CABO\" \/><\/div>\n<div class=\"inner-desc5\">\n<h4><\/h4>\n<h4 class=\"tit-desc5 font-4\">TUDO NO CABO<\/h4>\n<div class=\"bloco-desc font-2\">\n<p>Frente totalmente em alum\u00ednio. O metal n\u00e3o contribui s\u00f3 para o design excepcional do SECUPRO MARTEGO. Ele tamb\u00e9m aumenta a sua robustez e o equipa para as maiores exig\u00eancias.<\/p>\n<\/div>\n<\/div>\n<\/div>\n<div class=\"desc-4\">\n<div class=\"img-desc4\"><img decoding=\"async\" class=\"alignright\" src=\"https:\/\/www.arsystem.com.br\/storage\/produtosBlocos\/imagens\/9a883ca094a62084b195bae6403a9448.png?v=1512501041\" alt=\"TRAVA PARA PROTE\u00c7\u00c3O EXTRA\" \/><\/div>\n<div class=\"inner-desc4\">\n<h4><\/h4>\n<h4><\/h4>\n<h4 class=\"tit-desc4 font-4\">TRAVA PARA PROTE\u00c7\u00c3O EXTRA<\/h4>\n<div class=\"bloco-desc font-2\">\n<p>O fecho de seguran\u00e7a azul tranca a l\u00e2mina quando voc\u00ea n\u00e3o estiver precisando dele. Assim a ela n\u00e3o poder\u00e1 saltar para fora acidentalmente.<\/p>\n<\/div>\n<\/div>\n<\/div>\n<\/div>\n<\/section>\n<section class=\"bloco-home\">\n<div class=\"div-titext\"><\/div>\n<\/section>\n","protected":false},"excerpt":{"rendered":"<p>Estilete de Seguran\u00e7a Secupro Martego da linha Martor de estiletes de seguran\u00e7a de alta qualidade e tesoura de seguran\u00e7a para maior seguran\u00e7a de corte.<\/p>\n","protected":false},"featured_media":6042,"template":"","meta":[],"product_brand":[],"product_cat":[39],"product_tag":[],"class_list":{"0":"post-6041","1":"product","2":"type-product","3":"status-publish","4":"has-post-thumbnail","6":"product_cat-estiletes-de-seguranca","8":"first","9":"instock","10":"shipping-taxable","11":"purchasable","12":"product-type-simple"},"_links":{"self":[{"href":"https:\/\/abrasivoparainox.com.br\/index.php?rest_route=\/wp\/v2\/product\/6041","targetHints":{"allow":["GET"]}}],"collection":[{"href":"https:\/\/abrasivoparainox.com.br\/index.php?rest_route=\/wp\/v2\/product"}],"about":[{"href":"https:\/\/abrasivoparainox.com.br\/index.php?rest_route=\/wp\/v2\/types\/product"}],"wp:featuredmedia":[{"embeddable":true,"href":"https:\/\/abrasivoparainox.com.br\/index.php?rest_route=\/wp\/v2\/media\/6042"}],"wp:attachment":[{"href":"https:\/\/abrasivoparainox.com.br\/index.php?rest_route=%2Fwp%2Fv2%2Fmedia&parent=6041"}],"wp:term":[{"taxonomy":"product_brand","embeddable":true,"href":"https:\/\/abrasivoparainox.com.br\/index.php?rest_route=%2Fwp%2Fv2%2Fproduct_brand&post=6041"},{"taxonomy":"product_cat","embeddable":true,"href":"https:\/\/abrasivoparainox.com.br\/index.php?rest_route=%2Fwp%2Fv2%2Fproduct_cat&post=6041"},{"taxonomy":"product_tag","embeddable":true,"href":"https:\/\/abrasivoparainox.com.br\/index.php?rest_route=%2Fwp%2Fv2%2Fproduct_tag&post=6041"}],"curies":[{"name":"wp","href":"https:\/\/api.w.org\/{rel}","templated":true}]}}