{"id":6036,"date":"2022-07-18T11:19:38","date_gmt":"2022-07-18T14:19:38","guid":{"rendered":"https:\/\/abrasivoparainox.com.br\/?post_type=product&amp;p=6036"},"modified":"2022-07-18T11:19:38","modified_gmt":"2022-07-18T14:19:38","slug":"estilete-de-seguranca-secunorm-multiset-martor","status":"publish","type":"product","link":"https:\/\/abrasivoparainox.com.br\/?product=estilete-de-seguranca-secunorm-multiset-martor","title":{"rendered":"Estilete de Seguran\u00e7a Secunorm Multiset &#8211; Martor"},"content":{"rendered":"<section class=\"inner-conteudo\">\n<div class=\"cont-produto2\">\n<div class=\"desc-1\">\n<section class=\"inner-conteudo\">\n<div class=\"cont-produto2\">\n<div class=\"desc-1\">\n<h2 class=\"tit-desc1 font-4\" style=\"text-align: center;\">ESTILETE DE SEGURAN\u00c7A MARTOR<\/h2>\n<div class=\"inner-desc1 font-2\">\n<p>Linha Martor de estiletes de seguran\u00e7a de alta qualidade e tesoura de seguran\u00e7a para maior seguran\u00e7a de corte. As t\u00e9cnicas de seguran\u00e7a incorporadas nos cortadores de seguran\u00e7a Martor incluem:<\/p>\n<p>SECUMAX &#8211; L\u00e2mina oculta com prote\u00e7\u00e3o m\u00e1xima do trabalho;<\/p>\n<p>SECUPRO &#8211; Estilete retr\u00e1til autom\u00e1tico com prote\u00e7\u00e3o de trabalho muito elevada;<\/p>\n<p>SECUNORM &#8211; Estilete retr\u00e1til com prote\u00e7\u00e3o de trabalho elevada.<\/p>\n<p>As ferramentas de corte profissionais contribuem para aumentar a seguran\u00e7a no trabalho e reduzir as les\u00f5es de corte, tornando uma parte importante do equipamento de prote\u00e7\u00e3o pessoal na ind\u00fastria, varejo, log\u00edstica e com\u00e9rcio.<\/p>\n<\/div>\n<\/div>\n<div class=\"desc-1\">\n<h2 class=\"tit-desc1 font-4\" style=\"text-align: center;\">CARACTER\u00cdSTICAS<\/h2>\n<div class=\"inner-desc1 font-2\">\n<ul>\n<li>Para usu\u00e1rios destros e canhotos.<\/li>\n<li>Projetado para todos os tipos de trabalho de corte, em especial corte de caixas.<\/li>\n<li>L\u00e2mina de 0,63mm de espessura.<\/li>\n<li>Acompanha L\u00e2mina Maxisafe (3952.006) com 60mm de comprimento, 19mm largura e 0.63mm de espessura.<\/li>\n<\/ul>\n<\/div>\n<\/div>\n<div class=\"desc-4\">\n<div><\/div>\n<div class=\"img-desc4\"><img fetchpriority=\"high\" decoding=\"async\" class=\"alignleft\" src=\"https:\/\/www.arsystem.com.br\/storage\/produtosBlocos\/imagens\/0c3d3afb0363910a46f39c5ffb258ff8.png?v=1512498113\" alt=\"RETRA\u00c7\u00c3O AUTOM\u00c1TICA DA L\u00c2MINA - ELEVADA SEGURAN\u00c7A\" width=\"478\" height=\"244\" \/><\/div>\n<div class=\"inner-desc4\">\n<h4 class=\"tit-desc4 font-4\">RETRA\u00c7\u00c3O AUTOM\u00c1TICA DA L\u00c2MINA &#8211; ELEVADA SEGURAN\u00c7A<\/h4>\n<div class=\"bloco-desc font-2\">\n<p>A retra\u00e7\u00e3o autom\u00e1tica da l\u00e2mina do SECUNORM MULTISET garante a voc\u00ea um alto n\u00edvel de seguran\u00e7a contra ferimentos de corte. Assim que voc\u00ea estiver pronto para cortar, retire o polegar do controle deslizante. Deste modo, a l\u00e2mina pode se retrair para dentro do cabo t\u00e3o logo tenha perdido o contato com o material de corte.<\/p>\n<\/div>\n<\/div>\n<\/div>\n<div class=\"desc-5\">\n<div class=\"img-desc5\"><img decoding=\"async\" class=\"alignright\" src=\"https:\/\/www.arsystem.com.br\/storage\/produtosBlocos\/imagens\/e49e3bb9724d88b652fe09977af68d67.png?v=1512498113\" alt=\"PROFUNDIDADE DE CORTE FLEX\u00cdVEL\" \/><\/div>\n<div class=\"inner-desc5\">\n<h4 class=\"tit-desc5 font-4\">PROFUNDIDADE DE CORTE FLEX\u00cdVEL<\/h4>\n<div class=\"bloco-desc font-2\">\n<p>Possui um parafuso de fixa\u00e7\u00e3o, com o qual voc\u00ea pode ajustar a extens\u00e3o da l\u00e2mina continuamente at\u00e9 25 mm. Desse modo, voc\u00ea ajusta a sua ferramenta de acordo com a respectiva situa\u00e7\u00e3o e corte.<\/p>\n<\/div>\n<\/div>\n<\/div>\n<div class=\"desc-4\">\n<div class=\"img-desc4\"><img decoding=\"async\" class=\"alignleft\" src=\"https:\/\/www.arsystem.com.br\/storage\/produtosBlocos\/imagens\/54aea601ff56dcec294731446113ca6a.png?v=1512498702\" alt=\"L\u00c2MINA 2 VEZES REUTILIZ\u00c1VEL\" \/><\/div>\n<div class=\"inner-desc4\">\n<h4><\/h4>\n<h4><\/h4>\n<h4 class=\"tit-desc4 font-4\">L\u00c2MINA 2 VEZES REUTILIZ\u00c1VEL<\/h4>\n<div class=\"bloco-desc font-2\">\n<p>Antes de precisar substituir a l\u00e2mina, voc\u00ea pode vir\u00e1-la uma vez. Isso duplica o tempo de uso da l\u00e2mina e reduz o seu esfor\u00e7o.<\/p>\n<\/div>\n<\/div>\n<\/div>\n<div class=\"desc-5\">\n<div class=\"img-desc5\"><img decoding=\"async\" class=\"alignright\" src=\"https:\/\/www.arsystem.com.br\/storage\/produtosBlocos\/imagens\/daf7b35756b14cbaeeade88a8523ed06.png?v=1512498702\" alt=\"SUBSTITUI\u00c7\u00c3O DE L\u00c2MINA SEM ABERTURA\" \/><\/div>\n<div class=\"inner-desc5\">\n<h4><\/h4>\n<h4><\/h4>\n<h4 class=\"tit-desc5 font-4\">SUBSTITUI\u00c7\u00c3O DE L\u00c2MINA SEM ABERTURA<\/h4>\n<div class=\"bloco-desc font-2\">\n<p>Voc\u00ea domina a substitui\u00e7\u00e3o da l\u00e2mina rapidamente. Voc\u00ea s\u00f3 precisa deslizar o inserto de pl\u00e1stico para fora do cabo e substituir a l\u00e2mina antiga por uma nova.<\/p>\n<\/div>\n<\/div>\n<\/div>\n<div class=\"desc-4\">\n<div class=\"img-desc4\"><img decoding=\"async\" class=\"alignleft\" src=\"https:\/\/www.arsystem.com.br\/storage\/produtosBlocos\/imagens\/7271e99ca169c2d0213c7691d3b66fa5.png?v=1512498702\" alt=\"PARA DESTROS E CANHOTOS\" \/><\/div>\n<div class=\"inner-desc4\">\n<h2><\/h2>\n<h4 class=\"tit-desc4 font-4\">PARA DESTROS E CANHOTOS<\/h4>\n<div class=\"bloco-desc font-2\">\n<p>O SECUMAX MULTISET se encaixa em qualquer m\u00e3o. Se voc\u00ea for canhoto, basta virar a l\u00e2mina apenas uma vez no cabo e a sua ferramenta de corte est\u00e1 pronta.<\/p>\n<\/div>\n<\/div>\n<\/div>\n<div class=\"desc-5\">\n<div class=\"img-desc5\"><img decoding=\"async\" class=\"alignright\" src=\"https:\/\/www.arsystem.com.br\/storage\/produtosBlocos\/imagens\/43782697810cefe6699dd680ef5b2c3a.png?v=1512498702\" alt=\"EXTREMAMENTE RESISTENTE\" \/><\/div>\n<div class=\"inner-desc5\">\n<h2><\/h2>\n<h2><\/h2>\n<h4 class=\"tit-desc5 font-4\">EXTREMAMENTE RESISTENTE<\/h4>\n<div class=\"bloco-desc font-2\">\n<p>O inserto de pl\u00e1stico do cortador de seguran\u00e7a est\u00e1 inserido em um cabo de alum\u00ednio. A estrutura est\u00e1vel assegura elevadas frequ\u00eancias de corte e uma longa vida \u00fatil.<\/p>\n<\/div>\n<\/div>\n<\/div>\n<\/div>\n<\/section>\n<section class=\"bloco-home\">\n<div class=\"div-titext\"><\/div>\n<\/section>\n<\/div>\n<\/div>\n<\/section>\n","protected":false},"excerpt":{"rendered":"<p>Estilete de Seguran\u00e7a Secunorm Multiset\u00a0 da linha Martor de estiletes de seguran\u00e7a de alta qualidade e tesoura de seguran\u00e7a para maior seguran\u00e7a de corte<\/p>\n","protected":false},"featured_media":6037,"template":"","meta":[],"product_brand":[],"product_cat":[39],"product_tag":[],"class_list":{"0":"post-6036","1":"product","2":"type-product","3":"status-publish","4":"has-post-thumbnail","6":"product_cat-estiletes-de-seguranca","8":"first","9":"instock","10":"shipping-taxable","11":"purchasable","12":"product-type-simple"},"_links":{"self":[{"href":"https:\/\/abrasivoparainox.com.br\/index.php?rest_route=\/wp\/v2\/product\/6036","targetHints":{"allow":["GET"]}}],"collection":[{"href":"https:\/\/abrasivoparainox.com.br\/index.php?rest_route=\/wp\/v2\/product"}],"about":[{"href":"https:\/\/abrasivoparainox.com.br\/index.php?rest_route=\/wp\/v2\/types\/product"}],"wp:featuredmedia":[{"embeddable":true,"href":"https:\/\/abrasivoparainox.com.br\/index.php?rest_route=\/wp\/v2\/media\/6037"}],"wp:attachment":[{"href":"https:\/\/abrasivoparainox.com.br\/index.php?rest_route=%2Fwp%2Fv2%2Fmedia&parent=6036"}],"wp:term":[{"taxonomy":"product_brand","embeddable":true,"href":"https:\/\/abrasivoparainox.com.br\/index.php?rest_route=%2Fwp%2Fv2%2Fproduct_brand&post=6036"},{"taxonomy":"product_cat","embeddable":true,"href":"https:\/\/abrasivoparainox.com.br\/index.php?rest_route=%2Fwp%2Fv2%2Fproduct_cat&post=6036"},{"taxonomy":"product_tag","embeddable":true,"href":"https:\/\/abrasivoparainox.com.br\/index.php?rest_route=%2Fwp%2Fv2%2Fproduct_tag&post=6036"}],"curies":[{"name":"wp","href":"https:\/\/api.w.org\/{rel}","templated":true}]}}