{"id":5901,"date":"2022-07-13T13:16:20","date_gmt":"2022-07-13T16:16:20","guid":{"rendered":"https:\/\/abrasivoparainox.com.br\/?post_type=product&amp;p=5901"},"modified":"2022-07-13T13:16:20","modified_gmt":"2022-07-13T16:16:20","slug":"estilete-de-seguranca-secupro-merak-martor","status":"publish","type":"product","link":"https:\/\/abrasivoparainox.com.br\/?product=estilete-de-seguranca-secupro-merak-martor","title":{"rendered":"Estilete de Seguran\u00e7a Secupro Merak &#8211; Martor"},"content":{"rendered":"<section class=\"inner-conteudo\">\n<div class=\"cont-produto2\">\n<div class=\"desc-1\">\n<h2 class=\"tit-desc1 font-4\">ESTILETE DE SEGURAN\u00c7A MARTOR<\/h2>\n<div class=\"inner-desc1 font-2\">\n<p>Linha Martor de estiletes de seguran\u00e7a de alta qualidade e tesoura de seguran\u00e7a para maior seguran\u00e7a de corte. As t\u00e9cnicas de seguran\u00e7a incorporadas nos cortadores de seguran\u00e7a Martor incluem:<\/p>\n<p>SECUMAX &#8211; L\u00e2mina oculta com prote\u00e7\u00e3o m\u00e1xima do trabalho;<\/p>\n<p>SECUPRO &#8211; Estilete retr\u00e1til autom\u00e1tico com prote\u00e7\u00e3o de trabalho muito elevada;<\/p>\n<p>SECUNORM &#8211; Estilete retr\u00e1til com prote\u00e7\u00e3o de trabalho elevada.<\/p>\n<p>As ferramentas de corte profissionais contribuem para aumentar a seguran\u00e7a no trabalho e reduzir as les\u00f5es de corte, tornando uma parte importante do equipamento de prote\u00e7\u00e3o pessoal na ind\u00fastria, varejo, log\u00edstica e com\u00e9rcio.<\/p>\n<p>&nbsp;<\/p>\n<\/div>\n<\/div>\n<div class=\"desc-1\">\n<h2 class=\"tit-desc1 font-4\" style=\"text-align: center;\">ESPECIFICA\u00c7\u00d5ES T\u00c9CNICAS<\/h2>\n<div class=\"inner-desc1 font-2\">\n<div class=\"div-table\">\n<table class=\"table table-bordered font-2 aligncenter\" style=\"height: 92px;\" width=\"303\">\n<tbody>\n<tr>\n<td>Medidas (C x L x A)<\/td>\n<td>\u00a0128 x 18 x 50 mm<\/td>\n<\/tr>\n<tr>\n<td>Peso do produto<\/td>\n<td>\u00a059 g<\/td>\n<\/tr>\n<tr>\n<td>Profundidade de corte<\/td>\n<td>\u00a09 mm<\/td>\n<\/tr>\n<\/tbody>\n<\/table>\n<\/div>\n<\/div>\n<\/div>\n<div class=\"desc-2\">\n<h2><\/h2>\n<h2 class=\"tit-desc2 font-4\" style=\"text-align: center;\">CONFIRA O MERAK NA PR\u00c1TICA!<\/h2>\n<p><iframe title=\"Safety knife MARTOR SECUPRO MERAK Product Video GB\" width=\"800\" height=\"450\" src=\"https:\/\/www.youtube.com\/embed\/Y_30_5l9xCk?feature=oembed\" frameborder=\"0\" allow=\"accelerometer; autoplay; clipboard-write; encrypted-media; gyroscope; picture-in-picture; web-share\" referrerpolicy=\"strict-origin-when-cross-origin\" allowfullscreen><\/iframe><\/p>\n<\/div>\n<div class=\"desc-1\">\n<h2><\/h2>\n<h2 class=\"tit-desc1 font-4\" style=\"text-align: center;\">ESPECIFICA\u00c7\u00d5ES DO PRODUTO<\/h2>\n<div class=\"inner-desc1 font-2\">\n<div class=\"div-table\">\n<table class=\"table table-bordered font-2 aligncenter\" style=\"height: 150px;\" width=\"552\">\n<tbody>\n<tr>\n<td>Dimens\u00f5es (Comprimento x Largura x Altura):<\/td>\n<td>128 x 18 x 50 mm<\/td>\n<\/tr>\n<tr>\n<td>Peso:<\/td>\n<td>59g<\/td>\n<\/tr>\n<tr>\n<td>Profundidade de Corte:<\/td>\n<td>9mm<\/td>\n<\/tr>\n<tr>\n<td>Acompanha:<\/td>\n<td>L\u00e2mina Martego (3952.008)<\/td>\n<\/tr>\n<tr>\n<td>L\u00e2mina para Reposi\u00e7\u00e3o:<\/td>\n<td><\/td>\n<\/tr>\n<\/tbody>\n<\/table>\n<\/div>\n<\/div>\n<div><\/div>\n<\/div>\n<div class=\"desc-5\">\n<div class=\"img-desc5\"><img fetchpriority=\"high\" decoding=\"async\" class=\"alignright\" src=\"https:\/\/www.arsystem.com.br\/storage\/produtosBlocos\/imagens\/a0e823772bcb49cfd00cee1b899bf77a.png?v=1531934415\" alt=\"RETRA\u00c7\u00c3O TOTALMENTE AUTOM\u00c1TICA DA L\u00c2MINA - SEGURAN\u00c7A MUITO ELEVADA\" width=\"516\" height=\"263\" \/><\/div>\n<div class=\"inner-desc5\">\n<h3 class=\"tit-desc5 font-4\">RETRA\u00c7\u00c3O TOTALMENTE AUTOM\u00c1TICA DA L\u00c2MINA &#8211; SEGURAN\u00c7A MUITO ELEVADA<\/h3>\n<div class=\"bloco-desc font-2\">\n<p>A retra\u00e7\u00e3o totalmente autom\u00e1tica da l\u00e2mina do SECUPRO MERAK garante-lhe um n\u00edvel muito elevado de seguran\u00e7a contra ferimentos de corte. Pois imediatamente ap\u00f3s abandonar o material de corte, a l\u00e2mina volta para dentro do punho. Mesmo que continue a pressionar a alavanca.<\/p>\n<p>&nbsp;<\/p>\n<\/div>\n<\/div>\n<\/div>\n<div class=\"desc-4\">\n<div class=\"img-desc4\"><img decoding=\"async\" class=\"alignleft\" src=\"https:\/\/www.arsystem.com.br\/storage\/produtosBlocos\/imagens\/5dd8f094d38057ed4f6ac27f70529de1.png?v=1531934415\" alt=\"SUBSTITUI\u00c7\u00c3O SEGURA DA L\u00c2MINA\" \/><\/div>\n<div class=\"inner-desc4\">\n<h3><\/h3>\n<h3 class=\"tit-desc4 font-4\">SUBSTITUI\u00c7\u00c3O SEGURA DA L\u00c2MINA<\/h3>\n<div class=\"bloco-desc font-2\">\n<p>Pode substituir a sua l\u00e2mina sem ferramentas adicionais ou mesmo sem desmontar a SECUPRO MERAK. N\u00e3o tem nada a perder: pois o \u00edm\u00e3 integrado impede que a l\u00e2mina caia.<\/p>\n<\/div>\n<\/div>\n<\/div>\n<p>&nbsp;<\/p>\n<div class=\"desc-5\">\n<div><\/div>\n<div class=\"img-desc5\"><img decoding=\"async\" class=\"alignright\" src=\"https:\/\/www.arsystem.com.br\/storage\/produtosBlocos\/imagens\/e8aa3f4b13130032e7fed1b6cb6ab53d.png?v=1531934415\" alt=\"LEVE E EST\u00c1VEL\" \/><\/div>\n<div class=\"inner-desc5\">\n<h3 class=\"tit-desc5 font-4\">LEVE E EST\u00c1VEL<\/h3>\n<div class=\"bloco-desc font-2\">\n<p>O SECUPRO MERAK est\u00e1 aplicado um pl\u00e1stico particularmente resistente \u00e0 abras\u00e3o. Mesmo assim, \u00e9 agradavelmente leve. A consequ\u00eancia: tanto o estilete de seguran\u00e7a, como o seu bra\u00e7o est\u00e3o protegidos contra o aparecimento r\u00e1pido da fadiga.<\/p>\n<\/div>\n<\/div>\n<\/div>\n<div class=\"desc-5\">\n<div><\/div>\n<div><\/div>\n<div><\/div>\n<div class=\"img-desc5\"><img decoding=\"async\" class=\"alignleft\" src=\"https:\/\/www.arsystem.com.br\/storage\/produtosBlocos\/imagens\/75abceee5faa8e3b04e1e28741703275.png?v=1531934415\" alt=\"SEGURAN\u00c7A\" \/><\/div>\n<div class=\"inner-desc5\">\n<h3 class=\"tit-desc5 font-4\">SEGURAN\u00c7A<\/h3>\n<div class=\"bloco-desc font-2\">\n<p>A prote\u00e7\u00e3o azul impede que a l\u00e2mina saia involuntariamente. Um pressionamento e fica protegido(a) contra ferimentos quando n\u00e3o est\u00e1 fazendo uso ou transportando.<\/p>\n<\/div>\n<\/div>\n<p>&nbsp;<\/p>\n<\/div>\n<div class=\"desc-4\">\n<div class=\"img-desc4\"><img decoding=\"async\" class=\"alignright\" src=\"https:\/\/www.arsystem.com.br\/storage\/produtosBlocos\/imagens\/13bd3543c29a0b62f4ee6f47f25722e7.jpg?v=1531934415\" alt=\"CORTE 4 VEZES MAIS\" \/><\/div>\n<div class=\"inner-desc4\">\n<h2><\/h2>\n<\/div>\n<\/div>\n<\/div>\n<\/section>\n<h2><\/h2>\n<section class=\"inner-conteudo\">\n<div class=\"cont-produto2\">\n<div class=\"desc-4\">\n<div class=\"inner-desc4\">\n<h3 class=\"tit-desc4 font-4\">CORTE 4 VEZES MAIS<\/h3>\n<div class=\"bloco-desc font-2\">\n<p>As l\u00e2minas Martor s\u00e3o fabricadas em Solingen, cidade alem\u00e3 refer\u00eancia mundial na fabrica\u00e7\u00e3o de facas, tesouras, navalhas e l\u00e2minas. Sua qualidade garante alto desempenho e longa vida \u00fatil.<\/p>\n<h3><\/h3>\n<h3><b>Uma l\u00e2mina, 4 pontas afiadas!<\/b><\/h3>\n<p>Tire o m\u00e1ximo das l\u00e2minas Martor, rotacionando-as para manter a const\u00e2ncia de for\u00e7a e qualidade de corte. Voc\u00ea pode mudar sua l\u00e2mina sem ferramentas adicionais, e sem desmontar o SECUPRO MERAK. Um \u00edm\u00e3 integrado evita que a l\u00e2mina caia e cause acidentes.<\/p>\n<\/div>\n<\/div>\n<\/div>\n<\/div>\n<\/section>\n<section class=\"bloco-home\">\n<div class=\"div-titext\"><\/div>\n<\/section>\n","protected":false},"excerpt":{"rendered":"<p>Estilete de Seguran\u00e7a Secupro Merak da linha Martor de estiletes de seguran\u00e7a de alta qualidade e tesoura de seguran\u00e7a para maior seguran\u00e7a de corte.<\/p>\n","protected":false},"featured_media":5903,"template":"","meta":[],"product_brand":[],"product_cat":[39],"product_tag":[],"class_list":{"0":"post-5901","1":"product","2":"type-product","3":"status-publish","4":"has-post-thumbnail","6":"product_cat-estiletes-de-seguranca","8":"first","9":"instock","10":"shipping-taxable","11":"purchasable","12":"product-type-simple"},"_links":{"self":[{"href":"https:\/\/abrasivoparainox.com.br\/index.php?rest_route=\/wp\/v2\/product\/5901","targetHints":{"allow":["GET"]}}],"collection":[{"href":"https:\/\/abrasivoparainox.com.br\/index.php?rest_route=\/wp\/v2\/product"}],"about":[{"href":"https:\/\/abrasivoparainox.com.br\/index.php?rest_route=\/wp\/v2\/types\/product"}],"wp:featuredmedia":[{"embeddable":true,"href":"https:\/\/abrasivoparainox.com.br\/index.php?rest_route=\/wp\/v2\/media\/5903"}],"wp:attachment":[{"href":"https:\/\/abrasivoparainox.com.br\/index.php?rest_route=%2Fwp%2Fv2%2Fmedia&parent=5901"}],"wp:term":[{"taxonomy":"product_brand","embeddable":true,"href":"https:\/\/abrasivoparainox.com.br\/index.php?rest_route=%2Fwp%2Fv2%2Fproduct_brand&post=5901"},{"taxonomy":"product_cat","embeddable":true,"href":"https:\/\/abrasivoparainox.com.br\/index.php?rest_route=%2Fwp%2Fv2%2Fproduct_cat&post=5901"},{"taxonomy":"product_tag","embeddable":true,"href":"https:\/\/abrasivoparainox.com.br\/index.php?rest_route=%2Fwp%2Fv2%2Fproduct_tag&post=5901"}],"curies":[{"name":"wp","href":"https:\/\/api.w.org\/{rel}","templated":true}]}}