{"id":5524,"date":"2022-06-29T19:39:10","date_gmt":"2022-06-29T22:39:10","guid":{"rendered":"https:\/\/abrasivoparainox.com.br\/product\/roda-de-manta-100x100-m14-suryha\/"},"modified":"2025-11-16T19:06:20","modified_gmt":"2025-11-16T19:06:20","slug":"roda-de-manta-100x100-m14-suryha","status":"publish","type":"product","link":"https:\/\/abrasivoparainox.com.br\/?product=roda-de-manta-100x100-m14-suryha","title":{"rendered":"Roda de Manta 100&#215;100 M14 &#8211; Suryha"},"content":{"rendered":"<p><span style=\"font-family: lucida sans unicode,lucida grande,sans-serif;\">As <strong>rodas de manta\u00a0<\/strong>\u00a0Suryha s\u00e3o produtos compostos por aletas abrasivas revestidas radialmente em torno do eixo da ferramenta, em uma configura\u00e7\u00e3o do tipo \u201cventilador\u201d. As tiras s\u00e3o fixadas com uma resina especial, e dois flanges com encaixe perfeito nas m\u00e1quinas indicadas para o uso do produto. A <strong>roda de manta\u00a0 100&#215;100<\/strong>\u00a0da Suryha, \u00e9 produzida com materiais de alta qualidade oferecendo resist\u00eancia e durabilidade. As rodas de manta s\u00e3o ideais para uma ampla variedade de remo\u00e7\u00e3o de solda, rebarba\u00e7\u00e3o, acabamento e polimento. As rodas de Lixa\u00a0s\u00e3o mold\u00e1veis a formas e contornos complicados, e s\u00e3o desenvolvidas para proporcionar um acabamento consistente com um n\u00edvel uniforme de corte.\u00a0<\/span><\/p>\n<p><span style=\"font-family: lucida sans unicode,lucida grande,sans-serif;\">Altura: 100mm<br \/>\nDi\u00e2metro: 100mm<br \/>\nRoda de lixa \u00a0100&#215;100<\/span><\/p>\n<p>As aplica\u00e7\u00f5es da <strong>roda de manta\u00a0 100&#215;100<\/strong>\u00a0da Suryha v\u00e3o desde o processamento de cord\u00f5es de solda at\u00e9 o desbaste fino de superf\u00edcies em pe\u00e7as retas ou curvas de diferentes materiais.<\/p>\n<p><span style=\"font-family: lucida sans unicode,lucida grande,sans-serif;\"><strong>INDICA\u00c7\u00d5ES:<\/strong> Lixamento de a\u00e7o e sua ligas, qualidade garantida em rebarba\u00e7\u00e3o. Limpa e lixa soldas, bordas e\u00a0cantos. Acabamento em superf\u00edcies planas ou curvas em geral.\u00a0Ind\u00fastrias metal\u00fargicas, autope\u00e7as, fundi\u00e7\u00f5es, entre outras.<\/span><\/p>\n<p><span style=\"font-family: lucida sans unicode,lucida grande,sans-serif;\"><span style=\"font-size: 16px;\"><u><span style=\"color: #ff8c00;\"><strong>Montagem e Utiliza\u00e7\u00e3o<\/strong><\/span><\/u><\/span><\/span><\/p>\n<p><span style=\"font-family: lucida sans unicode,lucida grande,sans-serif;\">A montagem da <strong>roda de lixa<\/strong>\u00a0Suryha deve ser feita com flange met\u00e1lico, que se adapta ao rebaixo do flange da roda. Sua utiliza\u00e7\u00e3o deve acontecer em ferramentas especiais de alto poder de rota\u00e7\u00e3o, tais como politrizes, esmerilhadeiras, polidoras\/acetinadoras, entre outras. A capacidade de sa\u00edda da m\u00e1quina a ser utilizada deve ser de 1.000 a 1.500 watts.<\/span><\/p>\n<p><strong style=\"font-family: 'lucida sans unicode', 'lucida grande', sans-serif;\"><u><span style=\"font-size: 16px;\">\u00c1reas\u00a0de Aplica\u00e7\u00e3o<\/span><\/u><\/strong><\/p>\n<p><span style=\"font-family: 'lucida sans unicode', 'lucida grande', sans-serif;\">&#8211; Tinta \/ Verniz \/ Massa<br \/>\n&#8211; Madeira<br \/>\n&#8211; Pl\u00e1stico<br \/>\n&#8211; Metal Universal<br \/>\n&#8211; A\u00e7o<br \/>\n&#8211; A\u00e7o Inoxid\u00e1vel<\/span><\/p>\n<p><strong style=\"font-family: 'lucida sans unicode', 'lucida grande', sans-serif;\"><u><span style=\"font-size: 16px;\">Ramos de Aplica\u00e7\u00e3o<\/span><\/u><\/strong><span style=\"font-family: 'lucida sans unicode', 'lucida grande', sans-serif;\">:<\/span><\/p>\n<p>&#8211; Ind\u00fastrias Metal\u00fargicas<br \/>\n&#8211; Ind\u00fastrias Cervejeiras<br \/>\n&#8211; Ind\u00fastria de Latic\u00ednios<\/p>\n<p><span style=\"font-family: 'lucida sans unicode', 'lucida grande', sans-serif;\"><strong><u><span style=\"font-size: 16px;\">Em quais materiais e processos utilizar?<\/span><\/u><\/strong><\/span><\/p>\n<p><span style=\"font-family: 'lucida sans unicode', 'lucida grande', sans-serif;\"><strong>As rodas de Lixa<\/strong>\u00a0Suryha foram projetadas para polimento autom\u00e1tico e semiautom\u00e1tico, em diversos tipos de materiais, tais como: A\u00e7o, a\u00e7o inox, alum\u00ednio, pl\u00e1stico, madeira, pedras, entre outros. Gra\u00e7as a sua flexibilidade, podem ser utilizadas em diversos tipos de ind\u00fastria, com aplica\u00e7\u00f5es em superf\u00edcies planas, cil\u00edndricas, \u00e1reas de contorno, reentr\u00e2ncias e canaletas, realizando melhorias como:<\/span><\/p>\n<p><span style=\"font-family: 'lucida sans unicode', 'lucida grande', sans-serif;\">&#8211; Elimina\u00e7\u00e3o de rebarbas;<\/span><\/p>\n<p><span style=\"font-family: 'lucida sans unicode', 'lucida grande', sans-serif;\">&#8211; Obten\u00e7\u00e3o de acabamentos homog\u00eaneos em superf\u00edcies maiores e contornos em aplica\u00e7\u00f5es manuais;<\/span><\/p>\n<p><span style=\"font-family: 'lucida sans unicode', 'lucida grande', sans-serif;\">&#8211; Desbaste muito fino como precursor do polimento de alto brilho;<\/span><\/p>\n<p><span style=\"font-family: 'lucida sans unicode', 'lucida grande', sans-serif;\">&#8211; Limpeza de cord\u00f5es de solda, removendo manchas grossas irregulares e imperfei\u00e7\u00f5es;<\/span><\/p>\n<p><span style=\"font-family: 'lucida sans unicode', 'lucida grande', sans-serif;\">&#8211; Lixamento interno e polimento de tubos, pias de a\u00e7o inox, cubas, tanques para vin\u00edcolas, cervejarias, sucos, produtos qu\u00edmicos, panelas, pe\u00e7as de pl\u00e1stico, etc.<\/span><\/p>\n<p><span style=\"font-family: lucida sans unicode,lucida grande,sans-serif;\"><strong><u><span style=\"font-size: 16px;\">Qual o gr\u00e3o ideal? <\/span><\/u><\/strong><\/span><\/p>\n<p><span style=\"font-family: lucida sans unicode,lucida grande,sans-serif;\">A escolha da granula\u00e7\u00e3o correta \u00e9 fundamental para a otimiza\u00e7\u00e3o de resultados em cada processo realizado. Quanto mais alto for o gr\u00e3o (representado por #), mais fina \u00e9 a lixa, garantindo maior espelhamento \u00e0 pe\u00e7a.<\/span><\/p>\n<p><span style=\"font-family: lucida sans unicode,lucida grande,sans-serif;\"><strong>#30 a #60 (gr\u00e3os grossos)<\/strong> \u2013 Indicados para desbaste pesado, em pe\u00e7as com imperfei\u00e7\u00f5es mais vis\u00edveis e de dif\u00edcil retirada, tais como muita ferrugem, soldas altas, etc.<\/span><\/p>\n<p><span style=\"font-family: lucida sans unicode,lucida grande,sans-serif;\"><strong>#80 a #150 (gr\u00e3os m\u00e9dios)<\/strong> \u2013 Indicados para remo\u00e7\u00e3o de riscos, ferrugem e soldas leves, e outros defeitos de m\u00e9dia acentua\u00e7\u00e3o.\u00a0<\/span><\/p>\n<p><span style=\"font-family: lucida sans unicode,lucida grande,sans-serif;\"><strong>#180 a #400 (gr\u00e3os finos)<\/strong> \u2013 Indicados para polimento espelhado, preparando a pe\u00e7a para receber polimento com brilho. Esta granula\u00e7\u00e3o garante um resultado praticamente perfeito, com superf\u00edcie perfeita e poucos riscos (que dever\u00e3o ser removidos com disco de polimento e massa de polir).\u00a0<\/span><\/p>\n","protected":false},"excerpt":{"rendered":"<p>As aplica\u00e7\u00f5es da <strong>roda de manta 100&#215;100<\/strong>\u00a0da Suryha v\u00e3o desde o processamento de cord\u00f5es de solda at\u00e9 o desbaste fino de superf\u00edcies em pe\u00e7as retas ou curvas de diferentes materiais.<\/p>\n","protected":false},"featured_media":5828,"template":"","meta":[],"product_brand":[],"product_cat":[59],"product_tag":[],"class_list":{"0":"post-5524","1":"product","2":"type-product","3":"status-publish","4":"has-post-thumbnail","6":"product_cat-rodas-de-lixa","8":"first","9":"instock","10":"featured","11":"purchasable","12":"product-type-variable"},"_links":{"self":[{"href":"https:\/\/abrasivoparainox.com.br\/index.php?rest_route=\/wp\/v2\/product\/5524","targetHints":{"allow":["GET"]}}],"collection":[{"href":"https:\/\/abrasivoparainox.com.br\/index.php?rest_route=\/wp\/v2\/product"}],"about":[{"href":"https:\/\/abrasivoparainox.com.br\/index.php?rest_route=\/wp\/v2\/types\/product"}],"wp:featuredmedia":[{"embeddable":true,"href":"https:\/\/abrasivoparainox.com.br\/index.php?rest_route=\/wp\/v2\/media\/5828"}],"wp:attachment":[{"href":"https:\/\/abrasivoparainox.com.br\/index.php?rest_route=%2Fwp%2Fv2%2Fmedia&parent=5524"}],"wp:term":[{"taxonomy":"product_brand","embeddable":true,"href":"https:\/\/abrasivoparainox.com.br\/index.php?rest_route=%2Fwp%2Fv2%2Fproduct_brand&post=5524"},{"taxonomy":"product_cat","embeddable":true,"href":"https:\/\/abrasivoparainox.com.br\/index.php?rest_route=%2Fwp%2Fv2%2Fproduct_cat&post=5524"},{"taxonomy":"product_tag","embeddable":true,"href":"https:\/\/abrasivoparainox.com.br\/index.php?rest_route=%2Fwp%2Fv2%2Fproduct_tag&post=5524"}],"curies":[{"name":"wp","href":"https:\/\/api.w.org\/{rel}","templated":true}]}}