{"id":5469,"date":"2022-06-29T19:38:42","date_gmt":"2022-06-29T22:38:42","guid":{"rendered":"https:\/\/abrasivoparainox.com.br\/product\/disco-flap-ppr-115-diamond-plas-suryha\/"},"modified":"2025-11-16T18:44:01","modified_gmt":"2025-11-16T18:44:01","slug":"disco-flap-ppr-115-diamond-plas-suryha","status":"publish","type":"product","link":"https:\/\/abrasivoparainox.com.br\/?product=disco-flap-ppr-115-diamond-plas-suryha","title":{"rendered":"Disco Flap PPR 115 Diamond PLAS- Suryha"},"content":{"rendered":"<p><strong>O Disco Flap Suryha Diamond <\/strong>\u00e9 um produto de alt\u00edssima qualidade e performance. Possui uma elevada vida \u00fatil, al\u00e9m de um grande poder de remo\u00e7\u00e3o. O Disco Flap Suryha Diamond \u00e9 indicado para m\u00e1quinas que possuem um torque mais elevado, acima de 1.200 watts.. Sua caracter\u00edstica principal o acabamento e desbaste de pe\u00e7as, como acabamento de soldas, ferrugens, tintas, adesivos e outros detritos que possam conter na superf\u00edcie da pe\u00e7a.<\/p>\n<p>Di\u00e2metro: 115mm<br \/>\n<strong>Disco\u00a0Diamond PPR 115\u00a0Pl\u00e1stico Zirconio &#8211; Suryha<\/strong><\/p>\n<p><strong>Montagem e Utiliza\u00e7\u00e3o<\/strong><\/p>\n<p>O Disco Flap Diamond PPR 115\u00a0Pl\u00e1stico \u00e9 utilizado em lixadeiras e esmerilhadeiras tanto el\u00e9tricas quanto pneum\u00e1ticas. Portanto, para o seu uso \u00e9 indicado o uso de Equipamentos de Prote\u00e7\u00e3o Individual &#8211; EPI, al\u00e9m de um cuidado pois como se trata de um processo de desbaste, pode soltar detritos durante o trabalho.<\/p>\n<p>Dentro das categorias dos Flaps est\u00e3o:<\/p>\n<p><strong>Disco Flap Suryha D Pro:<\/strong>\u00a0Disco Flap desenvolvido com qualidade Suryha para trabalho leves. Possui um poder de remo\u00e7\u00e3o menor e \u00e9 indicado para m\u00e1quinas com uma pot\u00eancia n\u00e3o t\u00e3o elevada. Ideal para trabalhos em larga escala e com um longo consumo de material.<\/p>\n<p><strong>Disco Flap Suryha D :\u00a0<\/strong>Disco Flap desenvolvido com alta tecnologia. O Disco Flap Suryha \u00e9 a ferramenta ideal para dar acabamento em pe\u00e7as de diferentes tipos. Possui um poder elevado de remo\u00e7\u00e3o sendo um \u00f3timo custo benef\u00edcio.<\/p>\n<p><strong>Disco Flap Suryha D+:\u00a0<\/strong>\u00a0Disco Flap Suryha + possui a mesma tecnologia que o Disco Flap Suryha, por\u00e9m possui mais lixas em sua composi\u00e7\u00e3o e \u00e9 indicado para m\u00e1quinas mais potentes superiores a 1.000 watts.<\/p>\n<p><strong>Disco Flap Suryha T e T7 :<\/strong>\u00a0 Disco Flap Suryha T e T7 possui a mesma tecnologia que o Disco Flap Suryha, por\u00e9m possui mais lixas em sua composi\u00e7\u00e3o e \u00e9 indicado para m\u00e1quinas mais potentes superiores a 1.000 watts. Al\u00e9m de possuir uma elevada vida \u00fatil, al\u00e9m de um grande poder de remo\u00e7\u00e3o.<\/p>\n<p><strong>Disco Flap Suryha Diamond:<\/strong>\u00a0O Disco Flap Suryha Diamond \u00e9 um produto de alt\u00edssima qualidade e performance. Possui uma elevada vida \u00fatil, al\u00e9m de um grande poder de remo\u00e7\u00e3o. O Disco Flap Suryha Diamond \u00e9 indicado para m\u00e1quinas que possuem um torque mais elevado, acima de 1.200 watts.<\/p>\n<p><strong>\u00c1reas de Aplica\u00e7\u00e3o<\/strong><\/p>\n<p>&#8211; Metal Universal<br \/>\n&#8211; A\u00e7o<br \/>\n&#8211; A\u00e7o Inoxid\u00e1vel<\/p>\n<p><strong>Ramos de Aplica\u00e7\u00e3o:<\/strong><\/p>\n<p>&#8211; Ind\u00fastrias Metal\u00fargicas<br \/>\n&#8211; Ind\u00fastrias Cervejeiras<br \/>\n&#8211; Ind\u00fastria de Latic\u00ednios<\/p>\n","protected":false},"excerpt":{"rendered":"<p><strong>O Disco Flap PPR 115 Diamond PLAS <\/strong>\u00e9 um produto de alt\u00edssima qualidade e performance.<\/p>\n","protected":false},"featured_media":5909,"template":"","meta":[],"product_brand":[],"product_cat":[56,31],"product_tag":[],"class_list":{"0":"post-5469","1":"product","2":"type-product","3":"status-publish","4":"has-post-thumbnail","6":"product_cat-disco-flap-ppr","7":"product_cat-discos","9":"first","10":"instock","11":"purchasable","12":"product-type-variable"},"_links":{"self":[{"href":"https:\/\/abrasivoparainox.com.br\/index.php?rest_route=\/wp\/v2\/product\/5469","targetHints":{"allow":["GET"]}}],"collection":[{"href":"https:\/\/abrasivoparainox.com.br\/index.php?rest_route=\/wp\/v2\/product"}],"about":[{"href":"https:\/\/abrasivoparainox.com.br\/index.php?rest_route=\/wp\/v2\/types\/product"}],"wp:featuredmedia":[{"embeddable":true,"href":"https:\/\/abrasivoparainox.com.br\/index.php?rest_route=\/wp\/v2\/media\/5909"}],"wp:attachment":[{"href":"https:\/\/abrasivoparainox.com.br\/index.php?rest_route=%2Fwp%2Fv2%2Fmedia&parent=5469"}],"wp:term":[{"taxonomy":"product_brand","embeddable":true,"href":"https:\/\/abrasivoparainox.com.br\/index.php?rest_route=%2Fwp%2Fv2%2Fproduct_brand&post=5469"},{"taxonomy":"product_cat","embeddable":true,"href":"https:\/\/abrasivoparainox.com.br\/index.php?rest_route=%2Fwp%2Fv2%2Fproduct_cat&post=5469"},{"taxonomy":"product_tag","embeddable":true,"href":"https:\/\/abrasivoparainox.com.br\/index.php?rest_route=%2Fwp%2Fv2%2Fproduct_tag&post=5469"}],"curies":[{"name":"wp","href":"https:\/\/api.w.org\/{rel}","templated":true}]}}