{"id":5439,"date":"2022-06-29T19:38:13","date_gmt":"2022-06-29T22:38:13","guid":{"rendered":"https:\/\/abrasivoparainox.com.br\/product\/pulverizador-borrifador-500ml-suryah\/"},"modified":"2026-02-16T21:04:25","modified_gmt":"2026-02-16T21:04:25","slug":"pulverizador-borrifador-500ml-suryah","status":"publish","type":"product","link":"https:\/\/abrasivoparainox.com.br\/?product=pulverizador-borrifador-500ml-suryah","title":{"rendered":"Pulverizador Borrifador 500ml &#8211; Suryah"},"content":{"rendered":"<p>O <strong>Pulverizador Suryah<\/strong> foi desenvolvido especialmente para utiliza\u00e7\u00e3o com uma grande variedade de agentes de limpeza, lubrificantes e anti-respingos. Fabricado com polietileno com espessura refor\u00e7ada e bico borrifador de bronze, garante jatos finos ou atomiza\u00e7\u00e3o em leques amplos para cobertura de grandes \u00e1reas, conforme a necessidade. Seu bocal \u00e9 largo o que permite f\u00e1cil limpeza e recarga. An\u00e9is de veda\u00e7\u00e3o em Viton e molas revestidas com elevada resist\u00eancia a produtos qu\u00edmicos.<\/p>\n<p><strong>Capacidade<\/strong>: 500ml<\/p>\n<p><strong>Tipo<\/strong>: Pulverizador \/ Borrifador<\/p>\n<p><strong>Aplica\u00e7\u00e3o<\/strong>: Utilizado para a Aplica\u00e7\u00e3o de Lubrificantes, Anti-Respingos e Agentes de Limpeza<\/p>\n<p><strong>Marca<\/strong>: Suryah<\/p>\n<p><strong>Informa\u00e7\u00f5es adicionais:\u00a0<\/strong><\/p>\n<p>&#8211; Ideal para qualquer produto qu\u00edmico<\/p>\n<p>&#8211; F\u00e1cil manuseio at\u00e9 com luvas<\/p>\n<p>&#8211; Veda\u00e7\u00e3o muito eficiente, evitando vazar qualquer tipo de l\u00edquido<\/p>\n<p>&#8211; \u00c2ngulo do spray de 0\u00b0 a 60\u00b0<\/p>\n<p>&#8211; Fabricado na Europa<\/p>\n<p><strong>Pulverizador Borrifador 500ml &#8211; Suryah<\/strong><\/p>\n<p>&#8211; Ideal para todos os tipos de ind\u00fastrias.<\/p>\n","protected":false},"excerpt":{"rendered":"<p>O <strong>Pulverizador Suryah<\/strong> foi desenvolvido especialmente para utiliza\u00e7\u00e3o com uma grande variedade de agentes de limpeza, lubrificantes e anti-respingos.<\/p>\n","protected":false},"featured_media":5866,"template":"","meta":[],"product_brand":[],"product_cat":[71],"product_tag":[],"class_list":{"0":"post-5439","1":"product","2":"type-product","3":"status-publish","4":"has-post-thumbnail","6":"product_cat-abrasivos-e-polimento","8":"first","9":"instock","10":"purchasable","11":"product-type-simple"},"_links":{"self":[{"href":"https:\/\/abrasivoparainox.com.br\/index.php?rest_route=\/wp\/v2\/product\/5439","targetHints":{"allow":["GET"]}}],"collection":[{"href":"https:\/\/abrasivoparainox.com.br\/index.php?rest_route=\/wp\/v2\/product"}],"about":[{"href":"https:\/\/abrasivoparainox.com.br\/index.php?rest_route=\/wp\/v2\/types\/product"}],"wp:featuredmedia":[{"embeddable":true,"href":"https:\/\/abrasivoparainox.com.br\/index.php?rest_route=\/wp\/v2\/media\/5866"}],"wp:attachment":[{"href":"https:\/\/abrasivoparainox.com.br\/index.php?rest_route=%2Fwp%2Fv2%2Fmedia&parent=5439"}],"wp:term":[{"taxonomy":"product_brand","embeddable":true,"href":"https:\/\/abrasivoparainox.com.br\/index.php?rest_route=%2Fwp%2Fv2%2Fproduct_brand&post=5439"},{"taxonomy":"product_cat","embeddable":true,"href":"https:\/\/abrasivoparainox.com.br\/index.php?rest_route=%2Fwp%2Fv2%2Fproduct_cat&post=5439"},{"taxonomy":"product_tag","embeddable":true,"href":"https:\/\/abrasivoparainox.com.br\/index.php?rest_route=%2Fwp%2Fv2%2Fproduct_tag&post=5439"}],"curies":[{"name":"wp","href":"https:\/\/api.w.org\/{rel}","templated":true}]}}