{"id":5389,"date":"2022-06-29T19:37:52","date_gmt":"2022-06-29T22:37:52","guid":{"rendered":"https:\/\/abrasivoparainox.com.br\/product\/lima-rotativa-spg-0313-3-simples-suryha\/"},"modified":"2022-06-29T19:37:52","modified_gmt":"2022-06-29T22:37:52","slug":"lima-rotativa-spg-0313-3-simples-suryha","status":"publish","type":"product","link":"https:\/\/abrasivoparainox.com.br\/?product=lima-rotativa-spg-0313-3-simples-suryha","title":{"rendered":"Lima Rotativa SPG 0313\/3 Simples &#8211; Suryha"},"content":{"rendered":"<p>A <strong>Lima Rotativa da Suryha<\/strong> \u00e9 um produto utilizado para desbastar e rebarbar pe\u00e7as em a\u00e7os e metais n\u00e3o ferrosos em geral. As<strong> limas rotativas<\/strong> de metal duro s\u00e3o fabricadas com carbureto de tungst\u00eanio. Este material garante uma vida \u00fatil prolongada sem perder seu formato dimensional garantindo repetibilidade de dimens\u00e3o na pe\u00e7a-obra, al\u00e9m de alta <strong>durabilidade e produtividade<\/strong>.<\/p>\n<p>Di\u00e2metro: 03<br \/>\nAltura: 13<br \/>\nHaste: 03<br \/>\n<strong>Lima Rotativa SPG 0313\/3 Simples &#8211; Suryha<\/strong><\/p>\n<p><strong>Montagem e Utiliza\u00e7\u00e3o<\/strong><\/p>\n<p>Esta ferramenta \u00e9 utilizada na ret\u00edfica reta. Os diversos formatos favorecem a remo\u00e7\u00e3o de rebarbas em todos os tipos de formatos de perfis e \u00e2ngulos, em pe\u00e7a-obra no processo industrial.<\/p>\n<p><strong>\u00c1reas de Aplica\u00e7\u00e3o<\/strong><\/p>\n<p>&#8211; Metal Universal<br \/>\n&#8211; A\u00e7o<br \/>\n&#8211; A\u00e7o Inoxid\u00e1vel<\/p>\n<p><strong>Ramos de Aplica\u00e7\u00e3o:<\/strong><\/p>\n<p>&#8211; Ind\u00fastrias Metal\u00fargicas<br \/>\n&#8211; Ind\u00fastrias Cervejeiras<br \/>\n&#8211; Ind\u00fastria de Latic\u00ednios<\/p>\n","protected":false},"excerpt":{"rendered":"<p>A Lima Rotativa SPG 0313\u00a0\u00e9 um produto utilizado para desbastar e rebarbar pe\u00e7as em a\u00e7os e metais n\u00e3o ferrosos em geral.<\/p>\n","protected":false},"featured_media":5390,"template":"","meta":[],"product_brand":[],"product_cat":[41],"product_tag":[],"class_list":{"0":"post-5389","1":"product","2":"type-product","3":"status-publish","4":"has-post-thumbnail","6":"product_cat-limas-rotativas","8":"first","9":"instock","10":"purchasable","11":"product-type-simple"},"_links":{"self":[{"href":"https:\/\/abrasivoparainox.com.br\/index.php?rest_route=\/wp\/v2\/product\/5389","targetHints":{"allow":["GET"]}}],"collection":[{"href":"https:\/\/abrasivoparainox.com.br\/index.php?rest_route=\/wp\/v2\/product"}],"about":[{"href":"https:\/\/abrasivoparainox.com.br\/index.php?rest_route=\/wp\/v2\/types\/product"}],"wp:featuredmedia":[{"embeddable":true,"href":"https:\/\/abrasivoparainox.com.br\/index.php?rest_route=\/wp\/v2\/media\/5390"}],"wp:attachment":[{"href":"https:\/\/abrasivoparainox.com.br\/index.php?rest_route=%2Fwp%2Fv2%2Fmedia&parent=5389"}],"wp:term":[{"taxonomy":"product_brand","embeddable":true,"href":"https:\/\/abrasivoparainox.com.br\/index.php?rest_route=%2Fwp%2Fv2%2Fproduct_brand&post=5389"},{"taxonomy":"product_cat","embeddable":true,"href":"https:\/\/abrasivoparainox.com.br\/index.php?rest_route=%2Fwp%2Fv2%2Fproduct_cat&post=5389"},{"taxonomy":"product_tag","embeddable":true,"href":"https:\/\/abrasivoparainox.com.br\/index.php?rest_route=%2Fwp%2Fv2%2Fproduct_tag&post=5389"}],"curies":[{"name":"wp","href":"https:\/\/api.w.org\/{rel}","templated":true}]}}