{"id":5353,"date":"2022-06-29T19:37:29","date_gmt":"2022-06-29T22:37:29","guid":{"rendered":"https:\/\/abrasivoparainox.com.br\/product\/estilete-de-seguranca-secunorm-540-martor\/"},"modified":"2022-06-29T19:37:29","modified_gmt":"2022-06-29T22:37:29","slug":"estilete-de-seguranca-secunorm-540-martor","status":"publish","type":"product","link":"https:\/\/abrasivoparainox.com.br\/?product=estilete-de-seguranca-secunorm-540-martor","title":{"rendered":"Estilete de Seguran\u00e7a Secunorm 540 &#8211; Martor"},"content":{"rendered":"<p><strong>O Estilete de Seguran\u00e7a Secunorm 540\u00a0Martor<\/strong> \u00e9 um estilete de seguran\u00e7a de alta qualidade e tesoura de seguran\u00e7a para maior seguran\u00e7a de corte. As t\u00e9cnicas de seguran\u00e7a incorporadas nos cortadores de seguran\u00e7a Martor incluem:<\/p>\n<p><strong>SECUMAX <\/strong>&#8211; L\u00e2mina oculta com prote\u00e7\u00e3o m\u00e1xima do trabalho;<\/p>\n<p><strong>SECUPRO<\/strong> &#8211; Estilete retr\u00e1til autom\u00e1tico com prote\u00e7\u00e3o de trabalho muito elevada;<\/p>\n<p><strong>SECUNORM <\/strong>&#8211; Estilete retr\u00e1til com prote\u00e7\u00e3o de trabalho elevada.<\/p>\n<p>As ferramentas de corte profissionais contribuem para aumentar a seguran\u00e7a no trabalho e reduzir as les\u00f5es de corte, tornando uma parte importante do equipamento de prote\u00e7\u00e3o pessoal na ind\u00fastria, varejo, log\u00edstica e com\u00e9rcio.<\/p>\n<p><strong>L\u00c2MINA OCULTA &#8211; SEGURAN\u00c7A M\u00c1XIMA<\/strong><\/p>\n<p>A l\u00e2mina do SECUNORM 540\u00a0fica isolada do operador. Isso proporciona o mais alto grau de seguran\u00e7a contra ferimentos de corte e danos \u00e0s mercadorias.<\/p>\n<p><strong>PARA PESSOAS E MERCADORIA<\/strong><\/p>\n<p>A l\u00e2mina oculta protege o operador e a mercadoria de modo confi\u00e1vel. E a sua empresa? Tamb\u00e9m se beneficia quando tudo funciona sem problemas.<\/p>\n<p>Indicado para trabalhos de limpeza grosseira, como remo\u00e7\u00e3o de tinta, incrusta\u00e7\u00f5es, descolora\u00e7\u00e3o por calor, ferrugem e res\u00edduos de adesivo.<\/p>\n<p><strong>L\u00c2MINA 4 VEZES REUTILIZ\u00c1VEL<\/strong><\/p>\n<p>A l\u00e2mina possui dois gumes e quatro cantos afiados. Girando e virando, voc\u00ea quadruplica o tempo de uso e corta sempre como se ela fosse nova.<\/p>\n<p><strong>CABO ERGON\u00d4MICO<\/strong><\/p>\n<p>A sua ferramenta de corte \u00e9 continuamente utilizada? Nesse caso, \u00e9 ainda mais importante que o manuseio seja t\u00e3o confort\u00e1vel e pouco cansativo para voc\u00ea quanto poss\u00edvel. O cabo ergon\u00f4mico contribui para isso.<\/p>\n<p><strong>PARA FITAS ADESIVAS<\/strong><\/p>\n<p>Para que serve a plaqueta met\u00e1lica integrada na parte de cima do cabo? Experimente. Basta posicionar na fita adesiva do papel\u00e3o, perfurar e rasgar a fita com um pux\u00e3o. Simples assim.<\/p>\n<p><strong>RETRA\u00c7\u00c3O AUTOM\u00c1TICA DA L\u00c2MINA &#8211; ELEVADA SEGURAN\u00c7A<\/strong><br \/>\nA retra\u00e7\u00e3o autom\u00e1tica da l\u00e2mina garante-lhe um elevado n\u00edvel de seguran\u00e7a contra ferimentos de corte. Assim que tiver assumido o posicionamento para o corte, retire o polegar do mecanismo de deslizamento. Deste modo, \u00e9 poss\u00edvel que, imediatamente ap\u00f3s ser abandonado o material de corte, a l\u00e2mina volte para dentro do punho.<\/p>\n<p><strong>L\u00c2MINA LONGA E EST\u00c1VEL<\/strong><br \/>\nPor que nenhum cortador normal consegue acompanhar este aqui? Porque a l\u00e2mina do SECUNORM 540 distingue-se por um risco de quebra extremamente baixo. Ideal para abrir sacarias e para cortar folhas de papel em impress\u00e3o rotativa, por exemplo.<\/p>\n<p><strong>EXTREMAMENTE RESISTENTE<\/strong><br \/>\nO inserto de pl\u00e1stico do SECUNORM 540 est\u00e1 inserido em um cabo de alum\u00ednio. Gra\u00e7as \u00e0 sua estrutura est\u00e1vel, voc\u00ea poder\u00e1 contar com a sua ferramenta de corte por muito tempo.<\/p>\n<p><strong>PARA DESTROS E CANHOTOS<\/strong><br \/>\nO SECUNORM 540 se encaixa em qualquer m\u00e3o. Se voc\u00ea for canhoto, basta virar a l\u00e2mina apenas uma vez no cabo \u2013 e a sua ferramenta de corte est\u00e1 pronta.<\/p>\n<p><strong>TROCA F\u00c1CIL DE L\u00c2MINAS<\/strong><br \/>\nVoc\u00ea domina a substitui\u00e7\u00e3o da l\u00e2mina rapidamente. Voc\u00ea s\u00f3 precisa deslizar o inserto de pl\u00e1stico para fora do cabo e substituir a l\u00e2mina antiga por uma nova.<\/p>\n<p><strong>CARACTER\u00cdSTICAS<\/strong><\/p>\n<p>\u2022 Corpo em pl\u00e1stico, altamente resistente.<\/p>\n<p>\u2022 Bico para perfura\u00e7\u00e3o de sacarias.<\/p>\n<p>\u2022 Sliter para corte suave.<\/p>\n<p>\u2022 Op\u00e7\u00e3o de l\u00e2mina quadril\u00e1tera em a\u00e7o carbono ou inoxid\u00e1vel, ambas utiliz\u00e1veis por quatro lados.<\/p>\n<p>\u2022 Possui fecho que requer chave especial para substituir l\u00e2mina e slitter que ir\u00e1 conduzir o corte com precis\u00e3o e suavilizar.<\/p>\n<p>\u2022 Utilizado para cortes de filme stretch, camada de caixa de papel\u00e3o, papel, fitilhos e abertura de caixas.<\/p>\n<p>\u2022 Acompanha L\u00e2mina 540 (3952.005) com 71.20mm de comprimento, 18mm de largura e 0.50mm de espessura<\/p>\n<p>https:\/\/youtu.be\/4KWcOsvvUy4<\/p>\n","protected":false},"excerpt":{"rendered":"<p><strong>O Estilete de Seguran\u00e7a Secunorm 540\u00a0Martor<\/strong> \u00e9 um estilete de seguran\u00e7a de alta qualidade e tesoura de seguran\u00e7a para maior seguran\u00e7a de corte.<\/p>\n","protected":false},"featured_media":5889,"template":"","meta":[],"product_brand":[],"product_cat":[39],"product_tag":[],"class_list":{"0":"post-5353","1":"product","2":"type-product","3":"status-publish","4":"has-post-thumbnail","6":"product_cat-estiletes-de-seguranca","8":"first","9":"instock","10":"purchasable","11":"product-type-simple"},"_links":{"self":[{"href":"https:\/\/abrasivoparainox.com.br\/index.php?rest_route=\/wp\/v2\/product\/5353","targetHints":{"allow":["GET"]}}],"collection":[{"href":"https:\/\/abrasivoparainox.com.br\/index.php?rest_route=\/wp\/v2\/product"}],"about":[{"href":"https:\/\/abrasivoparainox.com.br\/index.php?rest_route=\/wp\/v2\/types\/product"}],"wp:featuredmedia":[{"embeddable":true,"href":"https:\/\/abrasivoparainox.com.br\/index.php?rest_route=\/wp\/v2\/media\/5889"}],"wp:attachment":[{"href":"https:\/\/abrasivoparainox.com.br\/index.php?rest_route=%2Fwp%2Fv2%2Fmedia&parent=5353"}],"wp:term":[{"taxonomy":"product_brand","embeddable":true,"href":"https:\/\/abrasivoparainox.com.br\/index.php?rest_route=%2Fwp%2Fv2%2Fproduct_brand&post=5353"},{"taxonomy":"product_cat","embeddable":true,"href":"https:\/\/abrasivoparainox.com.br\/index.php?rest_route=%2Fwp%2Fv2%2Fproduct_cat&post=5353"},{"taxonomy":"product_tag","embeddable":true,"href":"https:\/\/abrasivoparainox.com.br\/index.php?rest_route=%2Fwp%2Fv2%2Fproduct_tag&post=5353"}],"curies":[{"name":"wp","href":"https:\/\/api.w.org\/{rel}","templated":true}]}}