{"id":5344,"date":"2022-06-29T19:37:29","date_gmt":"2022-06-29T22:37:29","guid":{"rendered":"https:\/\/abrasivoparainox.com.br\/product\/estilete-de-seguranca-secumax-150-descartavel-martor\/"},"modified":"2022-06-29T19:37:29","modified_gmt":"2022-06-29T22:37:29","slug":"estilete-de-seguranca-secumax-150-descartavel-martor","status":"publish","type":"product","link":"https:\/\/abrasivoparainox.com.br\/?product=estilete-de-seguranca-secumax-150-descartavel-martor","title":{"rendered":"Estilete de Seguran\u00e7a Secumax 150 Descart\u00e1vel &#8211; Martor"},"content":{"rendered":"<p><strong>O Estilete de Seguran\u00e7a Secumax 150 descart\u00e1vel<\/strong>\u00a0\u00e9 um estilete de seguran\u00e7a de alta qualidade e tesoura de seguran\u00e7a para maior seguran\u00e7a de corte. As t\u00e9cnicas de seguran\u00e7a incorporadas nos cortadores de seguran\u00e7a Martor incluem:<\/p>\n<p><strong>SECUMAX <\/strong>&#8211; L\u00e2mina oculta com prote\u00e7\u00e3o m\u00e1xima do trabalho;<\/p>\n<p><strong>SECUPRO<\/strong> &#8211; Estilete retr\u00e1til autom\u00e1tico com prote\u00e7\u00e3o de trabalho muito elevada;<\/p>\n<p><strong>SECUNORM <\/strong>&#8211; Estilete retr\u00e1til com prote\u00e7\u00e3o de trabalho elevada.<\/p>\n<p><strong>SOBRE O PRODUTO<\/strong><br \/>\nSECUMAX 150, o estilete de seguran\u00e7a da Martor ideal para voc\u00ea. O SECUMAX 150 domina v\u00e1rios desafios de uma vez. Seguran\u00e7a m\u00e1xima: a l\u00e2mina oculta n\u00e3o se aproxima demais nem de voc\u00ea nem da mercadoria. Versatilidade m\u00e1xima: com ele voc\u00ea pode cortar, raspar e rasgar \u2013 sem precisar de um segundo cortador. Conforto m\u00e1ximo: o SECUMAX 150 possui um formato ergon\u00f4mico e, com apenas 24 g, \u00e9 extremamente leve. Em resumo: a ferramenta de corte que voc\u00ea estava esperando.<\/p>\n<p>As ferramentas de corte profissionais contribuem para aumentar a seguran\u00e7a no trabalho e reduzir as les\u00f5es de corte, tornando uma parte importante do equipamento de prote\u00e7\u00e3o pessoal na ind\u00fastria, varejo, log\u00edstica e com\u00e9rcio.<\/p>\n<p>Medidas (C x L x A) 148 x 11 x 37.2 mm<\/p>\n<div>Peso do produto 24,4 g<\/div>\n<div>Profundidade de corte 6,2 mm<\/div>\n<div>Material B\u00e1sico Pl\u00e1stico refor\u00e7ado com fibra de vidro<\/div>\n<p><strong>L\u00c2MINA OCULTA &#8211; SEGURAN\u00c7A M\u00c1XIMA<\/strong><\/p>\n<p>A l\u00e2mina do SECUNORM 540\u00a0fica isolada do operador. Isso proporciona o mais alto grau de seguran\u00e7a contra ferimentos de corte e danos \u00e0s mercadorias.<\/p>\n<p><strong>PARA PESSOAS E MERCADORIA<\/strong><\/p>\n<p>A l\u00e2mina oculta protege o operador e a mercadoria de modo confi\u00e1vel. E a sua empresa? Tamb\u00e9m se beneficia quando tudo funciona sem problemas.<\/p>\n<p>Indicado para trabalhos de limpeza grosseira, como remo\u00e7\u00e3o de tinta, incrusta\u00e7\u00f5es, descolora\u00e7\u00e3o por calor, ferrugem e res\u00edduos de adesivo.<\/p>\n<p><strong>L\u00c2MINA 4 VEZES REUTILIZ\u00c1VEL<\/strong><\/p>\n<p>A l\u00e2mina possui dois gumes e quatro cantos afiados. Girando e virando, voc\u00ea quadruplica o tempo de uso e corta sempre como se ela fosse nova.<\/p>\n<p><strong>CABO ERGON\u00d4MICO<\/strong><\/p>\n<p>A sua ferramenta de corte \u00e9 continuamente utilizada? Nesse caso, \u00e9 ainda mais importante que o manuseio seja t\u00e3o confort\u00e1vel e pouco cansativo para voc\u00ea quanto poss\u00edvel. O cabo ergon\u00f4mico contribui para isso.<\/p>\n<p><strong>PARA FITAS ADESIVAS<\/strong><\/p>\n<p>Para que serve a plaqueta met\u00e1lica integrada na parte de cima do cabo? Experimente. Basta posicionar na fita adesiva do papel\u00e3o, perfurar e rasgar a fita com um pux\u00e3o. Simples assim.<\/p>\n<p><strong>RETRA\u00c7\u00c3O AUTOM\u00c1TICA DA L\u00c2MINA &#8211; ELEVADA SEGURAN\u00c7A<\/strong><br \/>\nA retra\u00e7\u00e3o autom\u00e1tica da l\u00e2mina garante-lhe um elevado n\u00edvel de seguran\u00e7a contra ferimentos de corte. Assim que tiver assumido o posicionamento para o corte, retire o polegar do mecanismo de deslizamento. Deste modo, \u00e9 poss\u00edvel que, imediatamente ap\u00f3s ser abandonado o material de corte, a l\u00e2mina volte para dentro do punho.<\/p>\n<p><strong>L\u00c2MINA LONGA E EST\u00c1VEL<\/strong><br \/>\nPor que nenhum cortador normal consegue acompanhar este aqui? Porque a l\u00e2mina do SECUMAX 150 distingue-se por um risco de quebra extremamente baixo. Ideal para abrir sacarias e para cortar folhas de papel em impress\u00e3o rotativa, por exemplo.<\/p>\n<p><strong>BOA CONDU\u00c7\u00c3O<\/strong><br \/>\nMais uma raz\u00e3o porque o SECUMAX 150 consegue cortar papel\u00f5es, por exemplo, com tanta facilidade? S\u00e3o as superf\u00edcies guia bem \u00e0 frente no cabo. Elas ajudam voc\u00ea a cortar de forma inclinada. E assim, a passar atrav\u00e9s do material mais facilmente<\/p>\n<p><strong>CABE\u00c7OTE DA L\u00c2MINA 3 EM 1<\/strong><br \/>\nQuando cada a\u00e7\u00e3o deve ser perfeita, \u00e9 necess\u00e1rio um ajudante vers\u00e1til \u2013 como o SECUMAX 150. Com ele voc\u00ea pode fazer mais do que cortar. Voc\u00ea tamb\u00e9m pode arrancar fitas adesivas e raspar res\u00edduos de superf\u00edcies lisas.<\/p>\n<p><strong>PARA DESTROS E CANHOTOS<\/strong><br \/>\nO SECUMAX 150 se encaixa em qualquer m\u00e3o. Se voc\u00ea for canhoto, basta virar a l\u00e2mina apenas uma vez no cabo \u2013 e a sua ferramenta de corte est\u00e1 pronta.<\/p>\n<p><strong>SEM SUBSTITUI\u00c7\u00c3O DA L\u00c2MINA<\/strong><br \/>\nO SECUMAX 150 \u00e9 um cortador descart\u00e1vel. Assim, a sua l\u00e2mina n\u00e3o pode ser perdida durante o trabalho \u2013 ou ferir voc\u00ea durante a substitui\u00e7\u00e3o. Voc\u00ea pode descartar o SECUMAX 150 facilmente no seu lixo comum.<\/p>\n<p>https:\/\/www.youtube.com\/watch?v=tDV3YQ3i3VA<\/p>\n","protected":false},"excerpt":{"rendered":"<p><strong>O Estilete de Seguran\u00e7a Secumax 150 descart\u00e1vel<\/strong>\u00a0\u00e9 um estilete de seguran\u00e7a de alta qualidade e tesoura de seguran\u00e7a para maior seguran\u00e7a de corte.<\/p>\n","protected":false},"featured_media":5873,"template":"","meta":[],"product_brand":[],"product_cat":[39],"product_tag":[],"class_list":{"0":"post-5344","1":"product","2":"type-product","3":"status-publish","4":"has-post-thumbnail","6":"product_cat-estiletes-de-seguranca","8":"first","9":"instock","10":"purchasable","11":"product-type-simple"},"_links":{"self":[{"href":"https:\/\/abrasivoparainox.com.br\/index.php?rest_route=\/wp\/v2\/product\/5344","targetHints":{"allow":["GET"]}}],"collection":[{"href":"https:\/\/abrasivoparainox.com.br\/index.php?rest_route=\/wp\/v2\/product"}],"about":[{"href":"https:\/\/abrasivoparainox.com.br\/index.php?rest_route=\/wp\/v2\/types\/product"}],"wp:featuredmedia":[{"embeddable":true,"href":"https:\/\/abrasivoparainox.com.br\/index.php?rest_route=\/wp\/v2\/media\/5873"}],"wp:attachment":[{"href":"https:\/\/abrasivoparainox.com.br\/index.php?rest_route=%2Fwp%2Fv2%2Fmedia&parent=5344"}],"wp:term":[{"taxonomy":"product_brand","embeddable":true,"href":"https:\/\/abrasivoparainox.com.br\/index.php?rest_route=%2Fwp%2Fv2%2Fproduct_brand&post=5344"},{"taxonomy":"product_cat","embeddable":true,"href":"https:\/\/abrasivoparainox.com.br\/index.php?rest_route=%2Fwp%2Fv2%2Fproduct_cat&post=5344"},{"taxonomy":"product_tag","embeddable":true,"href":"https:\/\/abrasivoparainox.com.br\/index.php?rest_route=%2Fwp%2Fv2%2Fproduct_tag&post=5344"}],"curies":[{"name":"wp","href":"https:\/\/api.w.org\/{rel}","templated":true}]}}