{"id":5331,"date":"2022-06-29T19:37:29","date_gmt":"2022-06-29T22:37:29","guid":{"rendered":"https:\/\/abrasivoparainox.com.br\/product\/disco-flap-115-pfr-limpo-clean-suryha\/"},"modified":"2022-06-29T19:37:29","modified_gmt":"2022-06-29T22:37:29","slug":"disco-flap-115-pfr-limpo-clean-suryha","status":"publish","type":"product","link":"https:\/\/abrasivoparainox.com.br\/?product=disco-flap-115-pfr-limpo-clean-suryha","title":{"rendered":"Disco Flap 115 PFR Limpo Clean &#8211; Suryha"},"content":{"rendered":"<p><strong>O Disco Flap Suryha Limpo Clean<\/strong> \u00e9 fabricado com um material de limpeza n\u00e3o tecido colado sobre uma base de tecido de vidro. Isso torna o produto adequado para uso na retifica\u00e7\u00e3o com a face para baixo.<\/p>\n<p>Indicado para trabalhos de limpeza grosseira, como remo\u00e7\u00e3o de tinta, incrusta\u00e7\u00f5es, descolora\u00e7\u00e3o por calor, ferrugem e res\u00edduos de adesivo.<\/p>\n<p><strong>Os Discos Limpo Clean Suryha<\/strong> exibem uma alta taxa de remo\u00e7\u00e3o de material com uma vida \u00fatil muito longa.<\/p>\n<p>Di\u00e2metro: 115mm<\/p>\n<p>Disco Flap PFC Suryah 115<\/p>\n<p>RPM 5.000 a 7.000<\/p>\n<p><strong>Montagem e Utiliza\u00e7\u00e3o<\/strong><\/p>\n<p>A montagem do Disco Flap PFR Suryah deve ser feita com flange met\u00e1lico, que se adapta ao rebaixo do flange do disco. Sua utiliza\u00e7\u00e3o deve acontecer em ferramentas especiais de alto poder de rota\u00e7\u00e3o, tais esmerilhadeiras, entre outras. A capacidade de sa\u00edda da m\u00e1quina a ser utilizada deve ser de 1.000 a 1.500 watts.<\/p>\n<p><strong>\u00c1reas de Aplica\u00e7\u00e3o<\/strong><\/p>\n<p>&#8211; Alum\u00ednio<\/p>\n<p>&#8211; Ligas \u00e0 base de cobalto<\/p>\n<p>&#8211; Outros metais n\u00e3o ferrosos<\/p>\n<p>&#8211; Materiais resistentes a altas temperaturas<\/p>\n<p>&#8211; Ligas \u00e0 base de n\u00edquel (por exemplo, Inconell e Hasteloy)<\/p>\n<p>&#8211; Bronze<\/p>\n<p>&#8211; Metal n\u00e3o ferroso duro<\/p>\n<p>&#8211; Tit\u00e2nio<\/p>\n<p>&#8211; Ligas de tit\u00e2nio<\/p>\n<p>&#8211; Cobre<\/p>\n<p>&#8211; Metal n\u00e3o ferroso macio<\/p>\n<p>&#8211; Lat\u00e3o<\/p>\n<p>&#8211; Zinco<\/p>\n<p>&#8211; A\u00e7o inoxid\u00e1vel (INOX)<\/p>\n<p>&#8211; Ferro fundido cinzento \/ nodular (GG \/ GJL, GGG \/ GJS)<\/p>\n<p>&#8211; Ferro fundido recozido<\/p>\n<p>&#8211; Termopl\u00e1sticos<\/p>\n<p>&#8211; Elast\u00f4meros<\/p>\n<p>&#8211; Duropl\u00e1sticos refor\u00e7ados com fibra (PRFV, PRFV)<\/p>\n<p>&#8211; A\u00e7os temperados e tratados termicamente acima de 1.200 N \/ mm2 (acima de 38 HRC)<\/p>\n<p>&#8211; Materiais de a\u00e7o com dureza acima de 54 HRC<\/p>\n<p>&#8211; A\u00e7o fundido<\/p>\n<p><strong>Ramos de Aplica\u00e7\u00e3o:<\/strong><\/p>\n<p>&#8211; Ind\u00fastrias Metal\u00fargicas<\/p>\n<p>&#8211; Ind\u00fastrias Cervejeiras<\/p>\n<p>&#8211; Ind\u00fastria de Latic\u00ednios<\/p>\n","protected":false},"excerpt":{"rendered":"<p><strong>O Disco Flap Suryha Limpo Clean<\/strong> \u00e9 fabricado com um material de limpeza n\u00e3o tecido colado sobre uma base de tecido de vidro. Isso torna o produto adequado para uso na retifica\u00e7\u00e3o com a face para baixo.<\/p>\n","protected":false},"featured_media":5961,"template":"","meta":[],"product_brand":[],"product_cat":[31],"product_tag":[],"class_list":{"0":"post-5331","1":"product","2":"type-product","3":"status-publish","4":"has-post-thumbnail","6":"product_cat-discos","8":"first","9":"instock","10":"purchasable","11":"product-type-simple"},"_links":{"self":[{"href":"https:\/\/abrasivoparainox.com.br\/index.php?rest_route=\/wp\/v2\/product\/5331","targetHints":{"allow":["GET"]}}],"collection":[{"href":"https:\/\/abrasivoparainox.com.br\/index.php?rest_route=\/wp\/v2\/product"}],"about":[{"href":"https:\/\/abrasivoparainox.com.br\/index.php?rest_route=\/wp\/v2\/types\/product"}],"wp:featuredmedia":[{"embeddable":true,"href":"https:\/\/abrasivoparainox.com.br\/index.php?rest_route=\/wp\/v2\/media\/5961"}],"wp:attachment":[{"href":"https:\/\/abrasivoparainox.com.br\/index.php?rest_route=%2Fwp%2Fv2%2Fmedia&parent=5331"}],"wp:term":[{"taxonomy":"product_brand","embeddable":true,"href":"https:\/\/abrasivoparainox.com.br\/index.php?rest_route=%2Fwp%2Fv2%2Fproduct_brand&post=5331"},{"taxonomy":"product_cat","embeddable":true,"href":"https:\/\/abrasivoparainox.com.br\/index.php?rest_route=%2Fwp%2Fv2%2Fproduct_cat&post=5331"},{"taxonomy":"product_tag","embeddable":true,"href":"https:\/\/abrasivoparainox.com.br\/index.php?rest_route=%2Fwp%2Fv2%2Fproduct_tag&post=5331"}],"curies":[{"name":"wp","href":"https:\/\/api.w.org\/{rel}","templated":true}]}}