{"id":5327,"date":"2022-06-29T19:37:15","date_gmt":"2022-06-29T22:37:15","guid":{"rendered":"https:\/\/abrasivoparainox.com.br\/product\/disco-de-manta-marrom-115x22-suryha\/"},"modified":"2022-06-29T19:37:15","modified_gmt":"2022-06-29T22:37:15","slug":"disco-de-manta-marrom-115x22-suryha","status":"publish","type":"product","link":"https:\/\/abrasivoparainox.com.br\/?product=disco-de-manta-marrom-115x22-suryha","title":{"rendered":"Disco de Manta Marrom 115&#215;22 &#8211; Suryha"},"content":{"rendered":"<p><strong>Disco de Manta Abrasiva<\/strong>\u00a0<strong>Marrom\u00a0<\/strong>\u00e9 um produto utilizado para diversas opera\u00e7\u00f5es, tais como: limpeza, acabamento e polimento de diversos tipos de superf\u00edcies. Ele \u00e9 utilizado em todos os tipos de maquinas port\u00e1teis, tipo esmerilhadeira respeitando as velocidades perif\u00e9ricas recomendas (80m\/s). Ele esta dispon\u00edvel em duas gramaturas para trabalhos de limpeza e acabamento: m\u00e9dio e grosso.<\/p>\n<p><strong>Di\u00e2metro<\/strong>: 115mm<\/p>\n<p><strong>Disco de Manta Marrom 115&#215;22 &#8211; Suryha<\/strong><\/p>\n<p><strong>\u00c1reas de Aplica\u00e7\u00e3o<\/strong><\/p>\n<p>&#8211; Metal Universal<br \/>\n&#8211; A\u00e7o<br \/>\n&#8211; A\u00e7o Inoxid\u00e1vel<\/p>\n<p><strong>Ramos de Aplica\u00e7\u00e3o:<\/strong><\/p>\n<p>&#8211; Ind\u00fastrias Metal\u00fargicas<br \/>\n&#8211; Ind\u00fastrias Cervejeiras<br \/>\n&#8211; Ind\u00fastria de Latic\u00ednios<\/p>\n<p><strong>Aplica\u00e7\u00f5es:<\/strong><\/p>\n<p>&#8211; Limpeza, desbaste e polimento em: a\u00e7o inox, a\u00e7o<br \/>\ncarbono, alum\u00ednio, metais ferrosos e n\u00e3o ferrosos em<br \/>\ngeral.<br \/>\n&#8211; Remove facilmente incrusta\u00e7\u00f5es, oxida\u00e7\u00e3o e a<br \/>\ncarboniza\u00e7\u00e3o residual (carepa) deixado pelo cord\u00e3o de<br \/>\nsolda e\/ ou cortes de plasma.<br \/>\n&#8211; Acabamentos em tubos.<br \/>\n&#8211; Remo\u00e7\u00e3o de descolora\u00e7\u00f5es em inox.<br \/>\n&#8211; Limpeza e polimento de pe\u00e7as em inox.<br \/>\n&#8211; Acabamentos na produ\u00e7\u00e3o de tanques.<\/p>\n","protected":false},"excerpt":{"rendered":"<p><strong>Disco de Manta Abrasiva<\/strong>\u00a0<strong>Marrom\u00a0<\/strong>\u00e9 um produto utilizado para diversas opera\u00e7\u00f5es, tais como: limpeza, acabamento e polimento de diversos tipos de superf\u00edcies.<\/p>\n","protected":false},"featured_media":5974,"template":"","meta":[],"product_brand":[],"product_cat":[37,31],"product_tag":[],"class_list":{"0":"post-5327","1":"product","2":"type-product","3":"status-publish","4":"has-post-thumbnail","6":"product_cat-disco-de-manta","7":"product_cat-discos","9":"first","10":"instock","11":"purchasable","12":"product-type-simple"},"_links":{"self":[{"href":"https:\/\/abrasivoparainox.com.br\/index.php?rest_route=\/wp\/v2\/product\/5327","targetHints":{"allow":["GET"]}}],"collection":[{"href":"https:\/\/abrasivoparainox.com.br\/index.php?rest_route=\/wp\/v2\/product"}],"about":[{"href":"https:\/\/abrasivoparainox.com.br\/index.php?rest_route=\/wp\/v2\/types\/product"}],"wp:featuredmedia":[{"embeddable":true,"href":"https:\/\/abrasivoparainox.com.br\/index.php?rest_route=\/wp\/v2\/media\/5974"}],"wp:attachment":[{"href":"https:\/\/abrasivoparainox.com.br\/index.php?rest_route=%2Fwp%2Fv2%2Fmedia&parent=5327"}],"wp:term":[{"taxonomy":"product_brand","embeddable":true,"href":"https:\/\/abrasivoparainox.com.br\/index.php?rest_route=%2Fwp%2Fv2%2Fproduct_brand&post=5327"},{"taxonomy":"product_cat","embeddable":true,"href":"https:\/\/abrasivoparainox.com.br\/index.php?rest_route=%2Fwp%2Fv2%2Fproduct_cat&post=5327"},{"taxonomy":"product_tag","embeddable":true,"href":"https:\/\/abrasivoparainox.com.br\/index.php?rest_route=%2Fwp%2Fv2%2Fproduct_tag&post=5327"}],"curies":[{"name":"wp","href":"https:\/\/api.w.org\/{rel}","templated":true}]}}