{"id":5317,"date":"2022-06-29T19:37:15","date_gmt":"2022-06-29T22:37:15","guid":{"rendered":"https:\/\/abrasivoparainox.com.br\/product\/disco-de-desbaste-180x7x2223-inox-suryha\/"},"modified":"2022-06-29T19:37:15","modified_gmt":"2022-06-29T22:37:15","slug":"disco-de-desbaste-180x7x2223-inox-suryha","status":"publish","type":"product","link":"https:\/\/abrasivoparainox.com.br\/?product=disco-de-desbaste-180x7x2223-inox-suryha","title":{"rendered":"Disco de Desbaste 180x7x22,23 Inox &#8211; Suryha"},"content":{"rendered":"<p>Os discos de\u00a0<strong>Desbaste Suryah<\/strong> s\u00e3o produzido com materiais de alta qualidade oferecendo resist\u00eancia e durabilidade, al\u00e9m de alta velocidade nas aplica\u00e7\u00f5es. <strong>O Discos de Desbaste da Suryah<\/strong> s\u00e3o ideais para o uso geral em metais, a\u00e7o e a\u00e7o inoxid\u00e1vel. Progresso r\u00e1pido do trabalho devido ao alto desempenho de corte e desbaste\u00a0 al\u00e9m de m\u00e1xima efici\u00eancia econ\u00f4mica devido \u00e0 longa vida \u00fatil do disco.<\/p>\n<p>Di\u00e2metro: 180mm<br \/>\nEspessura: 7mm<br \/>\nFuro: 22,23<br \/>\n<strong>Disco de Desbaste 180x7x22,23<\/strong><\/p>\n<p>As aplica\u00e7\u00f5es do <strong>Disco de\u00a0Desbaste 180X7X22,23 da Suryha <\/strong>s\u00e3o essenciais para o processamento de\u00a0desbaste em a\u00e7o e a\u00e7o inoxid\u00e1vel.<\/p>\n<p><strong>Montagem e Utiliza\u00e7\u00e3o<\/strong><\/p>\n<p>A montagem do Disco Desbaste\u00a0deve ser feita com flange met\u00e1lico, que se adapta ao rebaixo do flange do disco. Sua utiliza\u00e7\u00e3o deve acontecer em ferramentas especiais de alto poder de rota\u00e7\u00e3o, tais esmerilhadeiras, entre outras. A capacidade de sa\u00edda da m\u00e1quina a ser utilizada deve ser de 1.000 a 1.500 watts.<\/p>\n<p><strong>\u00c1reas de Aplica\u00e7\u00e3o<\/strong><\/p>\n<p>&#8211; Metal Universal<br \/>\n&#8211; A\u00e7o<br \/>\n&#8211; A\u00e7o Inoxid\u00e1vel<\/p>\n<p><strong>Ramos de Aplica\u00e7\u00e3o:<\/strong><\/p>\n<p>&#8211; Ind\u00fastrias Metal\u00fargicas<br \/>\n&#8211; Ind\u00fastrias Cervejeiras<br \/>\n&#8211; Ind\u00fastria de Latic\u00ednios<\/p>\n","protected":false},"excerpt":{"rendered":"<p>As aplica\u00e7\u00f5es do <strong>Disco de\u00a0Desbaste 180X7X22,23 da Suryha <\/strong>s\u00e3o essenciais para o processamento de\u00a0desbaste em a\u00e7o e a\u00e7o inoxid\u00e1vel.<\/p>\n","protected":false},"featured_media":5991,"template":"","meta":[],"product_brand":[],"product_cat":[36,31],"product_tag":[],"class_list":{"0":"post-5317","1":"product","2":"type-product","3":"status-publish","4":"has-post-thumbnail","6":"product_cat-disco-de-desbaste","7":"product_cat-discos","9":"first","10":"instock","11":"purchasable","12":"product-type-simple"},"_links":{"self":[{"href":"https:\/\/abrasivoparainox.com.br\/index.php?rest_route=\/wp\/v2\/product\/5317","targetHints":{"allow":["GET"]}}],"collection":[{"href":"https:\/\/abrasivoparainox.com.br\/index.php?rest_route=\/wp\/v2\/product"}],"about":[{"href":"https:\/\/abrasivoparainox.com.br\/index.php?rest_route=\/wp\/v2\/types\/product"}],"wp:featuredmedia":[{"embeddable":true,"href":"https:\/\/abrasivoparainox.com.br\/index.php?rest_route=\/wp\/v2\/media\/5991"}],"wp:attachment":[{"href":"https:\/\/abrasivoparainox.com.br\/index.php?rest_route=%2Fwp%2Fv2%2Fmedia&parent=5317"}],"wp:term":[{"taxonomy":"product_brand","embeddable":true,"href":"https:\/\/abrasivoparainox.com.br\/index.php?rest_route=%2Fwp%2Fv2%2Fproduct_brand&post=5317"},{"taxonomy":"product_cat","embeddable":true,"href":"https:\/\/abrasivoparainox.com.br\/index.php?rest_route=%2Fwp%2Fv2%2Fproduct_cat&post=5317"},{"taxonomy":"product_tag","embeddable":true,"href":"https:\/\/abrasivoparainox.com.br\/index.php?rest_route=%2Fwp%2Fv2%2Fproduct_tag&post=5317"}],"curies":[{"name":"wp","href":"https:\/\/api.w.org\/{rel}","templated":true}]}}