{"id":3707,"date":"2022-06-29T16:58:56","date_gmt":"2022-06-29T19:58:56","guid":{"rendered":"https:\/\/abrasivoparainox.com.br\/?post_type=product&amp;p=3707"},"modified":"2022-06-29T16:58:56","modified_gmt":"2022-06-29T19:58:56","slug":"disco-compact-70x6x6-medio","status":"publish","type":"product","link":"https:\/\/abrasivoparainox.com.br\/?product=disco-compact-70x6x6-medio","title":{"rendered":"Disco Compact 70X6X6 M\u00e9dio &#8211; Suryha"},"content":{"rendered":"<div class=\"row-fluid\">\n<div class=\"span12\">\n<div class=\"abas-custom\">\n<div class=\"tab-content\">\n<div id=\"descricao\" class=\"tab-pane active\">\n<p>Os\u00a0<strong>discos Compact Suryha<\/strong>\u00a0s\u00e3o ideais para trabalhos de limpeza e acabamentos de canto soldados. Ele possibilita leves desbastes utilizando vers\u00f5es de maior dureza e para maiores acabamentos, utilizar vers\u00f5es mais macias.<\/p>\n<p>Di\u00e2metro: 70mm<br \/>\nDisco Compact 70X6X6 M\u00e9dio<\/p>\n<p>As aplica\u00e7\u00f5es do\u00a0<strong>Disco Compact 70X6X6 M\u00e9dio\u00a0da Suryha<\/strong>\u00a0s\u00e3o essenciais para a remo\u00e7\u00e3o de rebarbas, riscos pesados e limpeza de cord\u00f5es de solda e oxida\u00e7\u00e3o.<\/p>\n<p><strong>Montagem e Utiliza\u00e7\u00e3o<\/strong><\/p>\n<p>A montagem do Disco Compact deve ser feita com flange met\u00e1lico, que se adapta ao rebaixo do flange do disco. Sua utiliza\u00e7\u00e3o deve acontecer em ferramentas especiais de alto poder de rota\u00e7\u00e3o, tais esmerilhadeiras, entre outras. A capacidade de sa\u00edda da m\u00e1quina a ser utilizada deve ser de 1.000 a 1.500 watts.<\/p>\n<p><strong>\u00c1reas de Aplica\u00e7\u00e3o<\/strong><\/p>\n<p>&#8211; Metal Universal<br \/>\n&#8211; A\u00e7o<br \/>\n&#8211; A\u00e7o Inoxid\u00e1vel<\/p>\n<p><strong>Ramos de Aplica\u00e7\u00e3o:<\/strong><\/p>\n<p>&#8211; Ind\u00fastrias Metal\u00fargicas<br \/>\n&#8211; Ind\u00fastrias Cervejeiras<br \/>\n&#8211; Ind\u00fastria de Latic\u00ednios<\/p>\n<\/div>\n<\/div>\n<\/div>\n<\/div>\n<\/div>\n<div class=\"row-fluid\">\n<div class=\"span12\">\n<div id=\"smarthint-product-position3\"><\/div>\n<div id=\"blank-product-position3\"><\/div>\n<div class=\"listagem aproveite-tambem borda-alpha\">\n<h4 class=\"titulo cor-secundaria\"><\/h4>\n<\/div>\n<\/div>\n<\/div>\n","protected":false},"excerpt":{"rendered":"<p>As aplica\u00e7\u00f5es do\u00a0<strong>Disco Compact 70X6X6 M\u00e9dio\u00a0da Suryha<\/strong>\u00a0s\u00e3o essenciais para a remo\u00e7\u00e3o de rebarbas, riscos pesados e limpeza de cord\u00f5es de solda e oxida\u00e7\u00e3o.<\/p>\n","protected":false},"featured_media":6834,"template":"","meta":[],"product_brand":[],"product_cat":[34,31],"product_tag":[],"class_list":{"0":"post-3707","1":"product","2":"type-product","3":"status-publish","4":"has-post-thumbnail","6":"product_cat-disco-flap-compact","7":"product_cat-discos","9":"first","10":"instock","11":"shipping-taxable","12":"purchasable","13":"product-type-simple"},"_links":{"self":[{"href":"https:\/\/abrasivoparainox.com.br\/index.php?rest_route=\/wp\/v2\/product\/3707","targetHints":{"allow":["GET"]}}],"collection":[{"href":"https:\/\/abrasivoparainox.com.br\/index.php?rest_route=\/wp\/v2\/product"}],"about":[{"href":"https:\/\/abrasivoparainox.com.br\/index.php?rest_route=\/wp\/v2\/types\/product"}],"wp:featuredmedia":[{"embeddable":true,"href":"https:\/\/abrasivoparainox.com.br\/index.php?rest_route=\/wp\/v2\/media\/6834"}],"wp:attachment":[{"href":"https:\/\/abrasivoparainox.com.br\/index.php?rest_route=%2Fwp%2Fv2%2Fmedia&parent=3707"}],"wp:term":[{"taxonomy":"product_brand","embeddable":true,"href":"https:\/\/abrasivoparainox.com.br\/index.php?rest_route=%2Fwp%2Fv2%2Fproduct_brand&post=3707"},{"taxonomy":"product_cat","embeddable":true,"href":"https:\/\/abrasivoparainox.com.br\/index.php?rest_route=%2Fwp%2Fv2%2Fproduct_cat&post=3707"},{"taxonomy":"product_tag","embeddable":true,"href":"https:\/\/abrasivoparainox.com.br\/index.php?rest_route=%2Fwp%2Fv2%2Fproduct_tag&post=3707"}],"curies":[{"name":"wp","href":"https:\/\/api.w.org\/{rel}","templated":true}]}}